{"id":2460,"date":"2017-07-31T16:27:53","date_gmt":"2017-07-31T16:27:53","guid":{"rendered":"https:\/\/freshairadventure.com\/la-baie-de-fundy\/"},"modified":"2017-08-14T20:05:55","modified_gmt":"2017-08-14T20:05:55","slug":"la-baie-de-fundy","status":"publish","type":"page","link":"https:\/\/freshairadventure.com\/fr\/la-baie-de-fundy\/","title":{"rendered":"La baie de Fundy"},"content":{"rendered":"<div class=\"wpb-content-wrapper\"><p>[vc_row][vc_column][vc_column_text]<\/p>\n<h3 class=\"p1\">La baie de Fundy Sup\u00e9rieur-La route du littoral de Fundy<\/h3>\n<p>Nous esp\u00e9rons que cette page vous aidera \u00e0 planifier votre visite \u00e0 notre partie du Nouveau Brunswick et la baie de Fundy. Il y a le kayak de mer, les sentiers de randonn\u00e9e, l&rsquo;\u00e9quitation, les oiseaux \u00e0 observer, le golf, l&rsquo;exploration des cavernes, les mus\u00e9es, les studios artisans et la c\u00f4te jamais habit\u00e9 la plus longue en l&rsquo;Am\u00e9rique du Nord.<br \/>\n<img loading=\"lazy\" decoding=\"async\" class=\"aligncenter size-large wp-image-1557\" src=\"https:\/\/freshairadventure.com\/wp-content\/uploads\/2017\/02\/FundyScenicDriveMap_En-1024x683.jpg\" alt=\"\" width=\"748\" height=\"499\" srcset=\"https:\/\/freshairadventure.com\/wp-content\/uploads\/2017\/02\/FundyScenicDriveMap_En-1024x683.jpg 1024w, https:\/\/freshairadventure.com\/wp-content\/uploads\/2017\/02\/FundyScenicDriveMap_En-531x354.jpg 531w, https:\/\/freshairadventure.com\/wp-content\/uploads\/2017\/02\/FundyScenicDriveMap_En-180x120.jpg 180w, https:\/\/freshairadventure.com\/wp-content\/uploads\/2017\/02\/FundyScenicDriveMap_En-600x400.jpg 600w, https:\/\/freshairadventure.com\/wp-content\/uploads\/2017\/02\/FundyScenicDriveMap_En-300x200.jpg 300w, https:\/\/freshairadventure.com\/wp-content\/uploads\/2017\/02\/FundyScenicDriveMap_En-768x512.jpg 768w, https:\/\/freshairadventure.com\/wp-content\/uploads\/2017\/02\/FundyScenicDriveMap_En.jpg 1296w\" sizes=\"auto, (max-width: 748px) 100vw, 748px\" \/><\/p>\n<p>&nbsp;<\/p>\n<p>&nbsp;[\/vc_column_text][vc_tta_tabs active_section=\u00a0\u00bb1&Prime; title=\u00a0\u00bbActivities\u00a0\u00bb][vc_tta_section title=\u00a0\u00bbActivities\u00a0\u00bb tab_id=\u00a0\u00bb1490779651292-8e8af30a-fc25&Prime;][vc_column_text]&nbsp;<\/p>\n<ul>\n<li class=\"mceTemp\">\n<figure id=\"attachment_1559\" aria-describedby=\"caption-attachment-1559\" style=\"width: 200px\" class=\"wp-caption alignright\"><img loading=\"lazy\" decoding=\"async\" class=\"size-medium wp-image-1559\" src=\"https:\/\/freshairadventure.com\/wp-content\/uploads\/2017\/03\/abseiling-at-cape-enrage-2-200x300.jpg\" alt=\"\" width=\"200\" height=\"300\" srcset=\"https:\/\/freshairadventure.com\/wp-content\/uploads\/2017\/03\/abseiling-at-cape-enrage-2-200x300.jpg 200w, https:\/\/freshairadventure.com\/wp-content\/uploads\/2017\/03\/abseiling-at-cape-enrage-2.jpg 533w\" sizes=\"auto, (max-width: 200px) 100vw, 200px\" \/><figcaption id=\"caption-attachment-1559\" class=\"wp-caption-text\">Le decente en rappel \u00e0 Cap Enrag\u00e9<\/figcaption><\/figure>\n<ul>\n<li><a href=\"http:\/\/www.freshairadventure.com\/\">FreshAir Adventure<\/a>: les sorties en kayak marine guid\u00e9es sur les mar\u00e9es les plus hautes au monde.<\/li>\n<li><a href=\"http:\/\/www.greensnaketrails.ca\/\">Le sentier Green Snake<\/a>: Vous peut-\u00eatre aimerait essayer le nouveau sentier de randonn\u00e9e et de v\u00e9lo \u00e0 Alma.<\/li>\n<li><span class=\"s3\"><a href=\"http:\/\/www.fundylobster.com\/\">Butlands Pound:\u00a0<\/a><\/span>\u00a0les fruits de mer frais. L&rsquo;homard en vie et cuit.<\/li>\n<li><span class=\"s3\"><a href=\"http:\/\/www.thankfultoo.com\/\">Thankful Too Family Fisheries<\/a><\/span>: achetez un homard justement cuit et mangez-le en regardant la monte et le base de la baie.<\/li>\n<li><a href=\"http:\/\/www.pc.gc.ca\/pn-np\/nb\/fundy\/index_E.asp\">Le Parc national Fundy<\/a>: la randonn\u00e9e, l&rsquo;observation des oiseaux, le camping&#8230;<\/li>\n<li><span class=\"s3\"><a href=\"http:\/\/www.watersidewinery.ca\/\">Waterside Winery<\/a><\/span><span class=\"s1\">:<\/span>: visitez un chalet situ\u00e9 en Waterside- il sp\u00e9cialise dans les vines de bluets et de rhubarbes.<\/li>\n<li>\u00a0<span class=\"s3\"><a href=\"http:\/\/www.nbrm.ca\/en\/index.shtml\">Le chemin de fer Salem et Hillsborough:<\/a><\/span><span class=\"s1\">\u00a0<\/span>Le mus\u00e9e de chemin de fer du Nouveau Brunswick- situ\u00e9 \u00e0 Hillsborough.<\/li>\n<li><a href=\"http:\/\/www.baymountadventures.com\/\">Baymount Adventures<\/a>: L&rsquo;exploration des cavernes et le kayak de mer.<\/li>\n<li><a href=\"http:\/\/www.albertcountymuseum.ca\/\">Le Mus\u00e9e Albert County<\/a>: visitez pour d\u00e9couvrir une pi\u00e8ce de notre histoire. Les activit\u00e9s pour toute la famille sont offertes.<\/li>\n<li><a href=\"http:\/\/www.roads2sea.com\/\">Les tours guid\u00e9es Roads To Sea:\u00a0<\/a>Les tours guid\u00e9es Roads To Sea: un tour de conduite qui passe par Albert County, les rochers Hopewell, le Parc national Fundy, le Cap Enrag\u00e9 et plus.<\/li>\n<li><span class=\"s3\"><a href=\"http:\/\/www.broadleafranch.com\/\">Broadleaf Guest Ranch<\/a><\/span>: L&rsquo;\u00e9quitation et plus.<\/li>\n<li><span class=\"s3\"><a href=\"http:\/\/www.thehopewellrocks.ca\/\">Les rochers Hopewell<\/a><\/span>: \u201dles pots de fleurs\u201d form\u00e9s par les mar\u00e9es.<\/li>\n<\/ul>\n<ul>\n<li><a href=\"http:\/\/www.golfnb.com\/fundy1.html\">Le terrain de golfe Fundy<\/a>: situ\u00e9 dans le Parc national Fundy- sur la baie de Fundy.<\/li>\n<li><span class=\"s3\"><a href=\"http:\/\/www.fundytrailparkway.com\/\">La route du sentier Fundy<\/a><\/span>: prenez un voyage panoramique \u00e0 Saint Martins et visionnez la c\u00f4te spectaculaire la route et les sentiers r\u00e9cemment d\u00e9velopp\u00e9s.<\/li>\n<li><span class=\"s3\"><a href=\"http:\/\/www.capenrage.com\/\">Le Cap Enrag\u00e9:<\/a><\/span><span class=\"s1\">\u00a0<\/span>\u00a0les aventures de plein air avec une vue.<\/li>\n<li><span class=\"s3\"><a href=\"http:\/\/www.shepodyhuntingpreserve.com\/\">a r\u00e9serve de chasse Shepody:<\/a><\/span><span class=\"s1\">\u00a0<\/span>400 acres de la chasse de grouse, de perdrix et de faisan. En plus, vous pouvez aussi observer les oiseaux.<\/li>\n<\/ul>\n<ul>\n<li><a href=\"http:\/\/www.horsesofeden.com\/\">Horses of Eden<\/a>: L&rsquo;entra\u00eenement, les cours et les consultations d&rsquo;\u00e9quitation- leur sp\u00e9cialit\u00e9 est les cheveux des rocheuse.<\/li>\n<li><a href=\"http:\/\/www.fundyfootpath.info\/\">Le sentier Fundy <\/a>: 41 km de la randonn\u00e9e la plus spectaculaire au Nouveau-Brunswick<\/li>\n<\/ul>\n<\/li>\n<\/ul>\n<p>&nbsp;[\/vc_column_text][\/vc_tta_section][vc_tta_section title=\u00a0\u00bbLes ateliers \u00a0\u00bb tab_id=\u00a0\u00bb1490779816452-082af3c8-73ec\u00a0\u00bb][vc_column_text]&nbsp;<\/p>\n<ul>\n<li style=\"font-weight: 400;\"><a href=\"http:\/\/www.studioonthemarsh.com\/\"><span style=\"font-weight: 400;\">Studio On The Marsh:<\/span><\/a><span style=\"font-weight: 400;\"> Visitez l&rsquo;atelier du peintre naturaliste Lars Larson au Mary&rsquo;s Point.<\/span><\/li>\n<li style=\"font-weight: 400;\"><a href=\"http:\/\/wendyjohnstonpottery.com\/index.html\"><span style=\"font-weight: 400;\">Wendy Johnson\u2019s Pottery:<\/span><\/a><span style=\"font-weight: 400;\"> Les styles merveilleux de potterie. Passez- l\u00e0 en allant \u00e0 Alma<\/span><\/li>\n<li style=\"font-weight: 400;\"><a href=\"http:\/\/www.albertcountytourism.com\/business.asp?BID=11\"><span style=\"font-weight: 400;\">Studio Maza Glassblowing: <\/span><\/a><span style=\"font-weight: 400;\">\u00a0L&rsquo;atelier de Maza&rsquo;s Glass Blowing vous invitez \u00e0 une d\u00e9monstration de l&rsquo;art ancien de du soufflage de verre. Vous auriez aussi la chance d&rsquo;acheter les ornements et les bassins qui ont \u00e9t\u00e9 cr\u00e9er sur le site.<\/span><\/li>\n<\/ul>\n<p><img loading=\"lazy\" decoding=\"async\" class=\"aligncenter wp-image-1561 size-medium\" src=\"https:\/\/freshairadventure.com\/wp-content\/uploads\/2017\/03\/Winery-sign-300x225.jpg\" alt=\"\" width=\"300\" height=\"225\" srcset=\"https:\/\/freshairadventure.com\/wp-content\/uploads\/2017\/03\/Winery-sign-300x225.jpg 300w, https:\/\/freshairadventure.com\/wp-content\/uploads\/2017\/03\/Winery-sign.jpg 600w, https:\/\/freshairadventure.com\/wp-content\/uploads\/2017\/03\/Winery-sign-400x300.jpg 400w\" sizes=\"auto, (max-width: 300px) 100vw, 300px\" \/><\/p>\n<p><img loading=\"lazy\" decoding=\"async\" class=\"aligncenter wp-image-1560 size-medium\" src=\"https:\/\/freshairadventure.com\/wp-content\/uploads\/2017\/03\/Waterside-Wine-300x169.jpg\" alt=\"\" width=\"300\" height=\"169\" srcset=\"https:\/\/freshairadventure.com\/wp-content\/uploads\/2017\/03\/Waterside-Wine-300x169.jpg 300w, https:\/\/freshairadventure.com\/wp-content\/uploads\/2017\/03\/Waterside-Wine-600x338.jpg 600w, https:\/\/freshairadventure.com\/wp-content\/uploads\/2017\/03\/Waterside-Wine.jpg 750w\" sizes=\"auto, (max-width: 300px) 100vw, 300px\" \/><\/p>\n<ul>\n<li><a href=\"http:\/\/www.watersidewinery.ca\/\"><span style=\"font-weight: 400;\">Waterside Winery<\/span><\/a><span style=\"font-weight: 400;\">:: visitez un chalet situ\u00e9 en Waterside- il sp\u00e9cialise dans les vines de bluets et de rhubarbes.<\/span><\/li>\n<li style=\"font-weight: 400;\"><a href=\"http:\/\/www.tansylane.com\/\"><span style=\"font-weight: 400;\">Tansy Lane<\/span><\/a><span style=\"font-weight: 400;\">: Une ligne exclusive de confitures \u00e0 bases de plantes, les vinaigres et les produits de soigne du corps cr\u00e9er de leur jardin d&rsquo;herbe de patrimoine familial.<\/span><\/li>\n<li style=\"font-weight: 400;\"><a href=\"http:\/\/albertcountyclayco.com\/\"><span style=\"font-weight: 400;\">Albert County Clay Company<\/span><\/a><span style=\"font-weight: 400;\">: a clay de la baie de Fundy est trait\u00e9 \u00e0 la main en utilisant les techniques de la m\u00e8re-patrie, qui ont \u00e9t\u00e9 modifi\u00e9 pour servir les propri\u00e9t\u00e9s uniques de la clay.<\/span><\/li>\n<li style=\"font-weight: 400;\"><a href=\"http:\/\/www.fundyguild.ca\/\"><span style=\"font-weight: 400;\">La guilde de Fundy:<\/span><\/a><span style=\"font-weight: 400;\"> \u00a0Situ\u00e9 dans le centre des visiteurs du Parc national Fundy, la guilde de Fundy abrite la plus grande librairie de livres de nature au Nouveau Brunswick. La librairie de la guilde Fundy aussi porte les jeux, les puzzles, les marionnettes, les souvenirs et les v\u00eatements. \u00a0<\/span><\/li>\n<\/ul>\n<p>&nbsp;[\/vc_column_text][\/vc_tta_section][vc_tta_section title=\u00a0\u00bbLes communaut\u00e9s voisines\u00a0\u00bb tab_id=\u00a0\u00bb1490780618107-3aebaf39-5f24&Prime;][vc_column_text]<img loading=\"lazy\" decoding=\"async\" class=\"aligncenter size-full wp-image-1566\" src=\"https:\/\/freshairadventure.com\/wp-content\/uploads\/2017\/03\/balloon-festival.jpg\" alt=\"\" width=\"600\" height=\"330\" srcset=\"https:\/\/freshairadventure.com\/wp-content\/uploads\/2017\/03\/balloon-festival.jpg 600w, https:\/\/freshairadventure.com\/wp-content\/uploads\/2017\/03\/balloon-festival-300x165.jpg 300w\" sizes=\"auto, (max-width: 600px) 100vw, 600px\" \/><\/p>\n<ul>\n<li style=\"font-weight: 400;\"><a href=\"http:\/\/www.almanb.ca\/\"><span style=\"font-weight: 400;\">Le village d&rsquo;Alma: <\/span><\/a><span style=\"font-weight: 400;\">C&rsquo;est possible que la page d&rsquo;accueil soit sous construction.<\/span><\/li>\n<li style=\"font-weight: 400;\"><a href=\"http:\/\/www.riverside-albert.ca\/\"><span style=\"font-weight: 400;\">Le village de Riverside \u2013 Albert: <\/span><\/a><span style=\"font-weight: 400;\">\u00a0Un village attirant avec une \u00e9cole historique et les sentiers tr\u00e8s pr\u00e8s d&rsquo;ici.<\/span><\/li>\n<li style=\"font-weight: 400;\"><a href=\"http:\/\/www.townofsussex.com\/\"><span style=\"font-weight: 400;\">La ville de Sussex:<\/span><\/a><span style=\"font-weight: 400;\"> Le festival de montgolfi\u00e8res et la capitale des produits laitiers du Nouveau Brunswick.<\/span><\/li>\n<li style=\"font-weight: 400;\"><a href=\"http:\/\/www.gomoncton.com\/\"><span style=\"font-weight: 400;\">La ville de Moncton: <\/span><\/a><span style=\"font-weight: 400;\">\u00a0le magasinage, les services, un a\u00e9roport et plus.<\/span><\/li>\n<\/ul>\n<p>[\/vc_column_text][\/vc_tta_section][vc_tta_section title=\u00a0\u00bb\u00c0 pros pos du Nouveau Brunswick \u00a0\u00bb tab_id=\u00a0\u00bb1490780760812-1a3f76e9-2dce\u00a0\u00bb][vc_column_text]<a href=\"http:\/\/www.tourismnewbrunswick.ca\/\"><span style=\"font-weight: 400;\">Le tourisme du Nouveau Brunswick: <\/span><\/a><span style=\"font-weight: 400;\">Le page officiel du tourisme du Nouveau Brunswick. <\/span><\/p>\n<p><a href=\"http:\/\/www.fundy-biosphere.ca\/\"><span style=\"font-weight: 400;\">La r\u00e9serve de biosph\u00e8re de la baie de Fundy: \u00a0<\/span><\/a><span style=\"font-weight: 400;\">La r\u00e9serve de biosph\u00e8re L&rsquo;UNESCO <\/span><\/p>\n<p><a href=\"http:\/\/www.gnb.ca\/0113\/coveredbridges\/coveredbridges-e.asp\"><span style=\"font-weight: 400;\">Le gouvernement du Nouveau Brunswick: \u00a0<\/span><\/a><span style=\"font-weight: 400;\">Les ponts couverts du Nouveau Brunswick. <\/span><\/p>\n<p><a href=\"http:\/\/new-brunswick.net\/\"><span style=\"font-weight: 400;\">New-Brunswick.Net:<\/span><\/a><span style=\"font-weight: 400;\"> Un source d&rsquo;info pour les visiteurs du Nouveau Brunswick. <\/span><\/p>\n<p><a href=\"http:\/\/www.sentiernbtrail.com\"><span style=\"font-weight: 400;\">New Brunswick Trails \/ Sentier NB Trails<\/span><\/a><span style=\"font-weight: 400;\">: L&rsquo;info sur les sentiers du Nouveau Brunswick. \u00a0<\/span><\/p>\n<p><a href=\"http:\/\/www.golfnb.com\/\"><span style=\"font-weight: 400;\">Le golfe du Nouveau Brunswick: \u00a0<\/span><\/a><span style=\"font-weight: 400;\">Le site officiel du golfe du Nouveau Brunswick. \u00a0<\/span>[\/vc_column_text][\/vc_tta_section][\/vc_tta_tabs][\/vc_column][\/vc_row]<\/p>\n<\/div>","protected":false},"excerpt":{"rendered":"<p>[vc_row][vc_column][vc_column_text] La baie de Fundy Sup\u00e9rieur-La route du littoral de Fundy Nous esp\u00e9rons que cette page vous aidera \u00e0 planifier votre visite \u00e0 notre partie du Nouveau Brunswick et la baie de Fundy. Il y a le kayak de mer, les sentiers de randonn\u00e9e, l&rsquo;\u00e9quitation, les oiseaux \u00e0 observer, le golf, l&rsquo;exploration des cavernes, les<\/p>\n<div class=\"padding-top text-center\"><a href=\"https:\/\/freshairadventure.com\/fr\/la-baie-de-fundy\/\" class=\"atbtn atbtn--medium atbtn--rounded atbtn--transparent\">Read more<i class=\"atbtn__icon atbtn__icon--right fa fa-long-arrow-right\"><\/i><\/a><\/div>\n","protected":false},"author":1,"featured_media":0,"parent":0,"menu_order":0,"comment_status":"closed","ping_status":"closed","template":"","meta":{"_eb_attr":"","_monsterinsights_skip_tracking":false,"_monsterinsights_sitenote_active":false,"_monsterinsights_sitenote_note":"","_monsterinsights_sitenote_category":0,"footnotes":""},"class_list":["post-2460","page","type-page","status-publish","hentry"],"aioseo_notices":[],"_links":{"self":[{"href":"https:\/\/freshairadventure.com\/fr\/wp-json\/wp\/v2\/pages\/2460","targetHints":{"allow":["GET"]}}],"collection":[{"href":"https:\/\/freshairadventure.com\/fr\/wp-json\/wp\/v2\/pages"}],"about":[{"href":"https:\/\/freshairadventure.com\/fr\/wp-json\/wp\/v2\/types\/page"}],"author":[{"embeddable":true,"href":"https:\/\/freshairadventure.com\/fr\/wp-json\/wp\/v2\/users\/1"}],"replies":[{"embeddable":true,"href":"https:\/\/freshairadventure.com\/fr\/wp-json\/wp\/v2\/comments?post=2460"}],"version-history":[{"count":18,"href":"https:\/\/freshairadventure.com\/fr\/wp-json\/wp\/v2\/pages\/2460\/revisions"}],"predecessor-version":[{"id":2630,"href":"https:\/\/freshairadventure.com\/fr\/wp-json\/wp\/v2\/pages\/2460\/revisions\/2630"}],"wp:attachment":[{"href":"https:\/\/freshairadventure.com\/fr\/wp-json\/wp\/v2\/media?parent=2460"}],"curies":[{"name":"wp","href":"https:\/\/api.w.org\/{rel}","templated":true}]}}