{"id":2512,"date":"2017-08-03T13:36:01","date_gmt":"2017-08-03T13:36:01","guid":{"rendered":"https:\/\/freshairadventure.com\/le-parc-nationale-fundy\/"},"modified":"2017-08-11T14:05:06","modified_gmt":"2017-08-11T14:05:06","slug":"le-parc-nationale-fundy","status":"publish","type":"page","link":"https:\/\/freshairadventure.com\/fr\/le-parc-nationale-fundy\/","title":{"rendered":"Le Parc nationale Fundy"},"content":{"rendered":"<div class=\"wpb-content-wrapper\"><p>[vc_section][vc_row][vc_column][vc_column_text]Malgr\u00e9 que le Parc national Fundy a une aire petite en comparaison avec les autres parc national, il est \u00e9norme concernant la diversit\u00e9, la g\u00e9ologie, les exp\u00e9riences et les services. Pour longtemps le Fundy a \u00e9t\u00e9 un favori pour ceux qui veut explor\u00e9 son \u00e9cosyst\u00e8me unique et d\u00e9couvrir les mar\u00e9es les plus hautes au monde. Que vous randonnez sur un sentier au long de la c\u00f4te, promenez sur la fond de l&rsquo;oc\u00e9an, explorez les plages ou vous vous reposez et regardez les mar\u00e9es monter et descendre, il y a quelque chose pour tout le monde.<\/p>\n<p>L&rsquo;h\u00e9bergement peut \u00eatre lux, \u00e0 un de nos h\u00f4tels locals, ou vous pouvez faire le camping dans les excellentes terrains fourni par le parc.[\/vc_column_text][\/vc_column][\/vc_row][vc_row][vc_column][vc_separator][vc_column_text]&nbsp;<\/p>\n<p><figure id=\"attachment_1802\" aria-describedby=\"caption-attachment-1802\" style=\"width: 760px\" class=\"wp-caption aligncenter\"><a href=\"https:\/\/freshairadventure.com\/wp-content\/uploads\/2017\/06\/Fundy-park.jpg\" target=\"_blank\" rel=\"noopener noreferrer\"><img loading=\"lazy\" decoding=\"async\" class=\"wp-image-1802 size-full\" src=\"https:\/\/freshairadventure.com\/wp-content\/uploads\/2017\/06\/Fundy-park.jpg\" alt=\"\" width=\"760\" height=\"870\" srcset=\"https:\/\/freshairadventure.com\/wp-content\/uploads\/2017\/06\/Fundy-park.jpg 760w, https:\/\/freshairadventure.com\/wp-content\/uploads\/2017\/06\/Fundy-park-600x687.jpg 600w, https:\/\/freshairadventure.com\/wp-content\/uploads\/2017\/06\/Fundy-park-262x300.jpg 262w\" sizes=\"auto, (max-width: 760px) 100vw, 760px\" \/><\/a><figcaption id=\"caption-attachment-1802\" class=\"wp-caption-text\">Le Parc national Fundy<\/figcaption><\/figure>[\/vc_column_text][\/vc_column][\/vc_row][\/vc_section][vc_row][vc_column][vc_text_separator title=\u00a0\u00bbLe camping \u00ab\u00a0][vc_column_text]Il y a un place pour vous autres- que ce soit un terrain enti\u00e8rement \u00e9quip\u00e9 ou un site d&rsquo;arri\u00e8re pays, \u00e9loign\u00e9 de tout.<\/p>\n<ul>\n<li>Wolfe Lake- un terrain primitif, sans douches.<\/li>\n<li>Chignecto North- \u00e9quip\u00e9 avec l&rsquo;\u00e9lectricit\u00e9, l&rsquo;eau et \u00e9gouts. Les feu de camp sont permis.<\/li>\n<li>L&rsquo;Administration- \u00e9quip\u00e9 avec l&rsquo;\u00e9lectricit\u00e9, l&rsquo;eau et l&rsquo;\u00e9gout.<\/li>\n<li>Point Wolfe-non \u00e9quip\u00e9, il y a un b\u00e2timent de sale de bain qui contient les toilets et les douches.<\/li>\n<li>Chignecto South- \u00a0Le camping de groupe- non \u00e9quip\u00e9, un b\u00e2timent de toilet, contenant les toilets et les douches. Eau potable.<\/li>\n<li>L&rsquo;arri\u00e8re pays- plusieurs sites.<\/li>\n<\/ul>\n<p>&nbsp;[\/vc_column_text][\/vc_column][\/vc_row][vc_row][vc_column][vc_text_separator title=\u00a0\u00bbLes sentiers\u00a0\u00bb][vc_column_text]De les nombreuses sentiers, ceci est seulement un s\u00e9lection. Il y a les sentiers bois\u00e9s, c\u00f4tiers et les sentier qui se rends aux chutes d&rsquo;eau.<\/p>\n<figure id=\"attachment_1753\" aria-describedby=\"caption-attachment-1753\" style=\"width: 400px\" class=\"wp-caption alignright\"><img loading=\"lazy\" decoding=\"async\" class=\"wp-image-1753\" src=\"https:\/\/freshairadventure.com\/wp-content\/uploads\/2017\/06\/Caribou-Plain-007-300x193.jpg\" alt=\"\" width=\"400\" height=\"257\" srcset=\"https:\/\/freshairadventure.com\/wp-content\/uploads\/2017\/06\/Caribou-Plain-007-300x193.jpg 300w, https:\/\/freshairadventure.com\/wp-content\/uploads\/2017\/06\/Caribou-Plain-007-600x385.jpg 600w, https:\/\/freshairadventure.com\/wp-content\/uploads\/2017\/06\/Caribou-Plain-007-768x493.jpg 768w, https:\/\/freshairadventure.com\/wp-content\/uploads\/2017\/06\/Caribou-Plain-007-1024x657.jpg 1024w\" sizes=\"auto, (max-width: 400px) 100vw, 400px\" \/><figcaption id=\"caption-attachment-1753\" class=\"wp-caption-text\">Caribou Plains<\/figcaption><\/figure>\n<p>&nbsp;<\/p>\n<p>&nbsp;<\/p>\n<p>&nbsp;<\/p>\n<p>&nbsp;<\/p>\n<p>&nbsp;<\/p>\n<p>&nbsp;<\/p>\n<p>&nbsp;<\/p>\n<p>&nbsp;<\/p>\n<ul>\n<li>Dickson Falls\u00a0\u2013 facile- les chutes d&rsquo;eau et une vue<\/li>\n<li>Laverty Falls\u00a0\u2013 mod\u00e9rer \u00e0 difficile \u2013 bois\u00e9 et les chutes d&rsquo;eau<\/li>\n<li>Third Vault Falls\u00a0\u2013 mod\u00e9rer \u00e0 difficile\u2013 les belles chutes d&rsquo;eau<\/li>\n<li>Shiphaven\u00a0\u2013 facile\u2013 Une belle vue de Pointe Wolfe et la plage wilderness.<\/li>\n<li>Matthews Head\u00a0\u2013 mod\u00e9rer \u2013 les vues c\u00f4tiers<\/li>\n<li>Coppermine\u00a0\u2013 mod\u00e9rer\u2013 les vues c\u00f4tiers<\/li>\n<li>Caribou Plains\u00a0\u2013 facile\u2013 des marais avec l&rsquo;interpr\u00e9tation<\/li>\n<li>Kinnie Brook\u00a0\u2013 facile \u2013 bois\u00e9, belle en printemps<\/li>\n<li>Maple Grove \u2013 facile\u2013 promenade bois\u00e9e\u2013 belle en automne<\/li>\n<li>Goose River\u00a0\u2013 mod\u00e9rer \u00e0 difficile \u2013 belle prise d&rsquo;eau \u00e0 la fin<\/li>\n<li>Fundy Circuit \u2013 un r\u00e9seau de sentiers de 45-kilometres qui vous emm\u00e8ne \u00e0 travers les vall\u00e9es fluviales, par les lacs, au long du c\u00f4te and dans les for\u00eats. L&rsquo;excursion prend environ trois \u00e0 cinq jours a compl\u00e9t\u00e9.<\/li>\n<\/ul>\n<p>&nbsp;[\/vc_column_text][vc_text_separator title=\u00a0\u00bbLes plages \u00ab\u00a0][vc_column_text]L&rsquo;eau de la baie de Fundy est froide mais quand le juillet arrivent les eaux fait pour une baignade robuste. Les plages son parfait pour l&rsquo;exploration et pour promen\u00e9 sur le fond de l&rsquo;oc\u00e9an. \u00a0 \u00a0<img loading=\"lazy\" decoding=\"async\" class=\"wp-image-1756\" src=\"https:\/\/freshairadventure.com\/wp-content\/uploads\/2017\/06\/Copy-of-Black-birds-006-1024x568.jpg\" alt=\"\" width=\"500\" height=\"277\" srcset=\"https:\/\/freshairadventure.com\/wp-content\/uploads\/2017\/06\/Copy-of-Black-birds-006-1024x568.jpg 1024w, https:\/\/freshairadventure.com\/wp-content\/uploads\/2017\/06\/Copy-of-Black-birds-006-600x333.jpg 600w, https:\/\/freshairadventure.com\/wp-content\/uploads\/2017\/06\/Copy-of-Black-birds-006-300x166.jpg 300w, https:\/\/freshairadventure.com\/wp-content\/uploads\/2017\/06\/Copy-of-Black-birds-006-768x426.jpg 768w\" sizes=\"auto, (max-width: 500px) 100vw, 500px\" \/><\/p>\n<p>Les guardians du plage Cannontown<\/p>\n<ul>\n<li>Herring Cove- la natation et l&rsquo;exploration, l&rsquo;escalade des rochers<\/li>\n<li>Point Wolfe- un plage du sauvage- l&rsquo;exploration, les vues formidables<\/li>\n<li>La plage Alma- l&rsquo;exploration, quelques fossiles<\/li>\n<li>La plage Cannontown- l&rsquo;exploration, les fossiles<\/li>\n<\/ul>\n<p>[\/vc_column_text][vc_text_separator title=\u00a0\u00bbLes chutes d&rsquo;eau\u00a0\u00bb][vc_column_text]Il y a plusieurs chutes d&rsquo;eau spectaculaires dans le parc, et la randonn\u00e9e l\u00e0 est la moiti\u00e9 du plaisir.<\/p>\n<ul>\n<li>Dickson Fal<img loading=\"lazy\" decoding=\"async\" class=\"alignright size-full wp-image-1531\" src=\"https:\/\/freshairadventure.com\/wp-content\/uploads\/2017\/03\/fnp-falls.jpg\" alt=\"\" width=\"400\" height=\"591\" srcset=\"https:\/\/freshairadventure.com\/wp-content\/uploads\/2017\/03\/fnp-falls.jpg 400w, https:\/\/freshairadventure.com\/wp-content\/uploads\/2017\/03\/fnp-falls-203x300.jpg 203w\" sizes=\"auto, (max-width: 400px) 100vw, 400px\" \/>ls- la randonn\u00e9e courte la plus populaire dans le parc<\/li>\n<li>Laverty Falls- une randonn\u00e9e plus difficile mais les chutes \u00e0 la fin vaut la pain.<\/li>\n<li>Third Fault Falls- Une randonn\u00e9e similaire \u00e0 celle de Laverty avec un belle place de piquenique sous les chutes.<\/li>\n<\/ul>\n<p>[\/vc_column_text][vc_text_separator title=\u00a0\u00bbLes vues\u00a0\u00bb][vc_column_text]Apportez votre cam\u00e9ra- les vues le long de la c\u00f4te et \u00e0 travers la baie sont formidables!<\/p>\n<ul>\n<li>L&rsquo;administration- Une vue g\u00e9niale \u00e0 travers la baie, au coucher du soleil en particulier lorsque le soleil illumine les falaises \u00e9loign\u00e9es.<\/li>\n<li>La plateforme d&rsquo;observation de Herring Cove- Les vues \u00e0 travers la baie.<\/li>\n<li>Pointe Wolfe- un entr\u00e9e d&rsquo;eau sc\u00e9nique \u00a0qui existe a mar\u00e9e base et \u00e0 mar\u00e9e haute.<\/li>\n<li>Le belv\u00e9d\u00e8re de l&rsquo;autoroute 114- un vue magnifique de la baie et la rive.<\/li>\n<li>Le sentier Matthews Head- les vues c\u00f4tiers<\/li>\n<li>Le sentier Coppermine- Les vues c\u00f4tiers<\/li>\n<\/ul>\n<p><strong>L&rsquo;observation des oiseaux<\/strong><strong>:\u00a0<\/strong>Plusieurs sentiers et r\u00e9gions sont parfait pour les ornithologues du matin t\u00f4t.<\/p>\n<p><strong>L&rsquo;estuaire Alma:<\/strong> les grandes h\u00e9rons, les martin-p\u00eacheurs d&rsquo;Am\u00e9rique, les cormorans, les mouettes.<\/p>\n<p><strong>Le sentier Matthews Head:\u00a0<\/strong>r\u00e9gion bois\u00e9e et les bords des for\u00eats<\/p>\n<p><strong>La ruisseau Kinnie:\u00a0<\/strong>r\u00e9gion bois\u00e9e et un ruisseaux<\/p>\n<p><strong>\u00a0<\/strong>[\/vc_column_text][vc_text_separator title=\u00a0\u00bbLes autres services et activit\u00e9s \u00ab\u00a0][vc_column_text]<strong>Terrain de golfe \u00e0 neuf trous-<\/strong>un terrain excellent<\/p>\n<p><strong>Piscine \u00e0 l&rsquo;eau sal\u00e9e chauff\u00e9-\u00a0<\/strong>utilise l&rsquo;eau sal\u00e9e de la Baie de Fundy<\/p>\n<p><strong>Les cours de tennis\u00a0<\/strong>et le bowling sur gazon<\/p>\n<p><strong>Les programmes interpr\u00e9tatif-\u00a0<\/strong>fourni par les guides dans le Parc national Fundy<\/p>\n<p><strong>Vous pouvez aussi prendre la plaisir dans:\u00a0<\/strong><\/p>\n<ul>\n<li>Les promenades sur les plages<\/li>\n<li>Les promenades durant la soir (apportez un lampe \u00e0 poche!)<\/li>\n<li>Les presentation du soir et les feux de camp<\/li>\n<li>Le kayak de mer avec FreshAir Adventure<\/li>\n<\/ul>\n<p>[\/vc_column_text][\/vc_column][\/vc_row]<\/p>\n<\/div>","protected":false},"excerpt":{"rendered":"<p>[vc_section][vc_row][vc_column][vc_column_text]Malgr\u00e9 que le Parc national Fundy a une aire petite en comparaison avec les autres parc national, il est \u00e9norme concernant la diversit\u00e9, la g\u00e9ologie, les exp\u00e9riences et les services. Pour longtemps le Fundy a \u00e9t\u00e9 un favori pour ceux qui veut explor\u00e9 son \u00e9cosyst\u00e8me unique et d\u00e9couvrir les mar\u00e9es les plus hautes au monde.<\/p>\n<div class=\"padding-top text-center\"><a href=\"https:\/\/freshairadventure.com\/fr\/le-parc-nationale-fundy\/\" class=\"atbtn atbtn--medium atbtn--rounded atbtn--transparent\">Read more<i class=\"atbtn__icon atbtn__icon--right fa fa-long-arrow-right\"><\/i><\/a><\/div>\n","protected":false},"author":1,"featured_media":0,"parent":0,"menu_order":0,"comment_status":"closed","ping_status":"closed","template":"","meta":{"_eb_attr":"","_monsterinsights_skip_tracking":false,"_monsterinsights_sitenote_active":false,"_monsterinsights_sitenote_note":"","_monsterinsights_sitenote_category":0,"footnotes":""},"class_list":["post-2512","page","type-page","status-publish","hentry"],"aioseo_notices":[],"_links":{"self":[{"href":"https:\/\/freshairadventure.com\/fr\/wp-json\/wp\/v2\/pages\/2512","targetHints":{"allow":["GET"]}}],"collection":[{"href":"https:\/\/freshairadventure.com\/fr\/wp-json\/wp\/v2\/pages"}],"about":[{"href":"https:\/\/freshairadventure.com\/fr\/wp-json\/wp\/v2\/types\/page"}],"author":[{"embeddable":true,"href":"https:\/\/freshairadventure.com\/fr\/wp-json\/wp\/v2\/users\/1"}],"replies":[{"embeddable":true,"href":"https:\/\/freshairadventure.com\/fr\/wp-json\/wp\/v2\/comments?post=2512"}],"version-history":[{"count":18,"href":"https:\/\/freshairadventure.com\/fr\/wp-json\/wp\/v2\/pages\/2512\/revisions"}],"predecessor-version":[{"id":2623,"href":"https:\/\/freshairadventure.com\/fr\/wp-json\/wp\/v2\/pages\/2512\/revisions\/2623"}],"wp:attachment":[{"href":"https:\/\/freshairadventure.com\/fr\/wp-json\/wp\/v2\/media?parent=2512"}],"curies":[{"name":"wp","href":"https:\/\/api.w.org\/{rel}","templated":true}]}}