{"id":2529,"date":"2017-08-03T17:05:48","date_gmt":"2017-08-03T17:05:48","guid":{"rendered":"https:\/\/freshairadventure.com\/comment-nous-trouve\/"},"modified":"2017-08-03T17:05:50","modified_gmt":"2017-08-03T17:05:50","slug":"comment-nous-trouve","status":"publish","type":"page","link":"https:\/\/freshairadventure.com\/fr\/comment-nous-trouve\/","title":{"rendered":"Comment nous trouv\u00e9"},"content":{"rendered":"<div class=\"wpb-content-wrapper\"><p>[vc_row][vc_column][vc_column_text]<strong>Les direction de conduit \u00e0 FreshAir Adventure\u00a0<\/strong><\/p>\n<p>Alma est un village de p\u00eacheurs sur l&rsquo;autoroute 114-<\/p>\n<p>95 km de Moncton, Nouveau Brunswick. Si vous venez de loin, vous pouvez atterrir au a\u00e9roport de Moncton ou de Saint Jean. L&rsquo;a\u00e9roport le plus pr\u00e8s dans les \u00c9tats Units est Bangor, un trajet de six heures en auto de Alma.<\/p>\n<ul>\n<li><strong>De Saint Jean,<\/strong> suivez l&rsquo;autoroute 1, d\u00e9passez Sussex et continuer \u00e0 la sortie 211. L&rsquo;autoroute 114 maintenant t&rsquo;apportera au Parc national Fundy et Alma. (Duration du trajet: 1,5 \u00e0 2 heures)<\/li>\n<li><strong>De Fredricton<\/strong>, suivez l&rsquo;autoroute 2 -la route transcanadienne- vers Moncton.\n<ul>\n<li>Les panneaux \u00e0 la sortie 365 vous dirigiez vers Sussex et le Parc national Fundy. La sortie 365 vous apporte sur la route 10 puis sur l&rsquo;autoroute 1.<\/li>\n<li>10 km apr\u00e8s Sussex sur l&rsquo;autoroute 1, prenez la sortie 211 sur l&rsquo;autoroute 114- vers le Parc national Fundy et Alma. (Duration du trajet- 2 heures)<\/li>\n<\/ul>\n<\/li>\n<li><strong>De Moncton,<\/strong> prenez le pont ou le chauss\u00e9e vers Riverview et l&rsquo;autoroute 114. (Duration du trajet: 1,25 heures)<\/li>\n<li><strong>De Nouvelle \u00c9cosse ou \u00ce.P.E,<\/strong> suivez les panneaux de signalization au Centre de Moncton et le Parc national Fundy. Ils vous dirigiez \u00e0 Riverview, vers l&rsquo;autoroute 114 et vers Alma. (Duration du trajet: 1,25 heures de Moncton)<\/li>\n<\/ul>\n<p>[\/vc_column_text][\/vc_column][\/vc_row][vc_row][vc_column][vc_gmaps link=\u00a0\u00bb#E-8_JTNDaWZyYW1lJTIwc3JjJTNEJTIyaHR0cHMlM0ElMkYlMkZ3d3cuZ29vZ2xlLmNvbSUyRm1hcHMlMkZlbWJlZCUzRnBiJTNEJTIxMW0xOCUyMTFtMTIlMjExbTMlMjExZDI3OTEuNDY1NDAzNjI5NDE5JTIxMmQtNjQuOTQ5MDY0Mzg0NDM3OTUlMjEzZDQ1LjYwMTI5MDU3OTEwMjg4JTIxMm0zJTIxMWYwJTIxMmYwJTIxM2YwJTIxM20yJTIxMWkxMDI0JTIxMmk3NjglMjE0ZjEzLjElMjEzbTMlMjExbTIlMjExczB4NGNhNzVkZDhkMzViMzM2MyUyNTNBMHhjOTdiY2Q1OWEwNjkzN2UlMjEyczE2JTJCRnVuZHklMkJWaWV3JTJCRHIlMjUyQyUyQkFsbWElMjUyQyUyQk5CJTJCRTRIJTJCMUg2JTIxNWUwJTIxM20yJTIxMXNlbiUyMTJzY2ElMjE0djE0OTY1MTU4ODAxNTklMjIlMjB3aWR0aCUzRCUyMjYwMCUyMiUyMGhlaWdodCUzRCUyMjQ1MCUyMiUyMGZyYW1lYm9yZGVyJTNEJTIyMCUyMiUyMHN0eWxlJTNEJTIyYm9yZGVyJTNBMCUyMiUyMGFsbG93ZnVsbHNjcmVlbiUzRSUzQyUyRmlmcmFtZSUzRQ==\u00a0\u00bb][\/vc_column][\/vc_row][vc_row][vc_column][vc_column_text]Les coordonn\u00e9es de GPS de notre centre de kayak sont:<\/p>\n<ul class=\"ul1\">\n<li class=\"li2\"><span class=\"s1\">Lat. 45.60<\/span><span class=\"s2\"><sup>o<\/sup><\/span><span class=\"s1\">\u00a0Long. -64.95<\/span><span class=\"s2\"><sup>o<\/sup><\/span><\/li>\n<li class=\"li2\"><span class=\"s1\">(Lat. 45<\/span><span class=\"s2\"><sup>o<\/sup><\/span><span class=\"s1\">\u00a036&prime; 04&Prime; Long 64<\/span><span class=\"s2\"><sup>o<\/sup><\/span><span class=\"s1\">\u00a056&prime; 48&Prime;)<\/span><\/li>\n<\/ul>\n<p>ou pour un vue de carte- trouvez Nouveau Brunswick en premier[\/vc_column_text][\/vc_column][\/vc_row]<\/p>\n<\/div>","protected":false},"excerpt":{"rendered":"<p>[vc_row][vc_column][vc_column_text]Les direction de conduit \u00e0 FreshAir Adventure\u00a0 Alma est un village de p\u00eacheurs sur l&rsquo;autoroute 114- 95 km de Moncton, Nouveau Brunswick. Si vous venez de loin, vous pouvez atterrir au a\u00e9roport de Moncton ou de Saint Jean. L&rsquo;a\u00e9roport le plus pr\u00e8s dans les \u00c9tats Units est Bangor, un trajet de six heures en auto<\/p>\n<div class=\"padding-top text-center\"><a href=\"https:\/\/freshairadventure.com\/fr\/comment-nous-trouve\/\" class=\"atbtn atbtn--medium atbtn--rounded atbtn--transparent\">Read more<i class=\"atbtn__icon atbtn__icon--right fa fa-long-arrow-right\"><\/i><\/a><\/div>\n","protected":false},"author":1,"featured_media":0,"parent":0,"menu_order":0,"comment_status":"closed","ping_status":"closed","template":"","meta":{"_eb_attr":"","_monsterinsights_skip_tracking":false,"_monsterinsights_sitenote_active":false,"_monsterinsights_sitenote_note":"","_monsterinsights_sitenote_category":0,"footnotes":""},"class_list":["post-2529","page","type-page","status-publish","hentry"],"aioseo_notices":[],"_links":{"self":[{"href":"https:\/\/freshairadventure.com\/fr\/wp-json\/wp\/v2\/pages\/2529","targetHints":{"allow":["GET"]}}],"collection":[{"href":"https:\/\/freshairadventure.com\/fr\/wp-json\/wp\/v2\/pages"}],"about":[{"href":"https:\/\/freshairadventure.com\/fr\/wp-json\/wp\/v2\/types\/page"}],"author":[{"embeddable":true,"href":"https:\/\/freshairadventure.com\/fr\/wp-json\/wp\/v2\/users\/1"}],"replies":[{"embeddable":true,"href":"https:\/\/freshairadventure.com\/fr\/wp-json\/wp\/v2\/comments?post=2529"}],"version-history":[{"count":2,"href":"https:\/\/freshairadventure.com\/fr\/wp-json\/wp\/v2\/pages\/2529\/revisions"}],"predecessor-version":[{"id":2531,"href":"https:\/\/freshairadventure.com\/fr\/wp-json\/wp\/v2\/pages\/2529\/revisions\/2531"}],"wp:attachment":[{"href":"https:\/\/freshairadventure.com\/fr\/wp-json\/wp\/v2\/media?parent=2529"}],"curies":[{"name":"wp","href":"https:\/\/api.w.org\/{rel}","templated":true}]}}