{"id":2532,"date":"2017-08-03T17:50:31","date_gmt":"2017-08-03T17:50:31","guid":{"rendered":"https:\/\/freshairadventure.com\/les-offres-de-groupes\/"},"modified":"2023-01-19T14:55:26","modified_gmt":"2023-01-19T14:55:26","slug":"les-offres-de-groupes","status":"publish","type":"page","link":"https:\/\/freshairadventure.com\/fr\/les-offres-de-groupes\/","title":{"rendered":"Les offres de groupes"},"content":{"rendered":"<div class=\"wpb-content-wrapper\"><p>[vc_row][vc_column][vc_column_text]Nous pouvons r\u00e9pondre au besoin d&rsquo;un groupe de presque n&rsquo;importe quelle grandeur-que ce soit un groupe d&rsquo;adulte int\u00e9ress\u00e9 dans un jour sur la baie, un groupe des forces arm\u00e9es int\u00e9ress\u00e9 dans l&rsquo;entra\u00eenement en adventure, un group corporatif qui cherche un sortie du personnel ou un groupes des jeunes d&rsquo;une \u00e9cole ou un organization. Que soit la taille, nous maintenons un ratio de un guide pour chaque cinq clients et nous fournissons tout qui est n\u00e9cessaire pour un sortie incluant la nourriture, les vestes de pataugeoire et les sacs pour les v\u00eatements d&rsquo;extra et les cam\u00e9ras.[\/vc_column_text][\/vc_column][\/vc_row][vc_row][vc_column][vc_text_separator title=\u00a0\u00bbOffre #1- Les groupes d&rsquo;adulte \u00ab\u00a0][vc_column_text]Votre s\u00e9jour est un seul journ\u00e9e? Reserver un de nos sorties de demi-journ\u00e9e ou un de nos sorties de jour- plein. Un sortie peut \u00eatre planifier \u00e0 votre objectif- les temps de r\u00e9union, la distance parcouru etc.<\/p>\n<p>Ici pour plusieurs jours? Combinez la randonn\u00e9e au Parc national Fundy ou les autres activit\u00e9s dans la r\u00e9gion avec votre aventure en kayak de mer. Le camping de groupe de plus que les sites individuel, sont disponible dans le Parc national Fundy ou nous pouvons organiser un s\u00e9jour comfortable dans \u00a0le\u00a0<a href=\"http:\/\/Fundy Highlands Motel &amp; Chalets\" target=\"_blank\" rel=\"noopener noreferrer\"><span class=\"s1\">Fundy Highlands Motel &amp; Chalets\u00a0<\/span><\/a>situ\u00e9 tout pr\u00e8s d&rsquo;ici.<\/p>\n<p><strong>Il y a un rabais de 10% sur le pris r\u00e9gulier si vous avez huit participants ou plus.\u00a0<\/strong><\/p>\n<p>[\/vc_column_text][\/vc_column][\/vc_row][vc_row][vc_column][vc_text_separator title=\u00a0\u00bbOffre #2- Les groupes d&rsquo;\u00e9cole \u00ab\u00a0][vc_column_text]Durant mai et juin, FreshAir Adventure a les taux sp\u00e9ciale pour les groupes d&rsquo;\u00e9coles qui veulent d\u00e9couvrir les d\u00e9fis du kayak du mer et explorer \u00a0la c\u00f4te du Parc national Fundy- c&rsquo;est 58 $ par \u00e9tudiant pour notre sortie de 3 heures (2 heures sur l&rsquo;eau). Pour les groupes qui ont un s\u00e9jour plus qu&rsquo;un journ\u00e9e, nous seront contente de vous aid\u00e9 avec vos besoins d&rsquo;h\u00e9bergement. Il y a la camping de groupe dans le Parc national Fundy. Le \u00a0<a href=\"http:\/\/www.fundyhighlandchalets.com\/reservation_form.html\" target=\"_blank\" rel=\"noopener noreferrer\">Fundy Highlands Motel &amp; Chalets<\/a>\u00a0offre les rabais au \u00e9tudiants durant cette period de temps.<br \/>\n<img loading=\"lazy\" decoding=\"async\" class=\"aligncenter size-large wp-image-1748\" src=\"https:\/\/freshairadventure.com\/wp-content\/uploads\/2017\/06\/Preparation-stage-1024x636.jpg\" alt=\"\" width=\"748\" height=\"465\" srcset=\"https:\/\/freshairadventure.com\/wp-content\/uploads\/2017\/06\/Preparation-stage-1024x636.jpg 1024w, https:\/\/freshairadventure.com\/wp-content\/uploads\/2017\/06\/Preparation-stage-600x373.jpg 600w, https:\/\/freshairadventure.com\/wp-content\/uploads\/2017\/06\/Preparation-stage-300x186.jpg 300w, https:\/\/freshairadventure.com\/wp-content\/uploads\/2017\/06\/Preparation-stage-768x477.jpg 768w\" sizes=\"auto, (max-width: 748px) 100vw, 748px\" \/>[\/vc_column_text][\/vc_column][\/vc_row][vc_row][vc_column][vc_text_separator title=\u00a0\u00bbOffre #3- les groupes des jeunes &#8211; 15 ans et plus\u00a0\u00bb][vc_column_text]Si vous \u00eates un groupe d&rsquo;universit\u00e9, ou un autre sorte de groupe des jeunes, joignez-nous pour un session de kayak de 3 heures. Vous auriez la plaisir en\u00a0<span lang=\"fr\">pagayant sur la baie, en mangeant un collation sur l&rsquo;eau et sur un plage de Fundy, et apprendre \u00e0 pros pros de la baie de nos guides bien inform\u00e9s. 65 $ par participant pour les groupes de 8 ou plus. <\/span>[\/vc_column_text][vc_text_separator title=\u00a0\u00bbOffre #4 &#8211; les groupes des jeunes- 14 ans et moins\u00a0\u00bb][\/vc_column][\/vc_row][vc_row][vc_column][vc_column_text]Pour les groupes plus jeunes FreshAir Adventure peut fournir les sorties plus court et moins vigoureux. Cette sortie a tous les\u00a0<span lang=\"fr\">fonctionnalit\u00e9s de un sortie r\u00e9gulier mais adapt\u00e9 a un client\u00e8le plus jeune. Les taux d\u00e9pends sur la longueur du sorti et la grandeur du groupe.\u00a0<\/span>[\/vc_column_text][\/vc_column][\/vc_row]<\/p>\n<\/div>","protected":false},"excerpt":{"rendered":"<p>[vc_row][vc_column][vc_column_text]Nous pouvons r\u00e9pondre au besoin d&rsquo;un groupe de presque n&rsquo;importe quelle grandeur-que ce soit un groupe d&rsquo;adulte int\u00e9ress\u00e9 dans un jour sur la baie, un groupe des forces arm\u00e9es int\u00e9ress\u00e9 dans l&rsquo;entra\u00eenement en adventure, un group corporatif qui cherche un sortie du personnel ou un groupes des jeunes d&rsquo;une \u00e9cole ou un organization. Que soit<\/p>\n<div class=\"padding-top text-center\"><a href=\"https:\/\/freshairadventure.com\/fr\/les-offres-de-groupes\/\" class=\"atbtn atbtn--medium atbtn--rounded atbtn--transparent\">Read more<i class=\"atbtn__icon atbtn__icon--right fa fa-long-arrow-right\"><\/i><\/a><\/div>\n","protected":false},"author":1,"featured_media":0,"parent":0,"menu_order":0,"comment_status":"closed","ping_status":"closed","template":"","meta":{"_eb_attr":"","_monsterinsights_skip_tracking":false,"_monsterinsights_sitenote_active":false,"_monsterinsights_sitenote_note":"","_monsterinsights_sitenote_category":0,"footnotes":""},"class_list":["post-2532","page","type-page","status-publish","hentry"],"aioseo_notices":[],"_links":{"self":[{"href":"https:\/\/freshairadventure.com\/fr\/wp-json\/wp\/v2\/pages\/2532","targetHints":{"allow":["GET"]}}],"collection":[{"href":"https:\/\/freshairadventure.com\/fr\/wp-json\/wp\/v2\/pages"}],"about":[{"href":"https:\/\/freshairadventure.com\/fr\/wp-json\/wp\/v2\/types\/page"}],"author":[{"embeddable":true,"href":"https:\/\/freshairadventure.com\/fr\/wp-json\/wp\/v2\/users\/1"}],"replies":[{"embeddable":true,"href":"https:\/\/freshairadventure.com\/fr\/wp-json\/wp\/v2\/comments?post=2532"}],"version-history":[{"count":11,"href":"https:\/\/freshairadventure.com\/fr\/wp-json\/wp\/v2\/pages\/2532\/revisions"}],"predecessor-version":[{"id":4503,"href":"https:\/\/freshairadventure.com\/fr\/wp-json\/wp\/v2\/pages\/2532\/revisions\/4503"}],"wp:attachment":[{"href":"https:\/\/freshairadventure.com\/fr\/wp-json\/wp\/v2\/media?parent=2532"}],"curies":[{"name":"wp","href":"https:\/\/api.w.org\/{rel}","templated":true}]}}