{"id":2553,"date":"2017-08-07T13:16:57","date_gmt":"2017-08-07T13:16:57","guid":{"rendered":"https:\/\/freshairadventure.com\/notre-equipe\/"},"modified":"2026-02-18T04:36:08","modified_gmt":"2026-02-18T04:36:08","slug":"notre-equipe","status":"publish","type":"page","link":"https:\/\/freshairadventure.com\/fr\/a-pros-pos-de-nous\/notre-equipe\/","title":{"rendered":"Notre \u00e9quipe"},"content":{"rendered":"<div class=\"wpb-content-wrapper\"><p>[vc_row][vc_column][vc_column_text]<\/p>\r\n<figure class=\"wp-block-gallery columns-5 is-cropped wp-block-gallery-1 is-layout-flex wp-block-gallery-is-layout-flex\">\r\n<h4>De beaux visages pour nous guider \u2013 et de nouvelles recrues \u00e0 venir!<\/h4>\r\n<ul class=\"blocks-gallery-grid\">\r\n<li class=\"blocks-gallery-item\">\r\n<figure><img loading=\"lazy\" decoding=\"async\" width=\"1024\" height=\"768\" class=\"wp-image-4089\" src=\"https:\/\/freshairadventure.com\/wp-content\/uploads\/2020\/02\/staff-truck.jpg\" alt=\"\" data-id=\"4089\" data-link=\"https:\/\/freshairadventure.com\/about-us\/employment\/staff-truck\/\" srcset=\"https:\/\/freshairadventure.com\/wp-content\/uploads\/2020\/02\/staff-truck.jpg 1024w, https:\/\/freshairadventure.com\/wp-content\/uploads\/2020\/02\/staff-truck-600x450.jpg 600w, https:\/\/freshairadventure.com\/wp-content\/uploads\/2020\/02\/staff-truck-300x225.jpg 300w, https:\/\/freshairadventure.com\/wp-content\/uploads\/2020\/02\/staff-truck-768x576.jpg 768w, https:\/\/freshairadventure.com\/wp-content\/uploads\/2020\/02\/staff-truck-400x300.jpg 400w\" sizes=\"auto, (max-width: 1024px) 100vw, 1024px\" \/>\r\n<figcaption class=\"blocks-gallery-item__caption\">Our ride<\/figcaption>\r\n<\/figure>\r\n<\/li>\r\n<li class=\"blocks-gallery-item\">\r\n<figure><img loading=\"lazy\" decoding=\"async\" class=\"aligncenter wp-image-4585 size-medium\" src=\"https:\/\/freshairadventure.com\/wp-content\/uploads\/2023\/07\/Jeremy-235x300.jpg\" alt=\"\" width=\"235\" height=\"300\" data-id=\"4198\" data-full-url=\"https:\/\/freshairadventure.com\/wp-content\/uploads\/2020\/07\/Brent-2.jpg\" data-link=\"https:\/\/freshairadventure.com\/our-team\/olympus-digital-camera-71\/\" srcset=\"https:\/\/freshairadventure.com\/wp-content\/uploads\/2023\/07\/Jeremy-235x300.jpg 235w, https:\/\/freshairadventure.com\/wp-content\/uploads\/2023\/07\/Jeremy-600x765.jpg 600w, https:\/\/freshairadventure.com\/wp-content\/uploads\/2023\/07\/Jeremy.jpg 763w\" sizes=\"auto, (max-width: 235px) 100vw, 235px\" \/>\r\n<figcaption class=\"blocks-gallery-item__caption\">Jeremy<\/figcaption>\r\n<\/figure>\r\n<\/li>\r\n<li class=\"blocks-gallery-item\">\r\n<figure><img loading=\"lazy\" decoding=\"async\" class=\"aligncenter wp-image-4587 size-medium\" src=\"https:\/\/freshairadventure.com\/wp-content\/uploads\/2023\/07\/brian-300x225.jpg\" alt=\"\" width=\"300\" height=\"225\" data-id=\"4196\" data-link=\"https:\/\/freshairadventure.com\/our-team\/julie-2-1\/\" srcset=\"https:\/\/freshairadventure.com\/wp-content\/uploads\/2023\/07\/brian-300x225.jpg 300w, https:\/\/freshairadventure.com\/wp-content\/uploads\/2023\/07\/brian-600x450.jpg 600w, https:\/\/freshairadventure.com\/wp-content\/uploads\/2023\/07\/brian-768x576.jpg 768w, https:\/\/freshairadventure.com\/wp-content\/uploads\/2023\/07\/brian-400x300.jpg 400w, https:\/\/freshairadventure.com\/wp-content\/uploads\/2023\/07\/brian.jpg 960w\" sizes=\"auto, (max-width: 300px) 100vw, 300px\" \/>\r\n<figcaption class=\"blocks-gallery-item__caption\">Bryen<\/figcaption>\r\n<\/figure>\r\n<\/li>\r\n<li class=\"blocks-gallery-item\">\r\n<figure><img loading=\"lazy\" decoding=\"async\" width=\"800\" height=\"600\" class=\"wp-image-3977\" src=\"https:\/\/freshairadventure.com\/wp-content\/uploads\/2017\/02\/crabkiss.jpeg\" alt=\"\" data-id=\"3977\" data-link=\"https:\/\/freshairadventure.com\/?attachment_id=3977\" srcset=\"https:\/\/freshairadventure.com\/wp-content\/uploads\/2017\/02\/crabkiss.jpeg 800w, https:\/\/freshairadventure.com\/wp-content\/uploads\/2017\/02\/crabkiss-600x450.jpeg 600w, https:\/\/freshairadventure.com\/wp-content\/uploads\/2017\/02\/crabkiss-300x225.jpeg 300w, https:\/\/freshairadventure.com\/wp-content\/uploads\/2017\/02\/crabkiss-768x576.jpeg 768w, https:\/\/freshairadventure.com\/wp-content\/uploads\/2017\/02\/crabkiss-400x300.jpeg 400w\" sizes=\"auto, (max-width: 800px) 100vw, 800px\" \/>\r\n<figcaption class=\"blocks-gallery-item__caption\">Rachel in love<\/figcaption>\r\n<\/figure>\r\n<\/li>\r\n<li class=\"blocks-gallery-item\">\r\n<figure><img loading=\"lazy\" decoding=\"async\" width=\"760\" height=\"1024\" class=\"wp-image-4194\" src=\"https:\/\/freshairadventure.com\/wp-content\/uploads\/2020\/07\/Sula-paddler-760x1024.jpg\" alt=\"\" data-id=\"4194\" data-link=\"https:\/\/freshairadventure.com\/our-team\/sula-paddler\/\" srcset=\"https:\/\/freshairadventure.com\/wp-content\/uploads\/2020\/07\/Sula-paddler-760x1024.jpg 760w, https:\/\/freshairadventure.com\/wp-content\/uploads\/2020\/07\/Sula-paddler-600x809.jpg 600w, https:\/\/freshairadventure.com\/wp-content\/uploads\/2020\/07\/Sula-paddler-223x300.jpg 223w, https:\/\/freshairadventure.com\/wp-content\/uploads\/2020\/07\/Sula-paddler-768x1035.jpg 768w, https:\/\/freshairadventure.com\/wp-content\/uploads\/2020\/07\/Sula-paddler-1140x1536.jpg 1140w, https:\/\/freshairadventure.com\/wp-content\/uploads\/2020\/07\/Sula-paddler.jpg 1214w\" sizes=\"auto, (max-width: 760px) 100vw, 760px\" \/>\r\n<figcaption class=\"blocks-gallery-item__caption\">Sula the boat guardian<\/figcaption>\r\n<\/figure>\r\n<\/li>\r\n<li class=\"blocks-gallery-item\">\r\n<figure><img loading=\"lazy\" decoding=\"async\" width=\"427\" height=\"768\" class=\"wp-image-4073\" src=\"https:\/\/freshairadventure.com\/wp-content\/uploads\/2020\/02\/isaac-niko.jpg\" alt=\"\" data-id=\"4073\" data-link=\"https:\/\/freshairadventure.com\/about-us\/employment\/isaac-niko\/\" srcset=\"https:\/\/freshairadventure.com\/wp-content\/uploads\/2020\/02\/isaac-niko.jpg 427w, https:\/\/freshairadventure.com\/wp-content\/uploads\/2020\/02\/isaac-niko-167x300.jpg 167w\" sizes=\"auto, (max-width: 427px) 100vw, 427px\" \/>\r\n<figcaption class=\"blocks-gallery-item__caption\">Isaac &amp; Niko Dog<\/figcaption>\r\n<\/figure>\r\n<\/li>\r\n<li class=\"blocks-gallery-item\">\r\n<figure><img loading=\"lazy\" decoding=\"async\" width=\"800\" height=\"600\" class=\"wp-image-4061\" src=\"https:\/\/freshairadventure.com\/wp-content\/uploads\/2020\/02\/amanda-under-bridge.jpg\" alt=\"\" data-id=\"4061\" data-link=\"https:\/\/freshairadventure.com\/about-us\/employment\/olympus-digital-camera-60\/\" srcset=\"https:\/\/freshairadventure.com\/wp-content\/uploads\/2020\/02\/amanda-under-bridge.jpg 800w, https:\/\/freshairadventure.com\/wp-content\/uploads\/2020\/02\/amanda-under-bridge-600x450.jpg 600w, https:\/\/freshairadventure.com\/wp-content\/uploads\/2020\/02\/amanda-under-bridge-300x225.jpg 300w, https:\/\/freshairadventure.com\/wp-content\/uploads\/2020\/02\/amanda-under-bridge-768x576.jpg 768w, https:\/\/freshairadventure.com\/wp-content\/uploads\/2020\/02\/amanda-under-bridge-400x300.jpg 400w\" sizes=\"auto, (max-width: 800px) 100vw, 800px\" \/>\r\n<figcaption class=\"blocks-gallery-item__caption\">Amanda<\/figcaption>\r\n<\/figure>\r\n<\/li>\r\n<li class=\"blocks-gallery-item\">\r\n<figure><img loading=\"lazy\" decoding=\"async\" class=\"aligncenter wp-image-4589 size-medium\" src=\"https:\/\/freshairadventure.com\/wp-content\/uploads\/2023\/07\/EE996D8F-5F35-461A-99BC-AEE70C890C45_1_105_c-300x225.jpeg\" alt=\"\" width=\"300\" height=\"225\" data-id=\"3586\" data-link=\"https:\/\/freshairadventure.com\/our-team\/vinceinboat\/\" srcset=\"https:\/\/freshairadventure.com\/wp-content\/uploads\/2023\/07\/EE996D8F-5F35-461A-99BC-AEE70C890C45_1_105_c-300x225.jpeg 300w, https:\/\/freshairadventure.com\/wp-content\/uploads\/2023\/07\/EE996D8F-5F35-461A-99BC-AEE70C890C45_1_105_c-600x451.jpeg 600w, https:\/\/freshairadventure.com\/wp-content\/uploads\/2023\/07\/EE996D8F-5F35-461A-99BC-AEE70C890C45_1_105_c-768x577.jpeg 768w, https:\/\/freshairadventure.com\/wp-content\/uploads\/2023\/07\/EE996D8F-5F35-461A-99BC-AEE70C890C45_1_105_c-400x300.jpeg 400w, https:\/\/freshairadventure.com\/wp-content\/uploads\/2023\/07\/EE996D8F-5F35-461A-99BC-AEE70C890C45_1_105_c.jpeg 1024w\" sizes=\"auto, (max-width: 300px) 100vw, 300px\" \/>\r\n<figcaption class=\"blocks-gallery-item__caption\">Finnegan<\/figcaption>\r\n<\/figure>\r\n<\/li>\r\n<li class=\"blocks-gallery-item\">\r\n<figure><img loading=\"lazy\" decoding=\"async\" class=\"aligncenter wp-image-4591 size-medium\" src=\"https:\/\/freshairadventure.com\/wp-content\/uploads\/2023\/07\/FD89DCE8-1337-4E40-9B9F-96B8522819E9_1_105_c-225x300.jpeg\" alt=\"\" width=\"225\" height=\"300\" data-id=\"4023\" data-link=\"https:\/\/freshairadventure.com\/?attachment_id=4023\" srcset=\"https:\/\/freshairadventure.com\/wp-content\/uploads\/2023\/07\/FD89DCE8-1337-4E40-9B9F-96B8522819E9_1_105_c-225x300.jpeg 225w, https:\/\/freshairadventure.com\/wp-content\/uploads\/2023\/07\/FD89DCE8-1337-4E40-9B9F-96B8522819E9_1_105_c-600x799.jpeg 600w, https:\/\/freshairadventure.com\/wp-content\/uploads\/2023\/07\/FD89DCE8-1337-4E40-9B9F-96B8522819E9_1_105_c.jpeg 769w\" sizes=\"auto, (max-width: 225px) 100vw, 225px\" \/>\r\n<figcaption class=\"blocks-gallery-item__caption\">Paul (and Finnegan)<\/figcaption>\r\n<\/figure>\r\n<\/li>\r\n<li class=\"blocks-gallery-item\">\r\n<figure><img loading=\"lazy\" decoding=\"async\" width=\"540\" height=\"720\" class=\"wp-image-1460\" src=\"https:\/\/freshairadventure.com\/wp-content\/uploads\/2017\/02\/Gina-Camping.jpg\" alt=\"\" data-id=\"1460\" data-link=\"https:\/\/freshairadventure.com\/our-team\/gina-camping\/\" srcset=\"https:\/\/freshairadventure.com\/wp-content\/uploads\/2017\/02\/Gina-Camping.jpg 540w, https:\/\/freshairadventure.com\/wp-content\/uploads\/2017\/02\/Gina-Camping-225x300.jpg 225w\" sizes=\"auto, (max-width: 540px) 100vw, 540px\" \/>\r\n<figcaption class=\"blocks-gallery-item__caption\">Gina<\/figcaption>\r\n<\/figure>\r\n<\/li>\r\n<\/ul>\r\n<\/figure>\r\n\r\n\r\n\r\n<h2 id=\"tw-target-text\" class=\"tw-data-text tw-text-large tw-ta\" dir=\"ltr\" data-placeholder=\"Translation\"><span class=\"Y2IQFc\" lang=\"fr\">notre \u00e9quipe<\/span><\/h2>\r\n<p>&nbsp;<\/p>\r\n<p><span style=\"color: #333399;\"><strong>Gina Miller <\/strong><strong>: <\/strong><\/span>Propri\u00e9taire et exploitante de Kayak Fundy | FreshAir Adventure, Gina a grandi au Canada atlantique avant de partir explorer diff\u00e9rentes universit\u00e9s, accumulant des dipl\u00f4mes qu&rsquo;elle utilise rarement. En 2000, elle a d\u00e9m\u00e9nag\u00e9 \u00e0 Hong Kong, Chine, o\u00f9 elle a pass\u00e9 vingt ans \u00e0 travailler comme journaliste \u00e9conomique, coordonnatrice d\u2019\u00e9v\u00e9nements sportifs et entra\u00eeneuse de pagaie. En 2011, elle a rejoint Kayak Fundy | FreshAir Adventure, revenant chaque \u00e9t\u00e9 sur la baie de Fundy. En 2018, elle est retourn\u00e9e au Canada \u00e0 temps plein et a red\u00e9couvert l\u2019hiver canadien (brrrrr \u2013 l\u2019eau est froide!).<\/p>\r\n<p data-start=\"767\" data-end=\"1076\">Apr\u00e8s des ann\u00e9es de comp\u00e9tition en Asie, Gina adore toujours pagayer vite sur les vagues. Elle dirige les tours et formations en surfski et en navigation sur vagues avec Kayak Fundy | FreshAir Adventure. Si vous cherchez un nouveau kayak et une nouvelle aventure, c\u2019est elle qu\u2019il faut appeler !<\/p>\r\n<p><span style=\"color: #333399;\"><strong>Paul Davis <\/strong><strong>: <\/strong><\/span>Co-exploitant de Kayak Fundy | FreshAir Adventure, Paul est originaire du Royaume-Uni. D\u2019une clairvoyance incroyable, il avait pr\u00e9vu le Brexit d\u00e8s 1997 et a choisi de s\u2019installer \u00e0 Hong Kong pour observer de pr\u00e8s le d\u00e9mant\u00e8lement de l\u2019empreinte britannique dans le monde.<\/p>\r\n<p data-start=\"1397\" data-end=\"1628\">C\u2019est \u00e0 Hong Kong qu\u2019il a d\u00e9couvert les courses de Dragon Boat et de cano\u00eb polyn\u00e9sien (ou Outrigger Canoe), une passion qu\u2019il a apport\u00e9e avec lui au Canada. Mari\u00e9 \u00e0 Gina, il ne regrette absolument rien \u2013 pas une seconde !<\/p>\r\n<p><span style=\"color: #333399;\"><strong>Niko &amp; Sula : <\/strong><\/span>a pris l&rsquo;avion de Hong Kong en 2018 et \u00e9taient Kayak Fundy | Les \u00ab\u00a0pr\u00e9pos\u00e9s \u00e0 l&rsquo;accueil\u00a0\u00bb officiels de FreshAir Adventure. Malheureusement, ils ne sont plus avec nous, mais nous ne pouvons pas nous r\u00e9soudre \u00e0 supprimer les photos! Aujourd&rsquo;hui, <span style=\"color: #333399;\"><strong>Finnegan le Fiery<\/strong> <\/span>est notre plus r\u00e9cent wonder-mutt. C&rsquo;est un setter rouge d&rsquo;un an, ce qui signifie qu&rsquo;il est plein d&rsquo;\u00e9nergie. Il est tr\u00e8s affectueux mais ne conna\u00eet pas sa propre force, alors il essaie de jouer trop dur avec les enfants. Notre plus jeune chienne, <span style=\"color: #333399;\"><strong>Lila<\/strong><\/span>, est un Golden Retriever, ce qui signifie que si vous lui lancez quelque chose, elle ne vous laissera jamais, au grand jamais tranquille !<\/p>\r\n<p><span style=\"color: #333399;\"><strong>Guides \u00e9m\u00e9rites (parfois ils reviennent!)<\/strong> <\/span><\/p>\r\n<p><span style=\"color: #333399;\"><strong>Amanda Harrington :\u00a0<\/strong><\/span>notre guide \u00e9m\u00e9rite par excellence, a grandi \u00e0 Saint John, au Nouveau-Brunswick, \u00e0 quelques pas de la baie de Fundy. Dipl\u00f4m\u00e9e en sports r\u00e9cr\u00e9atifs de l\u2019Universit\u00e9 du Nouveau-Brunswick et du programme Adventure Leadership de Saint Andrew\u2019s, elle est une passionn\u00e9e de kayak en eau vive et en mer.<\/p>\r\n<p data-start=\"2574\" data-end=\"2982\">Mais ce n\u2019est pas tout ! Amanda trouve toujours le temps pour des randonn\u00e9es extr\u00eames, de longs road trips en pleine nature et de l\u2019escalade. Elle suit \u00e9galement une formation pour devenir entra\u00eeneuse de chiens d\u2019assistance. Son propre chien, Seaka, l\u2019accompagne partout pour la prot\u00e9ger des odeurs chimiques (elle est allergique aux parfums, a\u00e9rosols et autres produits chimiques).<\/p>\r\n<p data-start=\"2984\" data-end=\"3265\">Amanda a pass\u00e9 deux hivers \u00e0 guider des exp\u00e9ditions en Australie et en Nouvelle-Z\u00e9lande. Elle a un rire contagieux et raconte des blagues affreuses \u2013 vraiment affreuses. On ne la laisse guider que lorsque notre tol\u00e9rance aux jeux de mots est particuli\u00e8rement \u00e9lev\u00e9e !<\/p>\r\n<p><span style=\"color: #333399;\"><strong>Isaac Miller :<\/strong> <\/span>revient pour aider \u00e0 guider \u00e0 Kayak Fundy | FreshAir Adventure de temps en temps parce que la vie sans kayak de mer n&rsquo;est pas une vie du tout. (Il est \u00e9galement oblig\u00e9 de compara\u00eetre parce qu&rsquo;il est de la famille et nous insistons pour voir son beau visage quelques fois chaque \u00e9t\u00e9.) Isaac a travaill\u00e9 avec Kayak Fundy depuis qu&rsquo;il avait 15 ans et a pagay\u00e9 depuis qu&rsquo;il \u00e9tait assez vieux pour \u00eatre plunked dans un bateau et avoir ses doigts adolescents enroul\u00e9s autour d&rsquo;une pagaie. Passionn\u00e9 d&rsquo;eau vive et en forme aga\u00e7ante, Isaac passe assez souvent pour que le reste d&rsquo;entre nous se sente wimpy. Nous l&rsquo;aimons de toute fa\u00e7on. \u00a0<\/p><\/div>","protected":false},"excerpt":{"rendered":"<p>[vc_row][vc_column][vc_column_text] notre \u00e9quipe &nbsp; Gina Miller : Propri\u00e9taire et exploitante de Kayak Fundy | FreshAir Adventure, Gina a grandi au Canada atlantique avant de partir explorer diff\u00e9rentes universit\u00e9s, accumulant des dipl\u00f4mes qu&rsquo;elle utilise rarement. En 2000, elle a d\u00e9m\u00e9nag\u00e9 \u00e0 Hong Kong, Chine, o\u00f9 elle a pass\u00e9 vingt ans \u00e0 travailler comme journaliste \u00e9conomique, coordonnatrice<\/p>\n<div class=\"padding-top text-center\"><a href=\"https:\/\/freshairadventure.com\/fr\/a-pros-pos-de-nous\/notre-equipe\/\" class=\"atbtn atbtn--medium atbtn--rounded atbtn--transparent\">Read more<i class=\"atbtn__icon atbtn__icon--right fa fa-long-arrow-right\"><\/i><\/a><\/div>\n","protected":false},"author":1,"featured_media":0,"parent":2484,"menu_order":0,"comment_status":"closed","ping_status":"closed","template":"","meta":{"_eb_attr":"","_monsterinsights_skip_tracking":false,"_monsterinsights_sitenote_active":false,"_monsterinsights_sitenote_note":"","_monsterinsights_sitenote_category":0,"footnotes":""},"class_list":["post-2553","page","type-page","status-publish","hentry"],"aioseo_notices":[],"_links":{"self":[{"href":"https:\/\/freshairadventure.com\/fr\/wp-json\/wp\/v2\/pages\/2553","targetHints":{"allow":["GET"]}}],"collection":[{"href":"https:\/\/freshairadventure.com\/fr\/wp-json\/wp\/v2\/pages"}],"about":[{"href":"https:\/\/freshairadventure.com\/fr\/wp-json\/wp\/v2\/types\/page"}],"author":[{"embeddable":true,"href":"https:\/\/freshairadventure.com\/fr\/wp-json\/wp\/v2\/users\/1"}],"replies":[{"embeddable":true,"href":"https:\/\/freshairadventure.com\/fr\/wp-json\/wp\/v2\/comments?post=2553"}],"version-history":[{"count":10,"href":"https:\/\/freshairadventure.com\/fr\/wp-json\/wp\/v2\/pages\/2553\/revisions"}],"predecessor-version":[{"id":5040,"href":"https:\/\/freshairadventure.com\/fr\/wp-json\/wp\/v2\/pages\/2553\/revisions\/5040"}],"up":[{"embeddable":true,"href":"https:\/\/freshairadventure.com\/fr\/wp-json\/wp\/v2\/pages\/2484"}],"wp:attachment":[{"href":"https:\/\/freshairadventure.com\/fr\/wp-json\/wp\/v2\/media?parent=2553"}],"curies":[{"name":"wp","href":"https:\/\/api.w.org\/{rel}","templated":true}]}}