{"id":2555,"date":"2017-08-07T13:44:36","date_gmt":"2017-08-07T13:44:36","guid":{"rendered":"https:\/\/freshairadventure.com\/les-offres-speciales\/"},"modified":"2017-08-07T13:44:36","modified_gmt":"2017-08-07T13:44:36","slug":"les-offres-speciales","status":"publish","type":"page","link":"https:\/\/freshairadventure.com\/fr\/les-offres-speciales\/","title":{"rendered":"Les offres sp\u00e9ciales"},"content":{"rendered":"<p>Que tu soit un groupe d&rsquo;\u00e9tudiants ou sur un s\u00e9jour de couples, FreshAir Adventure a les offres sp\u00e9ciales la long de la saison. S&rsquo;il vous pla\u00eet, regardez notre menu d\u00e9roulent pour plus d&rsquo;info.<\/p>\n","protected":false},"excerpt":{"rendered":"<p>Que tu soit un groupe d&rsquo;\u00e9tudiants ou sur un s\u00e9jour de couples, FreshAir Adventure a les offres sp\u00e9ciales la long de la saison. S&rsquo;il vous pla\u00eet, regardez notre menu d\u00e9roulent pour plus d&rsquo;info.<\/p>\n","protected":false},"author":1,"featured_media":0,"parent":0,"menu_order":0,"comment_status":"closed","ping_status":"closed","template":"","meta":{"_eb_attr":"","_monsterinsights_skip_tracking":false,"_monsterinsights_sitenote_active":false,"_monsterinsights_sitenote_note":"","_monsterinsights_sitenote_category":0,"footnotes":""},"class_list":["post-2555","page","type-page","status-publish","hentry"],"aioseo_notices":[],"_links":{"self":[{"href":"https:\/\/freshairadventure.com\/fr\/wp-json\/wp\/v2\/pages\/2555","targetHints":{"allow":["GET"]}}],"collection":[{"href":"https:\/\/freshairadventure.com\/fr\/wp-json\/wp\/v2\/pages"}],"about":[{"href":"https:\/\/freshairadventure.com\/fr\/wp-json\/wp\/v2\/types\/page"}],"author":[{"embeddable":true,"href":"https:\/\/freshairadventure.com\/fr\/wp-json\/wp\/v2\/users\/1"}],"replies":[{"embeddable":true,"href":"https:\/\/freshairadventure.com\/fr\/wp-json\/wp\/v2\/comments?post=2555"}],"version-history":[{"count":0,"href":"https:\/\/freshairadventure.com\/fr\/wp-json\/wp\/v2\/pages\/2555\/revisions"}],"wp:attachment":[{"href":"https:\/\/freshairadventure.com\/fr\/wp-json\/wp\/v2\/media?parent=2555"}],"curies":[{"name":"wp","href":"https:\/\/api.w.org\/{rel}","templated":true}]}}