{"id":2557,"date":"2017-08-07T19:56:32","date_gmt":"2017-08-07T19:56:32","guid":{"rendered":"https:\/\/freshairadventure.com\/les-speciales-du-printemps\/"},"modified":"2025-05-30T19:41:19","modified_gmt":"2025-05-30T19:41:19","slug":"les-speciales-du-printemps","status":"publish","type":"page","link":"https:\/\/freshairadventure.com\/fr\/les-speciales-du-printemps\/","title":{"rendered":"Fundy Highlands Motel &#038; Chalets"},"content":{"rendered":"<div class=\"wpb-content-wrapper\"><p>[vc_row][vc_column][vc_column_text]<\/p>\n<h3 data-start=\"210\" data-end=\"601\"><span style=\"color: #333399;\">Nous adorons le parc national Fundy et Fundy Highlands Motel &amp; Chalets<\/span><\/h3>\n<p data-start=\"210\" data-end=\"601\">Profitez de toutes les saisons douces \u00e0 Fundy\u202f: admirez le littoral qui s\u2019anime avec les verts \u00e9clatants de la nouvelle v\u00e9g\u00e9tation, rep\u00e9rez de jeunes pygargues \u00e0 t\u00eate blanche le long des falaises, et vivez le meilleur de Fundy en combinant votre aventure en kayak avec un s\u00e9jour au Fundy Highlands Motel &amp; Chalets, situ\u00e9 dans le parc national Fundy, avec des vues spectaculaires sur la baie.<\/p>\n<p data-start=\"603\" data-end=\"784\">Les forfaits peuvent \u00eatre personnalis\u00e9s selon vos besoins (par exemple, la dur\u00e9e des excursions en kayak ou des nuit\u00e9es suppl\u00e9mentaires au Fundy Highlands peuvent \u00eatre disponibles).<\/p>\n<p data-start=\"786\" data-end=\"952\">Comme Kayak Fundy offre une collation \u00e0 mi-parcours des excursions, veuillez informer Fundy Highlands Motel &amp; Chalets de toute allergie ou intol\u00e9rance alimentaire.<\/p>\n<div id=\"gallery_1\" class=\"gallery\">\n<div class=\"row gallery__items\">\n\t\t\t\t\t<div class=\"col-sm-4 gallery__item-wrap\" data-filterid=\"\">\n\t\t\t<a href=\"https:\/\/freshairadventure.com\/wp-content\/uploads\/2019\/02\/LOOKOUT-VIEW-copy-1.jpg\" class=\"swipebox gallery__item\" title=\"LOOKOUT VIEW copy\">\n\t\t\t\t<img loading=\"lazy\" decoding=\"async\" width=\"720\" height=\"480\" src=\"https:\/\/freshairadventure.com\/wp-content\/uploads\/2019\/02\/LOOKOUT-VIEW-copy-1-720x480.jpg\" class=\"attachment-thumb_gallery size-thumb_gallery\" alt=\"\" srcset=\"https:\/\/freshairadventure.com\/wp-content\/uploads\/2019\/02\/LOOKOUT-VIEW-copy-1-720x480.jpg 720w, https:\/\/freshairadventure.com\/wp-content\/uploads\/2019\/02\/LOOKOUT-VIEW-copy-1-531x354.jpg 531w, https:\/\/freshairadventure.com\/wp-content\/uploads\/2019\/02\/LOOKOUT-VIEW-copy-1-180x120.jpg 180w\" sizes=\"auto, (max-width: 720px) 100vw, 720px\" \/>\t\t\t\t<span class=\"gallery__item__info\">\n\t\t\t\t\t<span class=\"gallery__item__info__content\">\n\t\t\t\t\t\t<span class=\"gallery__item__title\">Vues depuis le Fundy Highlands<\/span>\n\t\t\t\t\t\t\t\t\t\t<\/span>\n\t\t\t\t\t<span class=\"gallery__item__shadow\"><\/span>\n\t\t\t\t<\/span>\n\t\t\t<\/a>\n\t\t<\/div>\n\t\t\t\t\t<div class=\"col-sm-4 gallery__item-wrap\" data-filterid=\"\">\n\t\t\t<a href=\"https:\/\/freshairadventure.com\/wp-content\/uploads\/2017\/06\/FundyHighland_chalets_LR_jpg.jpg\" class=\"swipebox gallery__item\" title=\"FundyHighland_chalets_LR_jpg\">\n\t\t\t\t<img loading=\"lazy\" decoding=\"async\" width=\"600\" height=\"330\" src=\"https:\/\/freshairadventure.com\/wp-content\/uploads\/2017\/06\/FundyHighland_chalets_LR_jpg.jpg\" class=\"attachment-thumb_gallery size-thumb_gallery\" alt=\"\" \/>\t\t\t\t<span class=\"gallery__item__info\">\n\t\t\t\t\t<span class=\"gallery__item__info__content\">\n\t\t\t\t\t\t<span class=\"gallery__item__title\">Le chalet<\/span>\n\t\t\t\t\t\t\t\t\t\t<\/span>\n\t\t\t\t\t<span class=\"gallery__item__shadow\"><\/span>\n\t\t\t\t<\/span>\n\t\t\t<\/a>\n\t\t<\/div>\n\t\t\t\t\t<div class=\"col-sm-4 gallery__item-wrap\" data-filterid=\"\">\n\t\t\t<a href=\"https:\/\/freshairadventure.com\/wp-content\/uploads\/2023\/01\/P7130095.jpeg\" class=\"swipebox gallery__item\" title=\"View from the Sea\">\n\t\t\t\t<img loading=\"lazy\" decoding=\"async\" width=\"640\" height=\"480\" src=\"https:\/\/freshairadventure.com\/wp-content\/uploads\/2023\/01\/P7130095.jpeg\" class=\"attachment-thumb_gallery size-thumb_gallery\" alt=\"Hands up!\" srcset=\"https:\/\/freshairadventure.com\/wp-content\/uploads\/2023\/01\/P7130095.jpeg 640w, https:\/\/freshairadventure.com\/wp-content\/uploads\/2023\/01\/P7130095-600x450.jpeg 600w, https:\/\/freshairadventure.com\/wp-content\/uploads\/2023\/01\/P7130095-300x225.jpeg 300w, https:\/\/freshairadventure.com\/wp-content\/uploads\/2023\/01\/P7130095-400x300.jpeg 400w\" sizes=\"auto, (max-width: 640px) 100vw, 640px\" \/>\t\t\t\t<span class=\"gallery__item__info\">\n\t\t\t\t\t<span class=\"gallery__item__info__content\">\n\t\t\t\t\t\t<span class=\"gallery__item__title\">Vue marine des rochers<\/span>\n\t\t\t\t\t\t\t\t\t\t<\/span>\n\t\t\t\t\t<span class=\"gallery__item__shadow\"><\/span>\n\t\t\t\t<\/span>\n\t\t\t<\/a>\n\t\t<\/div>\n\t<\/div>\n<\/div>\n<div>\n<p><b>Forfait printanier <\/b><strong data-start=\"959\" data-end=\"1001\">:<\/strong><\/p>\n<p>Deux nuit\u00e9es dans un\u00a0<b>chalet \u00e0 aire ouverte<\/b> , et une tourn\u00e9e guid\u00e9e en kayak de mer d&rsquo;une demi-journ\u00e9e, explorant le littoral du Parc National Fundy, avec Kayak Fundy.<\/p>\n<p><b>Co\u00fbt <\/b><strong data-start=\"1159\" data-end=\"1179\">:<\/strong> du 1er au 12 juin<\/p>\n<\/div>\n<p data-start=\"1159\" data-end=\"1380\"><strong data-start=\"1200\" data-end=\"1212\">Tarifs :<\/strong> 439,00 $ + TVH (15 %) pour deux adultes (353,50 $ + TVH en occupation simple)<br data-start=\"1290\" data-end=\"1293\" \/><strong data-start=\"1293\" data-end=\"1311\">R\u00e9servations :<\/strong> Veuillez contacter <a href=\"https:\/\/www.fundyhighlandchalets.com\/fre\/index.html\">Fundy Highlands Motel &amp; Chalets <\/a>pour r\u00e9server.<\/p>\n<hr data-start=\"1382\" data-end=\"1385\" \/>\n<p data-start=\"1387\" data-end=\"1608\"><strong data-start=\"1387\" data-end=\"1423\">Forfait \u00c9t\u00e9 \u2013 Points saillants :<\/strong><\/p>\n<p data-start=\"1387\" data-end=\"1608\">Deux nuit\u00e9es dans une\u00a0<b>chambre studio au motel<\/b>, avec vue sur la Baie de Fundy, et une tourn\u00e9e guid\u00e9e en kayak de mer d&rsquo;une demi-journ\u00e9e, explorant le littoral du Parc National Fundy, avec Kayak Fundy.<\/p>\n<p data-start=\"1610\" data-end=\"1748\"><strong data-start=\"1610\" data-end=\"1630\"><b>Co\u00fbt<\/b>\u00a0:<\/strong> du 13 juin au 17 juillet<br data-start=\"1655\" data-end=\"1658\" \/><strong data-start=\"1658\" data-end=\"1670\">Tarifs :<\/strong> 439,00 $ + TVH (15 %) pour deux adultes (353,50 $ + TVH en occupation simple)<\/p>\n<p data-start=\"1750\" data-end=\"1894\"><strong data-start=\"1750\" data-end=\"1770\">Disponibilit\u00e9s :<\/strong> du 18 juillet au 1er septembre<br data-start=\"1801\" data-end=\"1804\" \/><strong data-start=\"1804\" data-end=\"1816\">Tarifs :<\/strong> 459,00 $ + TVH (15 %) pour deux adultes (373,50 $ + TVH en occupation simple)<\/p>\n<p data-start=\"1896\" data-end=\"1983\"><strong data-start=\"1896\" data-end=\"1914\">R\u00e9servations :<\/strong> Veuillez contacter <a href=\"https:\/\/www.fundyhighlandchalets.com\/fre\/index.html\">Fundy Highlands Motel &amp; Chalets <\/a>pour r\u00e9server.<\/p>\n<hr data-start=\"1985\" data-end=\"1988\" \/>\n<p data-start=\"1990\" data-end=\"2215\"><strong data-start=\"1990\" data-end=\"2030\">Forfait Automne \u2013 Points saillants :<\/strong><br data-start=\"2030\" data-end=\"2033\" \/>Deux nuit\u00e9es dans une\u00a0<b>chambre studio au motel<\/b>, avec vue sur la Baie de Fundy, et une tourn\u00e9e guid\u00e9e en kayak de mer d&rsquo;une demi-journ\u00e9e, explorant le littoral du Parc National Fundy, avec Kayak Fundy.<\/p>\n<p data-start=\"2217\" data-end=\"2441\"><strong data-start=\"2217\" data-end=\"2237\"><b>Co\u00fbt <\/b>:<\/strong>\u00a0du 2 au 13 septembre<br data-start=\"2258\" data-end=\"2261\" \/><strong data-start=\"2261\" data-end=\"2273\">Tarifs :<\/strong> 439,00 $ + TVH (15 %) pour deux adultes (353,50 $ + TVH en occupation simple)<br data-start=\"2351\" data-end=\"2354\" \/><strong data-start=\"2354\" data-end=\"2372\">R\u00e9servations :<\/strong> Veuillez contacter <a href=\"https:\/\/www.fundyhighlandchalets.com\/fre\/index.html\">Fundy Highlands Motel &amp; Chalets<\/a> pour r\u00e9server.<\/p>\n<hr data-start=\"2443\" data-end=\"2446\" \/>\n<p data-start=\"2448\" data-end=\"2619\">Pour toute autre question, veuillez communiquer avec <a href=\"https:\/\/www.fundyhighlandchalets.com\/fre\/index.html\">Fundy Highlands Motel &amp; Chalets<\/a> en ligne ou appeler le 1-506-887-2930 ou le 1-888-88FUNDY (883-8639) pour r\u00e9server.<\/p>\n<p data-start=\"2448\" data-end=\"2619\"><i>* tarifs n\u2019incluent pas la TVH (15%).\u00a0<\/i><\/p>\n<p>\u00a0[\/vc_column_text][\/vc_column][\/vc_row]<\/p>\n<\/div>","protected":false},"excerpt":{"rendered":"<p>[vc_row][vc_column][vc_column_text] Nous adorons le parc national Fundy et Fundy Highlands Motel &amp; Chalets Profitez de toutes les saisons douces \u00e0 Fundy\u202f: admirez le littoral qui s\u2019anime avec les verts \u00e9clatants de la nouvelle v\u00e9g\u00e9tation, rep\u00e9rez de jeunes pygargues \u00e0 t\u00eate blanche le long des falaises, et vivez le meilleur de Fundy en combinant votre aventure<\/p>\n<div class=\"padding-top text-center\"><a href=\"https:\/\/freshairadventure.com\/fr\/les-speciales-du-printemps\/\" class=\"atbtn atbtn--medium atbtn--rounded atbtn--transparent\">Read more<i class=\"atbtn__icon atbtn__icon--right fa fa-long-arrow-right\"><\/i><\/a><\/div>\n","protected":false},"author":1,"featured_media":0,"parent":0,"menu_order":0,"comment_status":"closed","ping_status":"closed","template":"","meta":{"_eb_attr":"","_monsterinsights_skip_tracking":false,"_monsterinsights_sitenote_active":false,"_monsterinsights_sitenote_note":"","_monsterinsights_sitenote_category":0,"footnotes":""},"class_list":["post-2557","page","type-page","status-publish","hentry"],"aioseo_notices":[],"_links":{"self":[{"href":"https:\/\/freshairadventure.com\/fr\/wp-json\/wp\/v2\/pages\/2557","targetHints":{"allow":["GET"]}}],"collection":[{"href":"https:\/\/freshairadventure.com\/fr\/wp-json\/wp\/v2\/pages"}],"about":[{"href":"https:\/\/freshairadventure.com\/fr\/wp-json\/wp\/v2\/types\/page"}],"author":[{"embeddable":true,"href":"https:\/\/freshairadventure.com\/fr\/wp-json\/wp\/v2\/users\/1"}],"replies":[{"embeddable":true,"href":"https:\/\/freshairadventure.com\/fr\/wp-json\/wp\/v2\/comments?post=2557"}],"version-history":[{"count":11,"href":"https:\/\/freshairadventure.com\/fr\/wp-json\/wp\/v2\/pages\/2557\/revisions"}],"predecessor-version":[{"id":4683,"href":"https:\/\/freshairadventure.com\/fr\/wp-json\/wp\/v2\/pages\/2557\/revisions\/4683"}],"wp:attachment":[{"href":"https:\/\/freshairadventure.com\/fr\/wp-json\/wp\/v2\/media?parent=2557"}],"curies":[{"name":"wp","href":"https:\/\/api.w.org\/{rel}","templated":true}]}}