{"id":2603,"date":"2017-08-08T14:48:46","date_gmt":"2017-08-08T14:48:46","guid":{"rendered":"https:\/\/freshairadventure.com\/les-temoignages\/"},"modified":"2017-08-08T14:48:48","modified_gmt":"2017-08-08T14:48:48","slug":"les-temoignages","status":"publish","type":"page","link":"https:\/\/freshairadventure.com\/fr\/les-temoignages\/","title":{"rendered":"Les t\u00e9moignages"},"content":{"rendered":"<div class=\"wpb-content-wrapper\"><p>[vc_row][vc_column][vc_text_separator title=\u00a0\u00bbUn sorti incroyable! \u00ab\u00a0][vc_column_text]Nous avons eu la meilleur exp\u00e9rience avec FreshAir- trois adults et trois enfants (\u00e2g\u00e9 de 7, 12 et 13 ans) qui ont fait un sorti de demi-jour dans l&rsquo;apr\u00e8s-midi. Les guides \u00e9tait incroyables, amusant et informatifs. Un de les meilleures points de notre s\u00e9jour sur la c\u00f4te est!-<a href=\"https:\/\/www.tripadvisor.ca\/ShowUserReviews-g499173-d3297745-r418481888-FreshAir_Adventure_Day_Tours-Alma_Albert_County_New_Brunswick.html#REVIEWS\" target=\"_blank\" rel=\"noopener noreferrer\">Katelyn Y<\/a><\/p>\n<p>&nbsp;[\/vc_column_text][vc_text_separator title=\u00a0\u00bbIncroyable! \u00ab\u00a0][vc_column_text]Je ne peux pas ravir assez de cet endroit! Mon copain et moi \u00e9tions en vacances pr\u00e8s d&rsquo;Alma et nous avons r\u00e9serv\u00e9 une demi-journ\u00e9e. Les guides \u00e9taient tr\u00e8s bien inform\u00e9s et sympathiques et le prix \u00e9tait tr\u00e8s raisonnable pour ce que vous obtenez. Nous avons pass\u00e9 3 bonnes heures sur la baie de Fundy et nous avons eu des vues incroyables. Un kayak tr\u00e8s relaxant pour que vous puissiez vraiment admirer le paysage. Nous ne faisons pas beaucoup de kayak et nous avons tr\u00e8s bien fait. C&rsquo;\u00e9tait l&rsquo;une de mes excursions pr\u00e9f\u00e9r\u00e9es que nous avons faites lors de notre voyage. Hautement recommand\u00e9.-\u00a0Je ne peux pas ravir assez de cet endroit! Mon copain et moi \u00e9tions en vacances pr\u00e8s d&rsquo;Alma et nous avons r\u00e9serv\u00e9 une demi-journ\u00e9e. Les guides \u00e9taient tr\u00e8s bien inform\u00e9s et sympathiques et le prix \u00e9tait tr\u00e8s raisonnable pour ce que vous obtenez. Nous avons pass\u00e9 3 bonnes heures sur la baie de Fundy et nous avons eu des vues incroyables. Un kayak tr\u00e8s relaxant pour que vous puissiez vraiment admirer le paysage. Nous ne faisons pas beaucoup de kayak et nous avons tr\u00e8s bien fait. C&rsquo;\u00e9tait l&rsquo;une de mes excursions pr\u00e9f\u00e9r\u00e9es que nous avons faites lors de notre voyage. Hautement recommand\u00e9.<a href=\"https:\/\/www.tripadvisor.ca\/members\/Cliche1\" target=\"_blank\" rel=\"noopener noreferrer\">Cliche 1<\/a>[\/vc_column_text][vc_text_separator title=\u00a0\u00bbUn op\u00e9ration A+ \u00ab\u00a0][vc_column_text]S\u00e9cure, professionnel et amicalable &#8211; tr\u00e8s bien organis\u00e9, des nouveaux kayaks, des vestes \u00e9clatantes et des jupettes de kayak, un guide haut de gamme pour les clients, vaut vraiment le coup d&rsquo;aller \u00e0 Alma pour faire du kayak sur la c\u00f4te du parc national Fundy. Une orientation compl\u00e8te et s\u00fbre avant d&rsquo;entrer dans l&rsquo;eau.<\/p>\n<p>L&rsquo;un des guides, Amanda, est all\u00e9 au-del\u00e0 pour nous aider \u00e0 revenir \u00e0 notre g\u00eete de passant \u00e0 temps. (On battait un peu lentement contre le courant alors elle nous remorquait)! Elle a \u00e9galement eu de grandes histoires sur le nom des lieux le long de la rivi\u00e8re, ce qui est encore plus agr\u00e9able. Tous les autres guides ont \u00e9t\u00e9 utiles et super comp\u00e9tents. Gina, le propri\u00e9taire, nous a donn\u00e9 de bonnes suggestions sur l&rsquo;endroit o\u00f9 arr\u00eater le long de la route pour le reste de notre voyage. Vous ne pouvez pas vous tromper avec Freshair Adventures, vous le recommande vivement, m\u00eame si vous n&rsquo;avez pas d&rsquo;exp\u00e9rience en kayak.-\u00a0<a href=\"https:\/\/www.tripadvisor.ca\/ShowUserReviews-g499173-d3297745-r393467096-FreshAir_Adventure_Day_Tours-Alma_Albert_County_New_Brunswick.html#REVIEWS\" target=\"_blank\" rel=\"noopener noreferrer\">Drdia<\/a>[\/vc_column_text][\/vc_column][vc_column][\/vc_column][\/vc_row]<\/p>\n<\/div>","protected":false},"excerpt":{"rendered":"<p>[vc_row][vc_column][vc_text_separator title=\u00a0\u00bbUn sorti incroyable! \u00ab\u00a0][vc_column_text]Nous avons eu la meilleur exp\u00e9rience avec FreshAir- trois adults et trois enfants (\u00e2g\u00e9 de 7, 12 et 13 ans) qui ont fait un sorti de demi-jour dans l&rsquo;apr\u00e8s-midi. Les guides \u00e9tait incroyables, amusant et informatifs. Un de les meilleures points de notre s\u00e9jour sur la c\u00f4te est!-Katelyn Y &nbsp;[\/vc_column_text][vc_text_separator title=\u00a0\u00bbIncroyable!<\/p>\n<div class=\"padding-top text-center\"><a href=\"https:\/\/freshairadventure.com\/fr\/les-temoignages\/\" class=\"atbtn atbtn--medium atbtn--rounded atbtn--transparent\">Read more<i class=\"atbtn__icon atbtn__icon--right fa fa-long-arrow-right\"><\/i><\/a><\/div>\n","protected":false},"author":1,"featured_media":0,"parent":0,"menu_order":0,"comment_status":"closed","ping_status":"closed","template":"","meta":{"_eb_attr":"","_monsterinsights_skip_tracking":false,"_monsterinsights_sitenote_active":false,"_monsterinsights_sitenote_note":"","_monsterinsights_sitenote_category":0,"footnotes":""},"class_list":["post-2603","page","type-page","status-publish","hentry"],"aioseo_notices":[],"_links":{"self":[{"href":"https:\/\/freshairadventure.com\/fr\/wp-json\/wp\/v2\/pages\/2603","targetHints":{"allow":["GET"]}}],"collection":[{"href":"https:\/\/freshairadventure.com\/fr\/wp-json\/wp\/v2\/pages"}],"about":[{"href":"https:\/\/freshairadventure.com\/fr\/wp-json\/wp\/v2\/types\/page"}],"author":[{"embeddable":true,"href":"https:\/\/freshairadventure.com\/fr\/wp-json\/wp\/v2\/users\/1"}],"replies":[{"embeddable":true,"href":"https:\/\/freshairadventure.com\/fr\/wp-json\/wp\/v2\/comments?post=2603"}],"version-history":[{"count":6,"href":"https:\/\/freshairadventure.com\/fr\/wp-json\/wp\/v2\/pages\/2603\/revisions"}],"predecessor-version":[{"id":2609,"href":"https:\/\/freshairadventure.com\/fr\/wp-json\/wp\/v2\/pages\/2603\/revisions\/2609"}],"wp:attachment":[{"href":"https:\/\/freshairadventure.com\/fr\/wp-json\/wp\/v2\/media?parent=2603"}],"curies":[{"name":"wp","href":"https:\/\/api.w.org\/{rel}","templated":true}]}}