{"id":2676,"date":"2017-08-17T00:36:23","date_gmt":"2017-08-17T00:36:23","guid":{"rendered":"https:\/\/freshairadventure.com\/ethics-and-the-environment\/"},"modified":"2026-02-05T22:25:58","modified_gmt":"2026-02-05T22:25:58","slug":"environnement-et-intendance","status":"publish","type":"page","link":"https:\/\/freshairadventure.com\/fr\/environnement-et-intendance\/","title":{"rendered":"Environnement et intendance"},"content":{"rendered":"<div class=\"wpb-content-wrapper\"><p>[vc_row][vc_column][vc_column_text]<\/p>\n<h2 data-start=\"730\" data-end=\"772\">Kayak \u00e0 faible impact dans la baie de Fundy<\/h2>\n<p data-start=\"774\" data-end=\"993\">Le haut de la baie de Fundy est l&rsquo;un des environnements de mar\u00e9es les plus puissants de la plan\u00e8te. Deux fois par jour, les plus hautes mar\u00e9es du monde fa\u00e7onnent les marais sal\u00e9s, les vasi\u00e8res et les falaises de gr\u00e8s qui abritent des oiseaux, des poissons et la faune c\u00f4ti\u00e8re.<\/p>\n<p data-start=\"995\" data-end=\"1208\">Kayak Fundy op\u00e8re \u00e0 l&rsquo;int\u00e9rieur de la R\u00e9serve de la biosph\u00e8re de Fundy, un paysage reconnu par l&rsquo;UNESCO qui \u00e9quilibre la conservation et les moyens de subsistance communautaires. Nous traitons cet endroit non pas comme un terrain de jeu, mais comme une responsabilit\u00e9 partag\u00e9e.<\/p>\n<p data-start=\"1210\" data-end=\"1336\"><strong>Notre objectif est simple : <em>aider les gens \u00e0 vivre la baie en douceur, en toute s\u00e9curit\u00e9 et avec respect \u2013 en la laissant aussi sauvage que nous l&rsquo;avons trouv\u00e9e.<\/em><\/strong><\/p>\n<h2 data-start=\"1343\" data-end=\"1374\">Ce que l&rsquo;intendance signifie pour nous<\/h2>\n<p data-start=\"1376\" data-end=\"1457\">L&rsquo;intendance et le tourisme r\u00e9g\u00e9n\u00e9ratif peuvent sembler techniques. Pour nous, ils sont pratiques :<\/p>\n<p style=\"padding-left: 40px;\" data-start=\"1459\" data-end=\"1641\">\u2022 prendre moins que ce que nous donnons<br data-start=\"1483\" data-end=\"1486\" \/>\u2022 minimiser les d\u00e9chets et les perturbations<br data-start=\"1518\" data-end=\"1521\" \/>\u2022 soutenir les gens et les entreprises locales<br data-start=\"1558\" data-end=\"1561\" \/>\u2022 enseigner le respect de la nature<br data-start=\"1587\" data-end=\"1590\" \/>\u2022 laisser l&rsquo;environnement en meilleur \u00e9tat, pas seulement intact<\/p>\n<p data-start=\"1643\" data-end=\"1696\">Lorsque vous pagayez avec nous, vous faites partie de cet effort.<\/p>\n<div id=\"gallery_1\" class=\"gallery\">\n<div class=\"row gallery__items\">\n\t\t\t\t\t<div class=\"col-sm-4 gallery__item-wrap\" data-filterid=\"\">\n\t\t\t<a href=\"https:\/\/freshairadventure.com\/wp-content\/uploads\/2023\/01\/monarch.jpg\" class=\"swipebox gallery__item\" title=\"Monarch Butterfly\">\n\t\t\t\t<img loading=\"lazy\" decoding=\"async\" width=\"720\" height=\"480\" src=\"https:\/\/freshairadventure.com\/wp-content\/uploads\/2023\/01\/monarch-720x480.jpg\" class=\"attachment-thumb_gallery size-thumb_gallery\" alt=\"Monarch\" srcset=\"https:\/\/freshairadventure.com\/wp-content\/uploads\/2023\/01\/monarch-720x480.jpg 720w, https:\/\/freshairadventure.com\/wp-content\/uploads\/2023\/01\/monarch-531x354.jpg 531w, https:\/\/freshairadventure.com\/wp-content\/uploads\/2023\/01\/monarch-180x120.jpg 180w\" sizes=\"auto, (max-width: 720px) 100vw, 720px\" \/>\t\t\t\t<span class=\"gallery__item__info\">\n\t\t\t\t\t<span class=\"gallery__item__info__content\">\n\t\t\t\t\t\t<span class=\"gallery__item__title\">Papillon monarque<\/span>\n\t\t\t\t\t\t\t\t\t\t<\/span>\n\t\t\t\t\t<span class=\"gallery__item__shadow\"><\/span>\n\t\t\t\t<\/span>\n\t\t\t<\/a>\n\t\t<\/div>\n\t\t\t\t\t<div class=\"col-sm-4 gallery__item-wrap\" data-filterid=\"\">\n\t\t\t<a href=\"https:\/\/freshairadventure.com\/wp-content\/uploads\/2017\/05\/EASTERN-BROOK-HIKE-e1747231383234.jpg\" class=\"swipebox gallery__item\" title=\"Eastern Brook Hike\">\n\t\t\t\t<img loading=\"lazy\" decoding=\"async\" width=\"720\" height=\"480\" src=\"https:\/\/freshairadventure.com\/wp-content\/uploads\/2017\/05\/EASTERN-BROOK-HIKE-e1747231383234-720x480.jpg\" class=\"attachment-thumb_gallery size-thumb_gallery\" alt=\"\" srcset=\"https:\/\/freshairadventure.com\/wp-content\/uploads\/2017\/05\/EASTERN-BROOK-HIKE-e1747231383234-720x480.jpg 720w, https:\/\/freshairadventure.com\/wp-content\/uploads\/2017\/05\/EASTERN-BROOK-HIKE-e1747231383234-531x354.jpg 531w, https:\/\/freshairadventure.com\/wp-content\/uploads\/2017\/05\/EASTERN-BROOK-HIKE-e1747231383234-180x120.jpg 180w\" sizes=\"auto, (max-width: 720px) 100vw, 720px\" \/>\t\t\t\t<span class=\"gallery__item__info\">\n\t\t\t\t\t<span class=\"gallery__item__info__content\">\n\t\t\t\t\t\t<span class=\"gallery__item__title\">Barrage de la Vieille Rivi\u00e8re<\/span>\n\t\t\t\t\t\t\t\t\t\t<\/span>\n\t\t\t\t\t<span class=\"gallery__item__shadow\"><\/span>\n\t\t\t\t<\/span>\n\t\t\t<\/a>\n\t\t<\/div>\n\t\t\t\t\t<div class=\"col-sm-4 gallery__item-wrap\" data-filterid=\"\">\n\t\t\t<a href=\"https:\/\/freshairadventure.com\/wp-content\/uploads\/2017\/05\/SQUIRREL-e1747231354581.jpg\" class=\"swipebox gallery__item\" title=\"Red Squirrel\">\n\t\t\t\t<img loading=\"lazy\" decoding=\"async\" width=\"720\" height=\"480\" src=\"https:\/\/freshairadventure.com\/wp-content\/uploads\/2017\/05\/SQUIRREL-e1747231354581-720x480.jpg\" class=\"attachment-thumb_gallery size-thumb_gallery\" alt=\"\" srcset=\"https:\/\/freshairadventure.com\/wp-content\/uploads\/2017\/05\/SQUIRREL-e1747231354581-720x480.jpg 720w, https:\/\/freshairadventure.com\/wp-content\/uploads\/2017\/05\/SQUIRREL-e1747231354581-531x354.jpg 531w, https:\/\/freshairadventure.com\/wp-content\/uploads\/2017\/05\/SQUIRREL-e1747231354581-180x120.jpg 180w\" sizes=\"auto, (max-width: 720px) 100vw, 720px\" \/>\t\t\t\t<span class=\"gallery__item__info\">\n\t\t\t\t\t<span class=\"gallery__item__info__content\">\n\t\t\t\t\t\t<span class=\"gallery__item__title\">\u00c9cureuil roux<\/span>\n\t\t\t\t\t\t\t\t\t\t<\/span>\n\t\t\t\t\t<span class=\"gallery__item__shadow\"><\/span>\n\t\t\t\t<\/span>\n\t\t\t<\/a>\n\t\t<\/div>\n\t\t\t\t\t<div class=\"col-sm-4 gallery__item-wrap\" data-filterid=\"\">\n\t\t\t<a href=\"https:\/\/freshairadventure.com\/wp-content\/uploads\/2017\/06\/Rocks-and-Estuary-016-scaled-e1747231252330.jpeg\" class=\"swipebox gallery__item\" title=\"Amazing Rocks\">\n\t\t\t\t<img loading=\"lazy\" decoding=\"async\" width=\"720\" height=\"480\" src=\"https:\/\/freshairadventure.com\/wp-content\/uploads\/2017\/06\/Rocks-and-Estuary-016-scaled-e1747231252330-720x480.jpeg\" class=\"attachment-thumb_gallery size-thumb_gallery\" alt=\"\" srcset=\"https:\/\/freshairadventure.com\/wp-content\/uploads\/2017\/06\/Rocks-and-Estuary-016-scaled-e1747231252330-720x480.jpeg 720w, https:\/\/freshairadventure.com\/wp-content\/uploads\/2017\/06\/Rocks-and-Estuary-016-scaled-e1747231252330-531x354.jpeg 531w, https:\/\/freshairadventure.com\/wp-content\/uploads\/2017\/06\/Rocks-and-Estuary-016-scaled-e1747231252330-180x120.jpeg 180w\" sizes=\"auto, (max-width: 720px) 100vw, 720px\" \/>\t\t\t\t<span class=\"gallery__item__info\">\n\t\t\t\t\t<span class=\"gallery__item__info__content\">\n\t\t\t\t\t\t<span class=\"gallery__item__title\">Rochers impressionnants<\/span>\n\t\t\t\t\t\t\t\t\t\t<\/span>\n\t\t\t\t\t<span class=\"gallery__item__shadow\"><\/span>\n\t\t\t\t<\/span>\n\t\t\t<\/a>\n\t\t<\/div>\n\t\t\t\t\t<div class=\"col-sm-4 gallery__item-wrap\" data-filterid=\"\">\n\t\t\t<a href=\"https:\/\/freshairadventure.com\/wp-content\/uploads\/2017\/06\/IMG_2210.jpg\" class=\"swipebox gallery__item\" title=\"Upper Salmon River\">\n\t\t\t\t<img loading=\"lazy\" decoding=\"async\" width=\"668\" height=\"480\" src=\"https:\/\/freshairadventure.com\/wp-content\/uploads\/2017\/06\/IMG_2210-668x480.jpg\" class=\"attachment-thumb_gallery size-thumb_gallery\" alt=\"\" \/>\t\t\t\t<span class=\"gallery__item__info\">\n\t\t\t\t\t<span class=\"gallery__item__info__content\">\n\t\t\t\t\t\t<span class=\"gallery__item__title\">Rivi\u00e8re Salmon <\/span>\n\t\t\t\t\t\t\t\t\t\t<\/span>\n\t\t\t\t\t<span class=\"gallery__item__shadow\"><\/span>\n\t\t\t\t<\/span>\n\t\t\t<\/a>\n\t\t<\/div>\n\t\t\t\t\t<div class=\"col-sm-4 gallery__item-wrap\" data-filterid=\"\">\n\t\t\t<a href=\"https:\/\/freshairadventure.com\/wp-content\/uploads\/2023\/01\/P7130095.jpeg\" class=\"swipebox gallery__item\" title=\"View from the Sea\">\n\t\t\t\t<img loading=\"lazy\" decoding=\"async\" width=\"640\" height=\"480\" src=\"https:\/\/freshairadventure.com\/wp-content\/uploads\/2023\/01\/P7130095.jpeg\" class=\"attachment-thumb_gallery size-thumb_gallery\" alt=\"Hands up!\" srcset=\"https:\/\/freshairadventure.com\/wp-content\/uploads\/2023\/01\/P7130095.jpeg 640w, https:\/\/freshairadventure.com\/wp-content\/uploads\/2023\/01\/P7130095-600x450.jpeg 600w, https:\/\/freshairadventure.com\/wp-content\/uploads\/2023\/01\/P7130095-300x225.jpeg 300w, https:\/\/freshairadventure.com\/wp-content\/uploads\/2023\/01\/P7130095-400x300.jpeg 400w\" sizes=\"auto, (max-width: 640px) 100vw, 640px\" \/>\t\t\t\t<span class=\"gallery__item__info\">\n\t\t\t\t\t<span class=\"gallery__item__info__content\">\n\t\t\t\t\t\t<span class=\"gallery__item__title\">Vue marine des rochers<\/span>\n\t\t\t\t\t\t\t\t\t\t<\/span>\n\t\t\t\t\t<span class=\"gallery__item__shadow\"><\/span>\n\t\t\t\t<\/span>\n\t\t\t<\/a>\n\t\t<\/div>\n\t<\/div>\n<\/div><br \/>\n&nbsp;\n<h2 style=\"text-align: center;\">Comment nous r\u00e9duisons notre impact<\/h2>\n<table style=\"border-collapse: collapse; width: 100%;\">\n<tbody>\n<tr>\n<td style=\"width: 33.3333%;\">\n<h3 style=\"text-align: center;\" data-start=\"1732\" data-end=\"1748\">Sur l&rsquo;eau<\/h3>\n<ul>\n<li>Petits groupes pour prot\u00e9ger la faune et les rivages<\/li>\n<li>D\u00e9placement silencieux \u00e0 propulsion humaine \u2013 sans moteurs ni carburant<\/li>\n<li>Accostages \u00e0 faible impact et pratiques \u00ab sans trace \u00bb<\/li>\n<li>Guides form\u00e9s pour interpr\u00e9ter l&rsquo;\u00e9cologie, les mar\u00e9es et la g\u00e9ologie<\/li>\n<\/ul>\n<\/td>\n<td style=\"width: 33.3333%;\">\n<h3 style=\"text-align: center;\" data-start=\"1969\" data-end=\"1990\">Dans nos op\u00e9rations<\/h3>\n<ul>\n<li>Aucun article \u00e0 usage unique ou jetable<\/li>\n<li>Contenants et sacs r\u00e9utilisables<\/li>\n<li>Tous les d\u00e9chets emport\u00e9s et tri\u00e9s ou compost\u00e9s<br data-start=\"2108\" data-end=\"2111\" \/>\u00c9quipement durable r\u00e9par\u00e9 et r\u00e9utilis\u00e9<\/li>\n<li>Fournisseurs locaux et r\u00e9gionaux dans la mesure du possible<\/li>\n<\/ul>\n<\/td>\n<td style=\"width: 33.3333%;\">\n<h3 style=\"text-align: center;\" data-start=\"2200\" data-end=\"2220\">Dans notre communaut\u00e9<\/h3>\n<ul>\n<li>Embauche et formation de personnel local<\/li>\n<li>Soutien aux fermes et entreprises voisines<\/li>\n<li>Partage des connaissances sur les \u00e9cosyst\u00e8mes de la baie de Fundy<\/li>\n<li>Respect des territoires traditionnels des peuples Mi&rsquo;kmaq et Wolastoqiyik<\/li>\n<\/ul>\n<\/td>\n<\/tr>\n<\/tbody>\n<\/table>\n<h2 data-start=\"1732\" data-end=\"1748\"><img loading=\"lazy\" decoding=\"async\" class=\"wp-image-1320 alignright\" src=\"https:\/\/freshairadventure.com\/wp-content\/uploads\/2015\/07\/BEACH-TREASURE-3-300x225.jpg\" alt=\"\" width=\"408\" height=\"306\" srcset=\"https:\/\/freshairadventure.com\/wp-content\/uploads\/2015\/07\/BEACH-TREASURE-3-300x225.jpg 300w, https:\/\/freshairadventure.com\/wp-content\/uploads\/2015\/07\/BEACH-TREASURE-3-600x450.jpg 600w, https:\/\/freshairadventure.com\/wp-content\/uploads\/2015\/07\/BEACH-TREASURE-3-768x576.jpg 768w, https:\/\/freshairadventure.com\/wp-content\/uploads\/2015\/07\/BEACH-TREASURE-3-1024x768.jpg 1024w, https:\/\/freshairadventure.com\/wp-content\/uploads\/2015\/07\/BEACH-TREASURE-3-400x300.jpg 400w, https:\/\/freshairadventure.com\/wp-content\/uploads\/2015\/07\/BEACH-TREASURE-3.jpg 2000w\" sizes=\"auto, (max-width: 408px) 100vw, 408px\" \/><\/h2>\n<h2 style=\"padding-left: 120px;\" data-start=\"1732\" data-end=\"1748\"><span style=\"font-size: 18pt;\">Guid\u00e9s par des normes mondiales<\/span><\/h2>\n<p style=\"padding-left: 120px;\" data-start=\"2478\" data-end=\"2571\">Nos choix quotidiens s&rsquo;alignent avec les objectifs de d\u00e9veloppement durable des Nations Unies, en particulier :<\/p>\n<p style=\"padding-left: 120px;\" data-start=\"2573\" data-end=\"2679\">\u2022 action climatique<br data-start=\"2589\" data-end=\"2592\" \/>\u2022 vie aquatique<br data-start=\"2610\" data-end=\"2613\" \/>\u2022 vie terrestre<br data-start=\"2627\" data-end=\"2630\" \/>\u2022 consommation responsable<br data-start=\"2655\" data-end=\"2658\" \/>\u2022 travail local d\u00e9cent<\/p>\n<p style=\"padding-left: 120px;\" data-start=\"2681\" data-end=\"2738\">Ces principes fa\u00e7onnent notre fa\u00e7on de guider, d&rsquo;acheter, d&#8217;embaucher et d&rsquo;accueillir.<\/p>\n<p>&nbsp;<br \/>\n[\/vc_column_text][\/vc_column][\/vc_row]<\/p>\n<\/div>","protected":false},"excerpt":{"rendered":"<p>[vc_row][vc_column][vc_column_text] Kayak \u00e0 faible impact dans la baie de Fundy Le haut de la baie de Fundy est l&rsquo;un des environnements de mar\u00e9es les plus puissants de la plan\u00e8te. Deux fois par jour, les plus hautes mar\u00e9es du monde fa\u00e7onnent les marais sal\u00e9s, les vasi\u00e8res et les falaises de gr\u00e8s qui abritent des oiseaux, des<\/p>\n<div class=\"padding-top text-center\"><a href=\"https:\/\/freshairadventure.com\/fr\/environnement-et-intendance\/\" class=\"atbtn atbtn--medium atbtn--rounded atbtn--transparent\">Read more<i class=\"atbtn__icon atbtn__icon--right fa fa-long-arrow-right\"><\/i><\/a><\/div>\n","protected":false},"author":1,"featured_media":2037,"parent":0,"menu_order":0,"comment_status":"closed","ping_status":"closed","template":"","meta":{"_eb_attr":"","_monsterinsights_skip_tracking":false,"_monsterinsights_sitenote_active":false,"_monsterinsights_sitenote_note":"","_monsterinsights_sitenote_category":0,"footnotes":""},"class_list":["post-2676","page","type-page","status-publish","has-post-thumbnail","hentry"],"aioseo_notices":[],"_links":{"self":[{"href":"https:\/\/freshairadventure.com\/fr\/wp-json\/wp\/v2\/pages\/2676","targetHints":{"allow":["GET"]}}],"collection":[{"href":"https:\/\/freshairadventure.com\/fr\/wp-json\/wp\/v2\/pages"}],"about":[{"href":"https:\/\/freshairadventure.com\/fr\/wp-json\/wp\/v2\/types\/page"}],"author":[{"embeddable":true,"href":"https:\/\/freshairadventure.com\/fr\/wp-json\/wp\/v2\/users\/1"}],"replies":[{"embeddable":true,"href":"https:\/\/freshairadventure.com\/fr\/wp-json\/wp\/v2\/comments?post=2676"}],"version-history":[{"count":8,"href":"https:\/\/freshairadventure.com\/fr\/wp-json\/wp\/v2\/pages\/2676\/revisions"}],"predecessor-version":[{"id":4980,"href":"https:\/\/freshairadventure.com\/fr\/wp-json\/wp\/v2\/pages\/2676\/revisions\/4980"}],"wp:featuredmedia":[{"embeddable":true,"href":"https:\/\/freshairadventure.com\/fr\/wp-json\/wp\/v2\/media\/2037"}],"wp:attachment":[{"href":"https:\/\/freshairadventure.com\/fr\/wp-json\/wp\/v2\/media?parent=2676"}],"curies":[{"name":"wp","href":"https:\/\/api.w.org\/{rel}","templated":true}]}}