{"id":2678,"date":"2017-08-17T00:37:12","date_gmt":"2017-08-17T00:37:12","guid":{"rendered":"https:\/\/freshairadventure.com\/fun-on-and-off-the-water\/"},"modified":"2017-08-20T11:26:46","modified_gmt":"2017-08-20T11:26:46","slug":"fun-on-and-off-the-water","status":"publish","type":"page","link":"https:\/\/freshairadventure.com\/fr\/fun-on-and-off-the-water\/","title":{"rendered":"Amusez sur l\u2019eau et hors de l\u2019eau"},"content":{"rendered":"<div class=\"wpb-content-wrapper\"><p>[vc_row][vc_column][vc_text_separator title=\u00a0\u00bbEXPLORANT LA BAIE DE FUNDY\u00a0\u00bb][vc_column_text]<\/p>\n<p class=\"p1\"><span class=\"s1\">Nous esp\u00e9rons que cette page vous aidera \u00e0 planifier votre visite dans notre r\u00e9gion du Nouveau-Brunswick et dans la baie de Fundy. Il y a le kayak de mer, la randonn\u00e9e, l&rsquo;\u00e9quitation, l&rsquo;observation des oiseaux, le golf, la sp\u00e9l\u00e9ologie, les mus\u00e9es, les ateliers et le littoral inhabit\u00e9 le plus long de la c\u00f4te est de l&rsquo;Am\u00e9rique du Nord.<\/span><\/p>\n<p>[\/vc_column_text][vc_text_separator title=\u00a0\u00bbLes activit\u00e9s\u00a0\u00bb][\/vc_column][\/vc_row][vc_row][vc_column][vc_column_text]<\/p>\n<p class=\"p1\"><b><\/b><span class=\"s2\"><a href=\"http:\/\/www.freshairadventure.com\/\">FreshAir Adventure<\/a><\/span><span class=\"s1\">: les sorties en kayak marine guid\u00e9es sur les mar\u00e9es les plus hautes au monde.<\/span><\/p>\n<p class=\"p2\"><span class=\"s2\"><a href=\"http:\/\/www.greensnaketrails.ca\/\">Le sentier Green Snake:<\/a><\/span><span class=\"s1\">\u00a0Vous peut-\u00eatre aimerait essayer le nouveau sentier de randonn\u00e9e et de v\u00e9lo \u00e0 Alma.<\/span><\/p>\n<p class=\"p2\"><span class=\"s2\"><a href=\"http:\/\/www.thankfultoo.com\/\">Thankful Too Family Fisheries<\/a><\/span><span class=\"s1\">:\u00a0achetez un homard justement cuit et mangez-le en regardant la monte et le base de la baie.<\/span><\/p>\n<p class=\"p2\"><span class=\"s2\"><a href=\"http:\/\/www.pc.gc.ca\/pn-np\/nb\/fundy\/index_E.asp\">Le Parc national Fundy:<\/a><\/span><span class=\"s1\">\u00a0la randonn\u00e9e, l&rsquo;observation des oiseaux, le camping&#8230;<\/span><\/p>\n<p class=\"p2\"><span class=\"s2\"><a href=\"http:\/\/www.watersidewinery.ca\/\">Waterside Winery<\/a><\/span><span class=\"s1\">: visitez un chalet situ\u00e9 en Waterside- il sp\u00e9cialise dans les vines de bluets et de rhubarbes.<\/span><\/p>\n<p class=\"p2\"><span class=\"s2\"><a href=\"http:\/\/www.nbrm.ca\/en\/index.shtml\">Le chemin de fer Salem et Hillsborough:<\/a><\/span><span class=\"s1\">\u00a0Le mus\u00e9e de chemin de fer du Nouveau Brunswick- situ\u00e9 \u00e0 Hillsborough.<\/span><\/p>\n<p class=\"p2\"><span class=\"s2\"><a href=\"http:\/\/www.baymountadventures.com\/\">Baymount Adventures:<\/a><\/span><span class=\"s1\">\u00a0L&rsquo;exploration des cavernes et le kayak de mer.<\/span><\/p>\n<p class=\"p2\"><span class=\"s2\"><a href=\"http:\/\/www.albertcountymuseum.ca\/\">Le Mus\u00e9e Albert County:<\/a><\/span><span class=\"s1\">\u00a0visitez pour d\u00e9couvrir une pi\u00e8ce de notre histoire. Les activit\u00e9s pour toute la famille sont offertes.<\/span><\/p>\n<p class=\"p2\"><span class=\"s2\"><a href=\"http:\/\/www.roads2sea.com\/\">Les tours guid\u00e9es Roads To Sea:<\/a><\/span><span class=\"s1\"> Les tours guid\u00e9es Roads To Sea: un tour de conduite qui passe par Albert County, les rochers Hopewell, le Parc national Fundy, le Cap Enrag\u00e9 et plus.<\/span><\/p>\n<p class=\"p2\"><span class=\"s2\"><a href=\"http:\/\/www.broadleafranch.com\/\">Broadleaf Guest Ranch:<\/a><\/span><span class=\"s1\">\u00a0L&rsquo;\u00e9quitation et plus.<\/span><\/p>\n<p class=\"p2\"><span class=\"s2\"><a href=\"http:\/\/www.thehopewellrocks.ca\/\">Les rochers Hopewell:<\/a><\/span><span class=\"s1\">\u00a0\u201dles pots de fleurs\u201d form\u00e9s par les mar\u00e9es.<\/span><\/p>\n<p class=\"p2\"><span class=\"s2\"><a href=\"http:\/\/www.fundytrailparkway.com\/\">La route du sentier Fundy<\/a><\/span><span class=\"s1\">\u00a0prenez un voyage panoramique \u00e0 Saint Martins et visionnez la c\u00f4te spectaculaire la route et les sentiers r\u00e9cemment d\u00e9velopp\u00e9s.<\/span><\/p>\n<p class=\"p2\"><span class=\"s2\"><a href=\"http:\/\/www.capenrage.com\/\">Le Cap Enrag\u00e9:<\/a>\u00a0<\/span><span class=\"s1\">les aventures de plein air avec une vue.<\/span><\/p>\n<p class=\"p2\"><span class=\"s2\"><a href=\"http:\/\/www.shepodyhuntingpreserve.com\/\">La r\u00e9serve de chasse Shepody:<\/a><\/span><span class=\"s1\">\u00a0400 acres de la chasse de grouse, de perdrix et de faisan. En plus, vous pouvez aussi observer les oiseaux.<\/span><\/p>\n<p class=\"p2\"><span class=\"s2\"><a href=\"http:\/\/www.fundyfootpath.info\/\">Le sentier Fundy:<\/a><\/span><span class=\"s1\">\u00a041 km de la randonn\u00e9e la plus spectaculaire au Nouveau-Brunswick.<\/span><\/p>\n<p>[\/vc_column_text][\/vc_column][\/vc_row][vc_row][vc_column][vc_text_separator title=\u00a0\u00bbLes ateliers\u00a0\u00bb][vc_column_text]<a href=\"http:\/\/www.studioonthemarsh.com\/\"><u>Studio On The Marsh:<\/u><\/a> Visitez l&rsquo;atelier du peintre naturaliste Lars Larson au Mary&rsquo;s Point.<\/p>\n<p><a href=\"http:\/\/www.watersidewinery.ca\/\"><u>Waterside Winery<\/u><\/a>: visitez un chalet situ\u00e9 en Waterside- il sp\u00e9cialise dans les vines de bluets et de rhubarbes.<\/p>\n<p><a href=\"http:\/\/albertcountyclayco.com\/\"><u>Albert County Clay Company<\/u><\/a>: a clay de la baie de Fundy est trait\u00e9 \u00e0 la main en utilisant les techniques de la m\u00e8re-patrie, qui ont \u00e9t\u00e9 modifi\u00e9 pour servir les propri\u00e9t\u00e9s uniques de la clay.<\/p>\n<p class=\"p1\"><span class=\"s2\"><a href=\"http:\/\/www.fundyguild.ca\/\"><u>La guilde de Fundy:<\/u><\/a> \u00a0Situ\u00e9 dans le centre des visiteurs du Parc national Fundy, la guilde de Fundy abrite la plus grande librairie de livres de nature au Nouveau Brunswick. La librairie de la guilde Fundy aussi porte les jeux, les puzzles, les marionnettes, les souvenirs et les v\u00eatements.<\/span><\/p>\n<p>[\/vc_column_text][\/vc_column][\/vc_row]<\/p>\n<\/div>","protected":false},"excerpt":{"rendered":"<p>[vc_row][vc_column][vc_text_separator title=\u00a0\u00bbEXPLORANT LA BAIE DE FUNDY\u00a0\u00bb][vc_column_text] Nous esp\u00e9rons que cette page vous aidera \u00e0 planifier votre visite dans notre r\u00e9gion du Nouveau-Brunswick et dans la baie de Fundy. Il y a le kayak de mer, la randonn\u00e9e, l&rsquo;\u00e9quitation, l&rsquo;observation des oiseaux, le golf, la sp\u00e9l\u00e9ologie, les mus\u00e9es, les ateliers et le littoral inhabit\u00e9 le plus<\/p>\n<div class=\"padding-top text-center\"><a href=\"https:\/\/freshairadventure.com\/fr\/fun-on-and-off-the-water\/\" class=\"atbtn atbtn--medium atbtn--rounded atbtn--transparent\">Read more<i class=\"atbtn__icon atbtn__icon--right fa fa-long-arrow-right\"><\/i><\/a><\/div>\n","protected":false},"author":1,"featured_media":0,"parent":0,"menu_order":0,"comment_status":"closed","ping_status":"closed","template":"","meta":{"_eb_attr":"","_monsterinsights_skip_tracking":false,"_monsterinsights_sitenote_active":false,"_monsterinsights_sitenote_note":"","_monsterinsights_sitenote_category":0,"footnotes":""},"class_list":["post-2678","page","type-page","status-publish","hentry"],"aioseo_notices":[],"_links":{"self":[{"href":"https:\/\/freshairadventure.com\/fr\/wp-json\/wp\/v2\/pages\/2678","targetHints":{"allow":["GET"]}}],"collection":[{"href":"https:\/\/freshairadventure.com\/fr\/wp-json\/wp\/v2\/pages"}],"about":[{"href":"https:\/\/freshairadventure.com\/fr\/wp-json\/wp\/v2\/types\/page"}],"author":[{"embeddable":true,"href":"https:\/\/freshairadventure.com\/fr\/wp-json\/wp\/v2\/users\/1"}],"replies":[{"embeddable":true,"href":"https:\/\/freshairadventure.com\/fr\/wp-json\/wp\/v2\/comments?post=2678"}],"version-history":[{"count":15,"href":"https:\/\/freshairadventure.com\/fr\/wp-json\/wp\/v2\/pages\/2678\/revisions"}],"predecessor-version":[{"id":2750,"href":"https:\/\/freshairadventure.com\/fr\/wp-json\/wp\/v2\/pages\/2678\/revisions\/2750"}],"wp:attachment":[{"href":"https:\/\/freshairadventure.com\/fr\/wp-json\/wp\/v2\/media?parent=2678"}],"curies":[{"name":"wp","href":"https:\/\/api.w.org\/{rel}","templated":true}]}}