{"id":2702,"date":"2017-08-17T01:07:55","date_gmt":"2017-08-17T01:07:55","guid":{"rendered":"https:\/\/freshairadventure.com\/?page_id=2702\/"},"modified":"2026-02-04T12:38:33","modified_gmt":"2026-02-04T12:38:33","slug":"homepage-2","status":"publish","type":"page","link":"https:\/\/freshairadventure.com\/fr\/","title":{"rendered":"Homepage"},"content":{"rendered":"<div class=\"wpb-content-wrapper\"><p>[vc_row full_width=\u00a0\u00bbstretch_row_content_no_spaces\u00a0\u00bb el_class=\u00a0\u00bbhome-hero-desktop\u00a0\u00bb css=\u00a0\u00bb.vc_custom_hero_desktop{margin-top:0px !important;margin-right:0px !important;margin-bottom:0px !important;margin-left:0px !important;border-top-width:0px !important;border-right-width:0px !important;border-bottom-width:0px !important;border-left-width:0px !important;padding-top:0px !important;padding-right:20px !important;padding-bottom:0px !important;padding-left:20px !important;background-image:url(https:\/\/freshairadventure.com\/wp-content\/uploads\/2020\/03\/header-perspective-image-1-scaled-e1611867646385.jpg) !important;background-size:cover !important;background-position:center center !important;min-height:560px !important;display:flex !important;align-items:center !important;}\u00a0\u00bb]<br \/>\n[vc_column]<br \/>\n[vc_column_text]<\/p>\n<style>\n\/* ================================<br \/>\n   HOMEPAGE SPACING GOVERNOR (FR)<br \/>\n   Keeps sections tight and consistent<br \/>\n   ================================ *\/\n<p>\/* Kill common WPBakery vertical gaps *\/<br \/>\n.home-hero-desktop,<br \/>\n.home-intro-row,<br \/>\n.home-tours-row,<br \/>\n.text-row,<br \/>\n.text-row-white {<br \/>\n  margin-top: 0 !important;<br \/>\n  margin-bottom: 0 !important;<br \/>\n}<\/p>\n<p>\/* Most themes add big padding on .text-row \u2014 tighten it *\/<br \/>\n.text-row,<br \/>\n.text-row-white {<br \/>\n  padding-top: 30px !important;<br \/>\n  padding-bottom: 30px !important;<br \/>\n}<\/p>\n<p>\/* Tighten intro row specifically *\/<br \/>\n.home-intro-row.home-intro-tight {<br \/>\n  padding-top: 30px !important;<br \/>\n  padding-bottom: 30px !important;<br \/>\n}<\/p>\n<p>\/* Tighten tours row specifically *\/<br \/>\n.home-tours-row {<br \/>\n  padding-top: 30px !important;<br \/>\n  padding-bottom: 30px !important;<br \/>\n}<\/p>\n<p>\/* WPBakery wrappers often create phantom spacing *\/<br \/>\n.vc_row,<br \/>\n.wpb_row,<br \/>\n.wpb_content_element,<br \/>\n.vc_column-inner,<br \/>\n.wpb_wrapper {<br \/>\n  margin-top: 0 !important;<br \/>\n  margin-bottom: 0 !important;<br \/>\n}<\/p>\n<p>\/* Prevent extra space after column_text blocks *\/<br \/>\n.vc_column_text { margin-bottom: 0 !important; }<br \/>\n<\/p><\/style>\n<div style=\"text-align: center; color: #ffffff; text-shadow: 0 2px 10px rgba(0,0,0,0.55); max-width: 1100px; margin: 0 auto;\">\n<div style=\"font-size: 64px; line-height: 1.05; font-weight: bold; letter-spacing: 0.03em; text-transform: uppercase; margin: 0;\">Kayak de mer guid\u00e9 sur la Baie de Fundy<\/div>\n<div style=\"font-size: 26px; line-height: 1.25; font-style: italic; margin: 14px 0 0;\">Petits groupes, excursions adapt\u00e9es aux mar\u00e9es \u00e0 Alma, au Nouveau-Brunswick.<\/div>\n<div style=\"margin: 10px 0 0;\"><a style=\"display: inline-block; padding: 6px 12px; background: #6aa84f; color: #ffffff !important; text-decoration: none !important; border-radius: 6px; font-weight: bold; font-size: 15px;\" href=\"tel:1-800-545-0020\">Appelez maintenant<br \/>\n<\/a><\/div>\n<\/div>\n<p>[\/vc_column_text]<br \/>\n[\/vc_column]<br \/>\n[\/vc_row]<\/p>\n<p>[vc_row el_class=\u00a0\u00bbhome-intro-row home-intro-tight\u00a0\u00bb]<br \/>\n[vc_column]<br \/>\n[vc_column_text]<\/p>\n<div style=\"max-width: 1100px; margin: 0 auto; padding: 18px; box-sizing: border-box;\">\n<div style=\"text-align: center; font-size: 38px; line-height: 1.35; font-weight: bold; max-width: 900px; margin: 0 auto 22px auto; letter-spacing: 0.01em;\">Pagayez au rythme des mar\u00e9es le long du littoral du parc national de Fundy<\/div>\n<p style=\"margin: 0 0 14px 0;\">FreshAir Adventure propose des excursions guid\u00e9es en kayak de mer sur la Baie de Fundy, au d\u00e9part d\u2019Alma, au Nouveau-Brunswick, \u00e0 c\u00f4t\u00e9 du parc national de Fundy, avec de petits groupes et des itin\u00e9raires adapt\u00e9s aux mar\u00e9es, con\u00e7us pour les d\u00e9butants comme pour les pagayeurs exp\u00e9riment\u00e9s.<\/p>\n<p style=\"margin: 0 0 14px 0;\">Nous pagayons dans l\u2019un des environnements marins les plus dynamiques au monde \u2013 o\u00f9 les plus hautes mar\u00e9es, les courants changeants et les falaises de gr\u00e8s sculpt\u00e9es fa\u00e7onnent chaque sortie. Nos excursions sont planifi\u00e9es selon les conditions et le moment de la mar\u00e9e, plut\u00f4t que des trajets fixes, afin d\u2019offrir des exp\u00e9riences s\u00fbres, stimulantes et profond\u00e9ment li\u00e9es \u00e0 ce lieu exceptionnel que nous appelons chez nous.<\/p>\n<p style=\"margin: 0;\">Que ce soit votre premi\u00e8re sortie en kayak de mer ou que vous souhaitiez simplement comprendre comment fonctionne la Baie de Fundy, nous vous accompagnons avec attention, expertise et respect de l\u2019eau.<\/p>\n<\/div>\n<p>[\/vc_column_text]<br \/>\n[\/vc_column]<br \/>\n[\/vc_row]<\/p>\n<p>[vc_row full_width=\u00a0\u00bbstretch_row\u00a0\u00bb el_class=\u00a0\u00bbhome-tours-row\u00a0\u00bb css=\u00a0\u00bb.vc_custom_1486598999308{background-image:url(https:\/\/freshairadventure.com\/wp-content\/uploads\/2015\/07\/prices.jpg?id=1308) !important;}\u00a0\u00bb]<br \/>\n[vc_column]<br \/>\n[vc_column_text]<\/p>\n<div style=\"text-align: center; margin: 0 0 18px 0; font-size: 40px; font-weight: bold; letter-spacing: 0.04em; text-transform: uppercase; color: #ffffff;\">Nos sorties les plus populaires<\/div>\n<p>[\/vc_column_text]<br \/>\n[\/vc_column]<br \/>\n[vc_column]<br \/>\n\n<div class=\"atgrid margin-bottom-large tour-list-home\">\n\t<div class=\"row atgrid__row\">\n\t\t\t\t\t<div class=\"col-md-4 col-xs-6 atgrid__item-wrap\">\n\t\t\t<div class=\"atgrid__item\">\n\t\t\t\t<div class=\"atgrid__item__top\">\n\t\t\t\t\t<a href=\"https:\/\/freshairadventure.com\/fr\/tours\/excursion-guidee-en-kayak-cotier-matthews-head\/\" class=\"atgrid__item__top__image\"><img loading=\"lazy\" decoding=\"async\" width=\"360\" height=\"240\" src=\"https:\/\/freshairadventure.com\/wp-content\/uploads\/2021\/03\/smilinggirl-scaled-360x240.jpg\" class=\"attachment-thumb_tour_listing_small size-thumb_tour_listing_small wp-post-image\" alt=\"Look over here!\" srcset=\"https:\/\/freshairadventure.com\/wp-content\/uploads\/2021\/03\/smilinggirl-scaled-360x240.jpg 360w, https:\/\/freshairadventure.com\/wp-content\/uploads\/2021\/03\/smilinggirl-scaled-531x354.jpg 531w, https:\/\/freshairadventure.com\/wp-content\/uploads\/2021\/03\/smilinggirl-180x120.jpg 180w\" sizes=\"auto, (max-width: 360px) 100vw, 360px\" \/><\/a>\t\t\t\t\t<div class=\"atgrid__item__price\"><a href=\"https:\/\/freshairadventure.com\/fr\/tours\/excursion-guidee-en-kayak-cotier-matthews-head\/\" class=\"atgrid__item__price__button\"><span class=\"woocommerce-Price-amount amount\"><bdi><span class=\"woocommerce-Price-currencySymbol\">&#36;<\/span>99.00<\/bdi><\/span><\/a><\/div>\t\t\t\t\t\t\t\t\t\t\t\t\t\t<\/div>\n\t\t\t\t<div class=\"atgrid__item__content\">\n\t\t\t\t\t<h3 class=\"atgrid__item__title\"><a href=\"https:\/\/freshairadventure.com\/fr\/tours\/excursion-guidee-en-kayak-cotier-matthews-head\/\">Excursion guid\u00e9e en kayak c\u00f4tier \u2013 Matthew\u2019s Head<\/a><\/h3>\n\t\t\t\t\t\t\t\t\t<div class=\"atgrid__item__description\">Explorez les falaises rouges spectaculaires et les grottes marines de la baie de Fundy en kayak guid\u00e9 depuis Alma. Petits<\/div>\n\t\t\t\t\t\t\t\t<\/div>\n\t\t\t\t<div class=\"item-attributes\">\n\t\t\t\t\t<div class=\"item-attributes__item\"><div class=\"item-attributes__item__content\"><div class=\"item-attributes__item__content__item\"><i class=\"td-clock-2\"><\/i><\/div><div class=\"item-attributes__item__content__item item-attributes__item__content__item--text\"><span>3-Hour Paddle<\/span><\/div><\/div><\/div><div class=\"item-attributes__item\"><div class=\"item-attributes__item__content\"><div class=\"item-attributes__item__content__item\"><i class=\"td-user-2\"><\/i><\/div><div class=\"item-attributes__item__content__item item-attributes__item__content__item--text\"><span><\/span><\/div><\/div><\/div>\t\t\t\t\t<div class=\"item-attributes__item\"><a href=\"https:\/\/freshairadventure.com\/fr\/tours\/excursion-guidee-en-kayak-cotier-matthews-head\/\" class=\"item-attributes__link\"><i class=\"fa fa-long-arrow-right\"><\/i><\/a><\/div>\n\t\t\t\t<\/div>\n\t\t\t<\/div>\n\t\t<\/div>\n\t\t\t\t\t<div class=\"col-md-4 col-xs-6 atgrid__item-wrap\">\n\t\t\t<div class=\"atgrid__item\">\n\t\t\t\t<div class=\"atgrid__item__top\">\n\t\t\t\t\t<a href=\"https:\/\/freshairadventure.com\/fr\/tours\/expedition-cotiere-des-draveurs-journee-complete\/\" class=\"atgrid__item__top__image\"><img loading=\"lazy\" decoding=\"async\" width=\"360\" height=\"240\" src=\"https:\/\/freshairadventure.com\/wp-content\/uploads\/2021\/03\/coverpic-scaled-360x240.jpg\" class=\"attachment-thumb_tour_listing_small size-thumb_tour_listing_small wp-post-image\" alt=\"Alex and Lisa\" srcset=\"https:\/\/freshairadventure.com\/wp-content\/uploads\/2021\/03\/coverpic-scaled-360x240.jpg 360w, https:\/\/freshairadventure.com\/wp-content\/uploads\/2021\/03\/coverpic-scaled-531x354.jpg 531w, https:\/\/freshairadventure.com\/wp-content\/uploads\/2021\/03\/coverpic-180x120.jpg 180w\" sizes=\"auto, (max-width: 360px) 100vw, 360px\" \/><\/a>\t\t\t\t\t<div class=\"atgrid__item__price\"><a href=\"https:\/\/freshairadventure.com\/fr\/tours\/expedition-cotiere-des-draveurs-journee-complete\/\" class=\"atgrid__item__price__button\"><span class=\"woocommerce-Price-amount amount\"><bdi><span class=\"woocommerce-Price-currencySymbol\">&#36;<\/span>190.00<\/bdi><\/span><\/a><\/div>\t\t\t\t\t\t\t\t\t\t\t\t\t\t<\/div>\n\t\t\t\t<div class=\"atgrid__item__content\">\n\t\t\t\t\t<h3 class=\"atgrid__item__title\"><a href=\"https:\/\/freshairadventure.com\/fr\/tours\/expedition-cotiere-des-draveurs-journee-complete\/\">Exp\u00e9dition c\u00f4ti\u00e8re des draveurs \u2013 journ\u00e9e compl\u00e8te<\/a><\/h3>\n\t\t\t\t\t\t\t\t\t<div class=\"atgrid__item__description\">Une exp\u00e9dition guid\u00e9e d\u2019une journ\u00e9e compl\u00e8te en kayak de mer le long du littoral sauvage de Fundy, \u00e0 la d\u00e9couverte<\/div>\n\t\t\t\t\t\t\t\t<\/div>\n\t\t\t\t<div class=\"item-attributes\">\n\t\t\t\t\t<div class=\"item-attributes__item\"><div class=\"item-attributes__item__content\"><div class=\"item-attributes__item__content__item\"><i class=\"td-clock-2\"><\/i><\/div><div class=\"item-attributes__item__content__item item-attributes__item__content__item--text\"><span>6-Hour Paddle<\/span><\/div><\/div><\/div><div class=\"item-attributes__item\"><div class=\"item-attributes__item__content\"><div class=\"item-attributes__item__content__item\"><i class=\"td-user-2\"><\/i><\/div><div class=\"item-attributes__item__content__item item-attributes__item__content__item--text\"><span>16+<\/span><\/div><\/div><\/div>\t\t\t\t\t<div class=\"item-attributes__item\"><a href=\"https:\/\/freshairadventure.com\/fr\/tours\/expedition-cotiere-des-draveurs-journee-complete\/\" class=\"item-attributes__link\"><i class=\"fa fa-long-arrow-right\"><\/i><\/a><\/div>\n\t\t\t\t<\/div>\n\t\t\t<\/div>\n\t\t<\/div>\n\t\t\t<div class=\"atgrid__row-separator clearfix visible-sm visible-xs\"><\/div>\t\t<div class=\"col-md-4 col-xs-6 atgrid__item-wrap\">\n\t\t\t<div class=\"atgrid__item\">\n\t\t\t\t<div class=\"atgrid__item__top\">\n\t\t\t\t\t<a href=\"https:\/\/freshairadventure.com\/fr\/tours\/la-pagaie-en-estuaire-molly-kool\/\" class=\"atgrid__item__top__image\"><img loading=\"lazy\" decoding=\"async\" width=\"360\" height=\"240\" src=\"https:\/\/freshairadventure.com\/wp-content\/uploads\/2017\/05\/ESTUARY-TOUR-1-360x240.jpg\" class=\"attachment-thumb_tour_listing_small size-thumb_tour_listing_small wp-post-image\" alt=\"\" srcset=\"https:\/\/freshairadventure.com\/wp-content\/uploads\/2017\/05\/ESTUARY-TOUR-1-360x240.jpg 360w, https:\/\/freshairadventure.com\/wp-content\/uploads\/2017\/05\/ESTUARY-TOUR-1-531x354.jpg 531w, https:\/\/freshairadventure.com\/wp-content\/uploads\/2017\/05\/ESTUARY-TOUR-1-180x120.jpg 180w\" sizes=\"auto, (max-width: 360px) 100vw, 360px\" \/><\/a>\t\t\t\t\t<div class=\"atgrid__item__price\"><a href=\"https:\/\/freshairadventure.com\/fr\/tours\/la-pagaie-en-estuaire-molly-kool\/\" class=\"atgrid__item__price__button\"><span class=\"woocommerce-Price-amount amount\"><bdi><span class=\"woocommerce-Price-currencySymbol\">&#36;<\/span>79.00<\/bdi><\/span><\/a><\/div>\t\t\t\t\t\t\t\t\t\t\t\t\t\t<\/div>\n\t\t\t\t<div class=\"atgrid__item__content\">\n\t\t\t\t\t<h3 class=\"atgrid__item__title\"><a href=\"https:\/\/freshairadventure.com\/fr\/tours\/la-pagaie-en-estuaire-molly-kool\/\">La pagaie en estuaire Molly Kool<\/a><\/h3>\n\t\t\t\t\t\t\t\t\t<div class=\"atgrid__item__description\">Kayak guid\u00e9 en eaux calmes dans l\u2019estuaire prot\u00e9g\u00e9 d\u2019Alma, id\u00e9al pour familles et d\u00e9butants, avec pause collation sur une \u00eele<\/div>\n\t\t\t\t\t\t\t\t<\/div>\n\t\t\t\t<div class=\"item-attributes\">\n\t\t\t\t\t<div class=\"item-attributes__item\"><div class=\"item-attributes__item__content\"><div class=\"item-attributes__item__content__item\"><i class=\"td-clock-2\"><\/i><\/div><div class=\"item-attributes__item__content__item item-attributes__item__content__item--text\"><span>2-heures<\/span><\/div><\/div><\/div><div class=\"item-attributes__item\"><div class=\"item-attributes__item__content\"><div class=\"item-attributes__item__content__item\"><i class=\"td-user-2\"><\/i><\/div><div class=\"item-attributes__item__content__item item-attributes__item__content__item--text\"><span><\/span><\/div><\/div><\/div>\t\t\t\t\t<div class=\"item-attributes__item\"><a href=\"https:\/\/freshairadventure.com\/fr\/tours\/la-pagaie-en-estuaire-molly-kool\/\" class=\"item-attributes__link\"><i class=\"fa fa-long-arrow-right\"><\/i><\/a><\/div>\n\t\t\t\t<\/div>\n\t\t\t<\/div>\n\t\t<\/div>\n\t\t\t<\/div>\n<\/div>\n<br \/>\n[\/vc_column]<br \/>\n[\/vc_row]<\/p>\n<p>[vc_row el_class=\u00a0\u00bbtext-row\u00a0\u00bb]<br \/>\n[vc_column]<br \/>\n[vc_column_text]<\/p>\n<h1 style=\"text-align: center; margin: 0 0 14px 0;\">Besoin de vitesse?<\/h1>\n<div class=\"title-block-link__text-wrap\">\n<div class=\"title-block-link__description\">\n<p class=\"p1\"><span class=\"s1\">FreshAir Adventure offre maintenant une initiation au surfski, ainsi que des sorties en surfski pour les pagayeurs exp\u00e9riment\u00e9s. Notre flotte de surfskis Epic V7 est con\u00e7ue pour affronter la c\u00f4te dynamique de la Baie de Fundy, tout en offrant un excellent \u00e9quilibre aux personnes qui d\u00e9couvrent le surfski. Pour celles et ceux qui trouvent le kayak agr\u00e9able, mais peut-\u00eatre un peu trop tranquille, nos sessions de surfski vous feront d\u00e9couvrir les joies de la glisse \u00e0 haute vitesse.<\/span><\/p>\n<\/div>\n<\/div>\n<p>[\/vc_column_text]<br \/>\n[vc_images_carousel images=\u00a0\u00bb2031,2025,2034,2033,2032,2030,2029,2026,2027,2028,2150,2099&Prime; img_size=\u00a0\u00bbhomepage-slider\u00a0\u00bb slides_per_view=\u00a0\u00bb3&Prime; autoplay=\u00a0\u00bbyes\u00a0\u00bb hide_pagination_control=\u00a0\u00bbyes\u00a0\u00bb wrap=\u00a0\u00bbyes\u00a0\u00bb el_class=\u00a0\u00bbhome-kayak-slider\u00a0\u00bb]<br \/>\n[\/vc_column]<br \/>\n[\/vc_row]<\/p>\n<p>[vc_row full_width=\u00a0\u00bbstretch_row\u00a0\u00bb css=\u00a0\u00bb.vc_custom_1486430588704{background-color: #334960 !important;}\u00a0\u00bb el_class=\u00a0\u00bbtext-row text-row-white\u00a0\u00bb]<br \/>\n[vc_column]<br \/>\n[vc_column_text]<\/p>\n<h1 style=\"text-align: center; margin: 0 0 14px 0;\">La Baie de Fundy<\/h1>\n<div class=\"title-block-link__text-wrap\">\n<div class=\"title-block-link__description\">\n<p class=\"p1\"><span class=\"s1\">La Baie de Fundy est un \u00e9cosyst\u00e8me magnifique et unique. Les marais sal\u00e9s du haut de la baie, les vastes vasi\u00e8res et l\u2019amplitude exceptionnelle des mar\u00e9es jouent un r\u00f4le essentiel dans la sant\u00e9 de l\u2019ensemble de la baie. Par l\u2019exemple, la g\u00e9rance environnementale et notre programme d\u2019interpr\u00e9tation, l\u2019\u00e9quipe de FreshAir Adventure travaille fort pour partager notre philosophie environnementale et notre amour de cet endroit remarquable.<\/span><\/p>\n<\/div>\n<\/div>\n<p>[\/vc_column_text]<br \/>\n[vc_images_carousel images=\u00a0\u00bb2040,2043,2044,2046,2039,2045,2042,2036,2041,2035,2037,2038,3395,3377,2197&Prime; img_size=\u00a0\u00bbhomepage-slider\u00a0\u00bb slides_per_view=\u00a0\u00bb3&Prime; autoplay=\u00a0\u00bbyes\u00a0\u00bb hide_pagination_control=\u00a0\u00bbyes\u00a0\u00bb wrap=\u00a0\u00bbyes\u00a0\u00bb el_class=\u00a0\u00bbhome-bay-slider\u00a0\u00bb]<br \/>\n[\/vc_column]<br \/>\n[\/vc_row]<\/p>\n<p>[vc_row el_class=\u00a0\u00bbtext-row\u00a0\u00bb]<br \/>\n[vc_column width=\u00a0\u00bb1\/2&Prime;]<br \/>\n[vc_single_image image=\u00a0\u00bb2007&Prime; img_size=\u00a0\u00bbfull\u00a0\u00bb]<br \/>\n[\/vc_column]<br \/>\n[vc_column width=\u00a0\u00bb1\/2&Prime;]<br \/>\n[vc_column_text]<\/p>\n<h1 style=\"text-align: center; margin: 0 0 14px 0;\">Notre \u00e9quipe<\/h1>\n<div class=\"title-block-link__text-wrap\">\n<div class=\"title-block-link__description\">Nous ne pouvons pas vous promettre que tous nos guides sont aussi beaux qu\u2019\u00c9ric, mais ce sont tous des sp\u00e9cialistes d\u2019aventure de plein air exceptionnellement comp\u00e9tents, titulaires de certifications avanc\u00e9es de Wilderness First Responder et de Paddle Canada. Notre \u00e9quipe poss\u00e8de une exp\u00e9rience nationale et internationale, ayant men\u00e9 des exp\u00e9ditions au Canada, ainsi qu\u2019en Am\u00e9rique du Sud, en Australie, en Nouvelle-Z\u00e9lande et en Asie-Pacifique. Nous aimons ce que nous faisons, et nous tenons \u00e0 vous faire d\u00e9couvrir la Baie de Fundy de la mani\u00e8re la plus s\u00e9curitaire possible, tout en mettant en valeur l\u2019une des merveilles marines du monde.<\/div>\n<\/div>\n<p>[\/vc_column_text]<br \/>\n[vc_btn title=\u00a0\u00bbEn savoir plus\u00a0\u00bb color=\u00a0\u00bbwhite\u00a0\u00bb align=\u00a0\u00bbcenter\u00a0\u00bb link=\u00a0\u00bburl:https%3A%2F%2Ffreshairadventure.com%2Ffr%2Fnotre-equipe%2F|||\u00a0\u00bb el_class=\u00a0\u00bbhome-team-button\u00a0\u00bb]<br \/>\n[\/vc_column]<br \/>\n[\/vc_row]<\/p>\n<\/div>","protected":false},"excerpt":{"rendered":"<p>[vc_row full_width=\u00a0\u00bbstretch_row_content_no_spaces\u00a0\u00bb el_class=\u00a0\u00bbhome-hero-desktop\u00a0\u00bb css=\u00a0\u00bb.vc_custom_hero_desktop{margin-top:0px !important;margin-right:0px !important;margin-bottom:0px !important;margin-left:0px !important;border-top-width:0px !important;border-right-width:0px !important;border-bottom-width:0px !important;border-left-width:0px !important;padding-top:0px !important;padding-right:20px !important;padding-bottom:0px !important;padding-left:20px !important;background-image:url(https:\/\/freshairadventure.com\/wp-content\/uploads\/2020\/03\/header-perspective-image-1-scaled-e1611867646385.jpg) !important;background-size:cover !important;background-position:center center !important;min-height:560px !important;display:flex !important;align-items:center !important;}\u00a0\u00bb] [vc_column] [vc_column_text] Kayak de mer guid\u00e9 sur la Baie de Fundy Petits groupes, excursions adapt\u00e9es aux mar\u00e9es \u00e0 Alma, au Nouveau-Brunswick. Appelez maintenant [\/vc_column_text] [\/vc_column] [\/vc_row] [vc_row el_class=\u00a0\u00bbhome-intro-row home-intro-tight\u00a0\u00bb] [vc_column] [vc_column_text] Pagayez<\/p>\n<div class=\"padding-top text-center\"><a href=\"https:\/\/freshairadventure.com\/fr\/tours\/la-pagaie-en-estuaire-molly-kool\/\" class=\"atbtn atbtn--medium atbtn--rounded atbtn--transparent\">Read more<i class=\"atbtn__icon atbtn__icon--right fa fa-long-arrow-right\"><\/i><\/a><\/div>\n","protected":false},"author":1,"featured_media":0,"parent":0,"menu_order":0,"comment_status":"open","ping_status":"open","template":"","meta":{"_eb_attr":"","_monsterinsights_skip_tracking":false,"_monsterinsights_sitenote_active":false,"_monsterinsights_sitenote_note":"","_monsterinsights_sitenote_category":0,"footnotes":""},"class_list":["post-2702","page","type-page","status-publish","hentry"],"aioseo_notices":[],"_links":{"self":[{"href":"https:\/\/freshairadventure.com\/fr\/wp-json\/wp\/v2\/pages\/2702","targetHints":{"allow":["GET"]}}],"collection":[{"href":"https:\/\/freshairadventure.com\/fr\/wp-json\/wp\/v2\/pages"}],"about":[{"href":"https:\/\/freshairadventure.com\/fr\/wp-json\/wp\/v2\/types\/page"}],"author":[{"embeddable":true,"href":"https:\/\/freshairadventure.com\/fr\/wp-json\/wp\/v2\/users\/1"}],"replies":[{"embeddable":true,"href":"https:\/\/freshairadventure.com\/fr\/wp-json\/wp\/v2\/comments?post=2702"}],"version-history":[{"count":40,"href":"https:\/\/freshairadventure.com\/fr\/wp-json\/wp\/v2\/pages\/2702\/revisions"}],"predecessor-version":[{"id":4848,"href":"https:\/\/freshairadventure.com\/fr\/wp-json\/wp\/v2\/pages\/2702\/revisions\/4848"}],"wp:attachment":[{"href":"https:\/\/freshairadventure.com\/fr\/wp-json\/wp\/v2\/media?parent=2702"}],"curies":[{"name":"wp","href":"https:\/\/api.w.org\/{rel}","templated":true}]}}