{"id":4650,"date":"2025-05-14T20:27:59","date_gmt":"2025-05-14T20:27:59","guid":{"rendered":"https:\/\/freshairadventure.com\/?page_id=4650"},"modified":"2025-05-14T20:27:59","modified_gmt":"2025-05-14T20:27:59","slug":"pour-lamour-de-fundy-engagez-vous-avec-notre-serment-du-visiteur","status":"publish","type":"page","link":"https:\/\/freshairadventure.com\/fr\/la-baie-de-fundy\/pour-lamour-de-fundy-engagez-vous-avec-notre-serment-du-visiteur\/","title":{"rendered":"Pour l\u2019amour de Fundy : Engagez-vous avec notre Serment du Visiteur"},"content":{"rendered":"<h3 style=\"text-align: center;\"><span style=\"color: #333399;\"><strong>Honorez la terre. Respectez les eaux. Avancez avec respect.<\/strong><\/span><\/h3>\n<p>Chez Kayak Fundy, nous sommes passionn\u00e9s par l\u2019environnement exceptionnel qui nous entoure \u2014 un littoral parmi les plus longs et les plus pr\u00e9serv\u00e9s de la c\u00f4te est de l\u2019Am\u00e9rique du Nord. Nous croyons que le rivage, tout comme les communaut\u00e9s, les parcs, les champs, les rivi\u00e8res et les for\u00eats de la r\u00e9gion du Haut-Baie de Fundy, forment un \u00e9cosyst\u00e8me vivant qui m\u00e9rite \u00e0 la fois notre respect et notre attention. Nous invitons chaleureusement nos invit\u00e9s \u00e0 partager ces valeurs en prenant part \u00e0 notre <a href=\"#PledgeFR\">Serment du Visiteur<\/a> lors de la r\u00e9servation d\u2019une excursion.<\/p>\n<p>La baie de Fundy, reconnue comme une \u00ab merveille naturelle du monde \u00bb, joue un r\u00f4le essentiel dans l\u2019habitat des esp\u00e8ces et rivalise avec la biodiversit\u00e9 de la for\u00eat amazonienne. Ses littoraux, ses zones humides mar\u00e9cageuses et ses hauts plateaux forestiers font partie de la For\u00eat Wabanaki \u2013 le type de for\u00eat le plus riche en biodiversit\u00e9 en Am\u00e9rique du Nord.<\/p>\n<div id=\"gallery_1\" class=\"gallery\">\n<div class=\"row gallery__items\">\n\t\t\t\t\t<div class=\"col-sm-4 gallery__item-wrap\" data-filterid=\"\">\n\t\t\t<a href=\"https:\/\/freshairadventure.com\/wp-content\/uploads\/2023\/01\/monarch.jpg\" class=\"swipebox gallery__item\" title=\"Monarch Butterfly\">\n\t\t\t\t<img loading=\"lazy\" decoding=\"async\" width=\"720\" height=\"480\" src=\"https:\/\/freshairadventure.com\/wp-content\/uploads\/2023\/01\/monarch-720x480.jpg\" class=\"attachment-thumb_gallery size-thumb_gallery\" alt=\"Monarch\" srcset=\"https:\/\/freshairadventure.com\/wp-content\/uploads\/2023\/01\/monarch-720x480.jpg 720w, https:\/\/freshairadventure.com\/wp-content\/uploads\/2023\/01\/monarch-531x354.jpg 531w, https:\/\/freshairadventure.com\/wp-content\/uploads\/2023\/01\/monarch-180x120.jpg 180w\" sizes=\"auto, (max-width: 720px) 100vw, 720px\" \/>\t\t\t\t<span class=\"gallery__item__info\">\n\t\t\t\t\t<span class=\"gallery__item__info__content\">\n\t\t\t\t\t\t<span class=\"gallery__item__title\">Papillon monarque<\/span>\n\t\t\t\t\t\t\t\t\t\t<\/span>\n\t\t\t\t\t<span class=\"gallery__item__shadow\"><\/span>\n\t\t\t\t<\/span>\n\t\t\t<\/a>\n\t\t<\/div>\n\t\t\t\t\t<div class=\"col-sm-4 gallery__item-wrap\" data-filterid=\"\">\n\t\t\t<a href=\"https:\/\/freshairadventure.com\/wp-content\/uploads\/2017\/05\/EASTERN-BROOK-HIKE-e1747231383234.jpg\" class=\"swipebox gallery__item\" title=\"Eastern Brook Hike\">\n\t\t\t\t<img loading=\"lazy\" decoding=\"async\" width=\"720\" height=\"480\" src=\"https:\/\/freshairadventure.com\/wp-content\/uploads\/2017\/05\/EASTERN-BROOK-HIKE-e1747231383234-720x480.jpg\" class=\"attachment-thumb_gallery size-thumb_gallery\" alt=\"\" srcset=\"https:\/\/freshairadventure.com\/wp-content\/uploads\/2017\/05\/EASTERN-BROOK-HIKE-e1747231383234-720x480.jpg 720w, https:\/\/freshairadventure.com\/wp-content\/uploads\/2017\/05\/EASTERN-BROOK-HIKE-e1747231383234-531x354.jpg 531w, https:\/\/freshairadventure.com\/wp-content\/uploads\/2017\/05\/EASTERN-BROOK-HIKE-e1747231383234-180x120.jpg 180w\" sizes=\"auto, (max-width: 720px) 100vw, 720px\" \/>\t\t\t\t<span class=\"gallery__item__info\">\n\t\t\t\t\t<span class=\"gallery__item__info__content\">\n\t\t\t\t\t\t<span class=\"gallery__item__title\">Barrage de la Vieille Rivi\u00e8re<\/span>\n\t\t\t\t\t\t\t\t\t\t<\/span>\n\t\t\t\t\t<span class=\"gallery__item__shadow\"><\/span>\n\t\t\t\t<\/span>\n\t\t\t<\/a>\n\t\t<\/div>\n\t\t\t\t\t<div class=\"col-sm-4 gallery__item-wrap\" data-filterid=\"\">\n\t\t\t<a href=\"https:\/\/freshairadventure.com\/wp-content\/uploads\/2017\/05\/SQUIRREL-e1747231354581.jpg\" class=\"swipebox gallery__item\" title=\"Red Squirrel\">\n\t\t\t\t<img loading=\"lazy\" decoding=\"async\" width=\"720\" height=\"480\" src=\"https:\/\/freshairadventure.com\/wp-content\/uploads\/2017\/05\/SQUIRREL-e1747231354581-720x480.jpg\" class=\"attachment-thumb_gallery size-thumb_gallery\" alt=\"\" srcset=\"https:\/\/freshairadventure.com\/wp-content\/uploads\/2017\/05\/SQUIRREL-e1747231354581-720x480.jpg 720w, https:\/\/freshairadventure.com\/wp-content\/uploads\/2017\/05\/SQUIRREL-e1747231354581-531x354.jpg 531w, https:\/\/freshairadventure.com\/wp-content\/uploads\/2017\/05\/SQUIRREL-e1747231354581-180x120.jpg 180w\" sizes=\"auto, (max-width: 720px) 100vw, 720px\" \/>\t\t\t\t<span class=\"gallery__item__info\">\n\t\t\t\t\t<span class=\"gallery__item__info__content\">\n\t\t\t\t\t\t<span class=\"gallery__item__title\">\u00c9cureuil roux<\/span>\n\t\t\t\t\t\t\t\t\t\t<\/span>\n\t\t\t\t\t<span class=\"gallery__item__shadow\"><\/span>\n\t\t\t\t<\/span>\n\t\t\t<\/a>\n\t\t<\/div>\n\t\t\t\t\t<div class=\"col-sm-4 gallery__item-wrap\" data-filterid=\"\">\n\t\t\t<a href=\"https:\/\/freshairadventure.com\/wp-content\/uploads\/2017\/06\/Rocks-and-Estuary-016-scaled-e1747231252330.jpeg\" class=\"swipebox gallery__item\" title=\"Amazing Rocks\">\n\t\t\t\t<img loading=\"lazy\" decoding=\"async\" width=\"720\" height=\"480\" src=\"https:\/\/freshairadventure.com\/wp-content\/uploads\/2017\/06\/Rocks-and-Estuary-016-scaled-e1747231252330-720x480.jpeg\" class=\"attachment-thumb_gallery size-thumb_gallery\" alt=\"\" srcset=\"https:\/\/freshairadventure.com\/wp-content\/uploads\/2017\/06\/Rocks-and-Estuary-016-scaled-e1747231252330-720x480.jpeg 720w, https:\/\/freshairadventure.com\/wp-content\/uploads\/2017\/06\/Rocks-and-Estuary-016-scaled-e1747231252330-531x354.jpeg 531w, https:\/\/freshairadventure.com\/wp-content\/uploads\/2017\/06\/Rocks-and-Estuary-016-scaled-e1747231252330-180x120.jpeg 180w\" sizes=\"auto, (max-width: 720px) 100vw, 720px\" \/>\t\t\t\t<span class=\"gallery__item__info\">\n\t\t\t\t\t<span class=\"gallery__item__info__content\">\n\t\t\t\t\t\t<span class=\"gallery__item__title\">Rochers impressionnants<\/span>\n\t\t\t\t\t\t\t\t\t\t<\/span>\n\t\t\t\t\t<span class=\"gallery__item__shadow\"><\/span>\n\t\t\t\t<\/span>\n\t\t\t<\/a>\n\t\t<\/div>\n\t\t\t\t\t<div class=\"col-sm-4 gallery__item-wrap\" data-filterid=\"\">\n\t\t\t<a href=\"https:\/\/freshairadventure.com\/wp-content\/uploads\/2017\/06\/IMG_2210.jpg\" class=\"swipebox gallery__item\" title=\"Upper Salmon River\">\n\t\t\t\t<img loading=\"lazy\" decoding=\"async\" width=\"668\" height=\"480\" src=\"https:\/\/freshairadventure.com\/wp-content\/uploads\/2017\/06\/IMG_2210-668x480.jpg\" class=\"attachment-thumb_gallery size-thumb_gallery\" alt=\"\" \/>\t\t\t\t<span class=\"gallery__item__info\">\n\t\t\t\t\t<span class=\"gallery__item__info__content\">\n\t\t\t\t\t\t<span class=\"gallery__item__title\">Rivi\u00e8re Salmon <\/span>\n\t\t\t\t\t\t\t\t\t\t<\/span>\n\t\t\t\t\t<span class=\"gallery__item__shadow\"><\/span>\n\t\t\t\t<\/span>\n\t\t\t<\/a>\n\t\t<\/div>\n\t\t\t\t\t<div class=\"col-sm-4 gallery__item-wrap\" data-filterid=\"\">\n\t\t\t<a href=\"https:\/\/freshairadventure.com\/wp-content\/uploads\/2023\/01\/P7130095.jpeg\" class=\"swipebox gallery__item\" title=\"View from the Sea\">\n\t\t\t\t<img loading=\"lazy\" decoding=\"async\" width=\"640\" height=\"480\" src=\"https:\/\/freshairadventure.com\/wp-content\/uploads\/2023\/01\/P7130095.jpeg\" class=\"attachment-thumb_gallery size-thumb_gallery\" alt=\"Hands up!\" srcset=\"https:\/\/freshairadventure.com\/wp-content\/uploads\/2023\/01\/P7130095.jpeg 640w, https:\/\/freshairadventure.com\/wp-content\/uploads\/2023\/01\/P7130095-600x450.jpeg 600w, https:\/\/freshairadventure.com\/wp-content\/uploads\/2023\/01\/P7130095-300x225.jpeg 300w, https:\/\/freshairadventure.com\/wp-content\/uploads\/2023\/01\/P7130095-400x300.jpeg 400w\" sizes=\"auto, (max-width: 640px) 100vw, 640px\" \/>\t\t\t\t<span class=\"gallery__item__info\">\n\t\t\t\t\t<span class=\"gallery__item__info__content\">\n\t\t\t\t\t\t<span class=\"gallery__item__title\">Vue marine des rochers<\/span>\n\t\t\t\t\t\t\t\t\t\t<\/span>\n\t\t\t\t\t<span class=\"gallery__item__shadow\"><\/span>\n\t\t\t\t<\/span>\n\t\t\t<\/a>\n\t\t<\/div>\n\t<\/div>\n<\/div>\n<p>&nbsp;<\/p>\n<p>Ancr\u00e9es dans cette richesse naturelle se trouvent les profondes racines culturelles des peuples autochtones et des colons acadiens, qui ont fa\u00e7onn\u00e9, prot\u00e9g\u00e9 et valoris\u00e9 ces terres et ces eaux au fil des si\u00e8cles. Cette r\u00e9gion se distingue \u00e9galement par deux d\u00e9signations de l\u2019UNESCO : la R\u00e9serve de biosph\u00e8re de Fundy et le G\u00e9oparc Stonehammer.<\/p>\n<p>Ces paysages vivants nourrissent l\u2019espoir d\u2019un avenir o\u00f9 la nature et le patrimoine seront respect\u00e9s et prot\u00e9g\u00e9s.<\/p>\n<blockquote>\n<h3 style=\"text-align: center; padding-left: 40px;\"><span style=\"color: #333399;\"><strong><a id=\"PledgeFR\"><\/a>Voici notre engagement envers Fundy et ses communaut\u00e9s environnantes :<\/strong><\/span><\/h3>\n<p style=\"padding-left: 40px;\"><span style=\"color: #333399;\"><strong>Je m\u2019engage<\/strong><\/span> \u00e0 explorer les milieux sauvages de Fundy avec soin, sans laisser de traces, en respectant l\u2019\u00e9quilibre fragile entre la c\u00f4te, la for\u00eat et les mar\u00e9es. Je r\u00e9duirai mon impact, marcherai avec l\u00e9g\u00e8ret\u00e9 sur les sentiers et pr\u00e9serverai les \u00e9l\u00e9ments naturels et historiques que je rencontre. Je voyagerai de mani\u00e8re intentionnelle \u2013 en rapportant mes d\u00e9chets, en respectant les r\u00e8gles de s\u00e9curit\u00e9 incendie et en laissant la nature intacte.<\/p>\n<p style=\"padding-left: 40px;\"><span style=\"color: #333399;\"><strong>Je m\u2019engage<\/strong><\/span> \u00e0 c\u00e9l\u00e9brer la riche mosa\u00efque culturelle de cette r\u00e9gion, fa\u00e7onn\u00e9e par les peuples autochtones, les colons acadiens et les g\u00e9n\u00e9rations qui ont fait de ce lieu leur foyer. J\u2019interagirai avec les communaut\u00e9s locales avec ouverture et respect, en valorisant les traditions, les r\u00e9cits et les expressions cr\u00e9atives qui donnent vie \u00e0 cet endroit.<\/p>\n<p style=\"padding-left: 40px;\"><span style=\"color: #333399;\"><strong>Je m\u2019engage<\/strong><\/span> \u00e0 observer la faune \u00e0 distance, \u00e0 ne jamais nourrir les animaux ni perturber leur habitat, et \u00e0 faire en sorte que ma pr\u00e9sence ne d\u00e9range pas les rythmes naturels du territoire. Je veillerai au bien-\u00eatre de tous les \u00eatres vivants en entreposant correctement les aliments et en gardant mes animaux de compagnie sous contr\u00f4le.<\/p>\n<p style=\"padding-left: 40px;\"><span style=\"color: #333399;\"><strong>Je m\u2019engage<\/strong><\/span> \u00e0 soutenir les entreprises locales, les h\u00e9bergements et les artisans qui donnent \u00e0 cette r\u00e9gion son caract\u00e8re et sa vitalit\u00e9 \u00e9conomique. Je privil\u00e9gierai les exp\u00e9riences et les achats ancr\u00e9s dans la communaut\u00e9 et qui refl\u00e8tent l\u2019identit\u00e9 unique du Nouveau-Brunswick \u2014 notamment ceux identifi\u00e9s comme \u00ab Fait au N.-B. \u00bb<\/p>\n<p style=\"padding-left: 40px;\"><span style=\"color: #333399;\"><strong>Je m\u2019engage<\/strong> <\/span>\u00e0 partager les espaces de fa\u00e7on responsable \u2013 que ce soit sur les sentiers, les routes ou les belv\u00e9d\u00e8res \u2013 en faisant preuve de courtoisie, de discr\u00e9tion et de consid\u00e9ration pour les autres. Je marcherai, p\u00e9dalerai ou covoiturerai lorsque possible et je r\u00e9fl\u00e9chirai aux moments et aux endroits que je visite pour \u00e9viter la surfr\u00e9quentation.<\/p>\n<p style=\"padding-left: 40px;\"><span style=\"color: #333399;\"><strong>Je m\u2019engage<\/strong><\/span> \u00e0 planifier mes activit\u00e9s avec soin, \u00e0 voyager en toute s\u00e9curit\u00e9 et \u00e0 me pr\u00e9parer pour les changements de m\u00e9t\u00e9o, les mar\u00e9es et les terrains accident\u00e9s de Fundy. Je consulterai les conseils locaux, respecterai les panneaux de signalisation et me d\u00e9placerai avec attention et respect.<\/p>\n<p style=\"padding-left: 40px;\"><strong><em>En prenant cet engagement, je promets d\u2019\u00eatre une invit\u00e9e ou un invit\u00e9 respectueux et responsable dans la r\u00e9gion de Fundy \u2013 en honorant son pass\u00e9, en pr\u00e9servant son pr\u00e9sent, et en prot\u00e9geant son avenir.<\/em><\/strong><\/p>\n<\/blockquote>\n<p>&nbsp;<\/p>\n","protected":false},"excerpt":{"rendered":"<p>Honorez la terre. Respectez les eaux. Avancez avec respect. Chez Kayak Fundy, nous sommes passionn\u00e9s par l\u2019environnement exceptionnel qui nous entoure \u2014 un littoral parmi les plus longs et les plus pr\u00e9serv\u00e9s de la c\u00f4te est de l\u2019Am\u00e9rique du Nord. Nous croyons que le rivage, tout comme les communaut\u00e9s, les parcs, les champs, les rivi\u00e8res<\/p>\n<div class=\"padding-top text-center\"><a href=\"https:\/\/freshairadventure.com\/fr\/la-baie-de-fundy\/pour-lamour-de-fundy-engagez-vous-avec-notre-serment-du-visiteur\/\" class=\"atbtn atbtn--medium atbtn--rounded atbtn--transparent\">Read more<i class=\"atbtn__icon atbtn__icon--right fa fa-long-arrow-right\"><\/i><\/a><\/div>\n","protected":false},"author":4,"featured_media":2037,"parent":2460,"menu_order":0,"comment_status":"closed","ping_status":"closed","template":"","meta":{"_eb_attr":"","_monsterinsights_skip_tracking":false,"_monsterinsights_sitenote_active":false,"_monsterinsights_sitenote_note":"","_monsterinsights_sitenote_category":0,"footnotes":""},"class_list":["post-4650","page","type-page","status-publish","has-post-thumbnail","hentry"],"aioseo_notices":[],"_links":{"self":[{"href":"https:\/\/freshairadventure.com\/fr\/wp-json\/wp\/v2\/pages\/4650","targetHints":{"allow":["GET"]}}],"collection":[{"href":"https:\/\/freshairadventure.com\/fr\/wp-json\/wp\/v2\/pages"}],"about":[{"href":"https:\/\/freshairadventure.com\/fr\/wp-json\/wp\/v2\/types\/page"}],"author":[{"embeddable":true,"href":"https:\/\/freshairadventure.com\/fr\/wp-json\/wp\/v2\/users\/4"}],"replies":[{"embeddable":true,"href":"https:\/\/freshairadventure.com\/fr\/wp-json\/wp\/v2\/comments?post=4650"}],"version-history":[{"count":8,"href":"https:\/\/freshairadventure.com\/fr\/wp-json\/wp\/v2\/pages\/4650\/revisions"}],"predecessor-version":[{"id":4669,"href":"https:\/\/freshairadventure.com\/fr\/wp-json\/wp\/v2\/pages\/4650\/revisions\/4669"}],"up":[{"embeddable":true,"href":"https:\/\/freshairadventure.com\/fr\/wp-json\/wp\/v2\/pages\/2460"}],"wp:featuredmedia":[{"embeddable":true,"href":"https:\/\/freshairadventure.com\/fr\/wp-json\/wp\/v2\/media\/2037"}],"wp:attachment":[{"href":"https:\/\/freshairadventure.com\/fr\/wp-json\/wp\/v2\/media?parent=4650"}],"curies":[{"name":"wp","href":"https:\/\/api.w.org\/{rel}","templated":true}]}}