{"id":4823,"date":"2026-02-03T23:25:01","date_gmt":"2026-02-03T23:25:01","guid":{"rendered":"https:\/\/freshairadventure.com\/?page_id=4823"},"modified":"2026-02-11T18:12:49","modified_gmt":"2026-02-11T18:12:49","slug":"offres-demploi","status":"publish","type":"page","link":"https:\/\/freshairadventure.com\/fr\/offres-demploi\/","title":{"rendered":"Offres d\u2019emploi"},"content":{"rendered":"<h1 style=\"text-align: center;\"><span style=\"color: #000080;\"><strong data-start=\"260\" data-end=\"306\">Travaillez avec Kayak Fundy \u00e0 Alma (N.-B.)<\/strong><\/span><\/h1>\r\n<h3 style=\"text-align: center;\" data-start=\"260\" data-end=\"372\"><em>Passez votre \u00e9t\u00e9 au rythme des plus hautes mar\u00e9es du monde.<\/em><\/h3>\r\n<p><img loading=\"lazy\" decoding=\"async\" class=\"wp-image-4828 alignright\" title=\"Ete Employment 2026 FR\" src=\"https:\/\/freshairadventure.com\/wp-content\/uploads\/2026\/02\/2026-Summer-job-FR-1-216x300.jpeg\" alt=\"\" width=\"373\" height=\"518\" srcset=\"https:\/\/freshairadventure.com\/wp-content\/uploads\/2026\/02\/2026-Summer-job-FR-1-216x300.jpeg 216w, https:\/\/freshairadventure.com\/wp-content\/uploads\/2026\/02\/2026-Summer-job-FR-1-736x1024.jpeg 736w, https:\/\/freshairadventure.com\/wp-content\/uploads\/2026\/02\/2026-Summer-job-FR-1-768x1068.jpeg 768w, https:\/\/freshairadventure.com\/wp-content\/uploads\/2026\/02\/2026-Summer-job-FR-1-1105x1536.jpeg 1105w, https:\/\/freshairadventure.com\/wp-content\/uploads\/2026\/02\/2026-Summer-job-FR-1-600x834.jpeg 600w, https:\/\/freshairadventure.com\/wp-content\/uploads\/2026\/02\/2026-Summer-job-FR-1.jpeg 1178w\" sizes=\"auto, (max-width: 373px) 100vw, 373px\" \/><\/p>\r\n<!-- \/wp:post-content -->\r\n<p data-start=\"374\" data-end=\"515\">Kayak Fundy \u2013 FreshAir Adventure recrute du personnel dynamique, professionnel, et bilingue pour la saison 2026 \u00e0 Alma, au Nouveau-Brunswick.<\/p>\r\n<p data-start=\"517\" data-end=\"815\">Nous offrons plus qu\u2019un simple emploi saisonnier. Nous vous invitons \u00e0 vous joindre \u00e0 une \u00e9quipe de plein air qualifi\u00e9e qui propose des excursions guid\u00e9es en kayak de mer s\u00e9curitaires, \u00e9ducatives, et m\u00e9morables, dans l\u2019un des environnements c\u00f4tiers les plus spectaculaires et distinctifs du Canada.<\/p>\r\n<h3><strong>LE TRAVAIL<\/strong><\/h3>\r\n<p data-start=\"231\" data-end=\"440\">Nos guides de kayak travaillent en petites \u00e9quipes de deux ou trois personnes, pour diriger et appuyer des excursions guid\u00e9es de kayak de mer d\u2019une demi-journ\u00e9e et d\u2019une journ\u00e9e compl\u00e8te dans la baie de Fundy.<\/p>\r\n<p data-start=\"442\" data-end=\"474\"><strong>Les personnes retenues devront :<\/strong><\/p>\r\n<ul>\r\n<li>Encadrer des groupes vari\u00e9s de participants de fa\u00e7on s\u00e9curitaire sur l\u2019eau<\/li>\r\n<li>Enseigner des techniques pratiques de pagaie et les r\u00e8gles de s\u00e9curit\u00e9 nautique<\/li>\r\n<li>Offrir des exp\u00e9riences de plein air de grande qualit\u00e9 \u00e0 des personnes de tous horizons et de diff\u00e9rents niveaux d\u2019habilet\u00e9<\/li>\r\n<li>Assurer l\u2019interpr\u00e9tation naturelle et culturelle de la r\u00e9gion (formation et mat\u00e9riel fournis)<\/li>\r\n<li>Animer les s\u00e9ances d\u2019information avant le d\u00e9part et expliquer les formulaires de renonciation<\/li>\r\n<li>Pr\u00e9parer les kayaks et l\u2019\u00e9quipement de s\u00e9curit\u00e9 pour les op\u00e9rations quotidiennes<\/li>\r\n<li>Nettoyer et entretenir l\u2019\u00e9quipement apr\u00e8s chaque excursion<\/li>\r\n<li>Participer \u00e0 la formation et \u00e0 l\u2019orientation du personnel \u00e0 la fin mai et au d\u00e9but juin<\/li>\r\n<li>Respecter la r\u00e9glementation de Transports Canada ainsi que toutes les normes internes de s\u00e9curit\u00e9<\/li>\r\n<li>Favoriser la protection de l\u2019environnement gr\u00e2ce \u00e0 des pratiques responsables et \u00e0 faible impact<\/li>\r\n<li>\u00catre capable de communiquer en fran\u00e7ais et en anglais (niveau conversationnel)<\/li>\r\n<\/ul>\r\n<p data-start=\"1487\" data-end=\"1641\">Tout le personnel re\u00e7oit une formation interne propre au poste ainsi qu\u2019un acc\u00e8s \u00e0 nos manuels d\u2019op\u00e9rations et d\u2019interpr\u00e9tation avant le d\u00e9but du travail.<\/p>\r\n<p data-start=\"1643\" data-end=\"1832\"><strong><span style=\"color: #000000;\">Si ce poste vous int\u00e9resse, veuillez consulter les renseignements ci-dessous. <\/span><\/strong>N\u2019h\u00e9sitez pas \u00e0 communiquer avec nous avant de soumettre une candidature officielle si vous avez des questions.<\/p>\r\n<p>&nbsp;<\/p>\r\n<div id=\"gallery_1\" class=\"gallery\">\n<div class=\"row gallery__items\">\n\t\t\t\t\t<div class=\"col-sm-4 gallery__item-wrap\" data-filterid=\"\">\n\t\t\t<a href=\"https:\/\/freshairadventure.com\/wp-content\/uploads\/2020\/02\/staff-truck.jpg\" class=\"swipebox gallery__item\" title=\"staff truck\">\n\t\t\t\t<img loading=\"lazy\" decoding=\"async\" width=\"720\" height=\"480\" src=\"https:\/\/freshairadventure.com\/wp-content\/uploads\/2020\/02\/staff-truck-720x480.jpg\" class=\"attachment-thumb_gallery size-thumb_gallery\" alt=\"Our Truck\" srcset=\"https:\/\/freshairadventure.com\/wp-content\/uploads\/2020\/02\/staff-truck-720x480.jpg 720w, https:\/\/freshairadventure.com\/wp-content\/uploads\/2020\/02\/staff-truck-531x354.jpg 531w, https:\/\/freshairadventure.com\/wp-content\/uploads\/2020\/02\/staff-truck-180x120.jpg 180w\" sizes=\"auto, (max-width: 720px) 100vw, 720px\" \/>\t\t\t\t<span class=\"gallery__item__info\">\n\t\t\t\t\t<span class=\"gallery__item__info__content\">\n\t\t\t\t\t\t<span class=\"gallery__item__title\">Our ride<\/span>\n\t\t\t\t\t\t\t\t\t\t<\/span>\n\t\t\t\t\t<span class=\"gallery__item__shadow\"><\/span>\n\t\t\t\t<\/span>\n\t\t\t<\/a>\n\t\t<\/div>\n\t\t\t\t\t<div class=\"col-sm-4 gallery__item-wrap\" data-filterid=\"\">\n\t\t\t<a href=\"https:\/\/freshairadventure.com\/wp-content\/uploads\/2020\/02\/amanda-under-bridge.jpg\" class=\"swipebox gallery__item\" title=\"OLYMPUS DIGITAL CAMERA\">\n\t\t\t\t<img loading=\"lazy\" decoding=\"async\" width=\"720\" height=\"480\" src=\"https:\/\/freshairadventure.com\/wp-content\/uploads\/2020\/02\/amanda-under-bridge-720x480.jpg\" class=\"attachment-thumb_gallery size-thumb_gallery\" alt=\"\" srcset=\"https:\/\/freshairadventure.com\/wp-content\/uploads\/2020\/02\/amanda-under-bridge-720x480.jpg 720w, https:\/\/freshairadventure.com\/wp-content\/uploads\/2020\/02\/amanda-under-bridge-531x354.jpg 531w, https:\/\/freshairadventure.com\/wp-content\/uploads\/2020\/02\/amanda-under-bridge-180x120.jpg 180w\" sizes=\"auto, (max-width: 720px) 100vw, 720px\" \/>\t\t\t\t<span class=\"gallery__item__info\">\n\t\t\t\t\t<span class=\"gallery__item__info__content\">\n\t\t\t\t\t\t<span class=\"gallery__item__title\">On tour<\/span>\n\t\t\t\t\t\t\t\t\t\t<\/span>\n\t\t\t\t\t<span class=\"gallery__item__shadow\"><\/span>\n\t\t\t\t<\/span>\n\t\t\t<\/a>\n\t\t<\/div>\n\t\t\t\t\t<div class=\"col-sm-4 gallery__item-wrap\" data-filterid=\"\">\n\t\t\t<a href=\"https:\/\/freshairadventure.com\/wp-content\/uploads\/2020\/02\/Jo-and-rocks.jpg\" class=\"swipebox gallery__item\" title=\"Jo and rocks\">\n\t\t\t\t<img loading=\"lazy\" decoding=\"async\" width=\"720\" height=\"480\" src=\"https:\/\/freshairadventure.com\/wp-content\/uploads\/2020\/02\/Jo-and-rocks-720x480.jpg\" class=\"attachment-thumb_gallery size-thumb_gallery\" alt=\"\" srcset=\"https:\/\/freshairadventure.com\/wp-content\/uploads\/2020\/02\/Jo-and-rocks-720x480.jpg 720w, https:\/\/freshairadventure.com\/wp-content\/uploads\/2020\/02\/Jo-and-rocks-531x354.jpg 531w, https:\/\/freshairadventure.com\/wp-content\/uploads\/2020\/02\/Jo-and-rocks-180x120.jpg 180w, https:\/\/freshairadventure.com\/wp-content\/uploads\/2020\/02\/Jo-and-rocks-360x240.jpg 360w\" sizes=\"auto, (max-width: 720px) 100vw, 720px\" \/>\t\t\t\t<span class=\"gallery__item__info\">\n\t\t\t\t\t<span class=\"gallery__item__info__content\">\n\t\t\t\t\t\t<span class=\"gallery__item__title\">Jo on Water<\/span>\n\t\t\t\t\t\t\t\t\t\t<\/span>\n\t\t\t\t\t<span class=\"gallery__item__shadow\"><\/span>\n\t\t\t\t<\/span>\n\t\t\t<\/a>\n\t\t<\/div>\n\t\t\t\t\t<div class=\"col-sm-4 gallery__item-wrap\" data-filterid=\"\">\n\t\t\t<a href=\"https:\/\/freshairadventure.com\/wp-content\/uploads\/2019\/05\/VINCEINBOAT.jpg\" class=\"swipebox gallery__item\" title=\"VINCEINBOAT\">\n\t\t\t\t<img loading=\"lazy\" decoding=\"async\" width=\"720\" height=\"480\" src=\"https:\/\/freshairadventure.com\/wp-content\/uploads\/2019\/05\/VINCEINBOAT-720x480.jpg\" class=\"attachment-thumb_gallery size-thumb_gallery\" alt=\"\" srcset=\"https:\/\/freshairadventure.com\/wp-content\/uploads\/2019\/05\/VINCEINBOAT-720x480.jpg 720w, https:\/\/freshairadventure.com\/wp-content\/uploads\/2019\/05\/VINCEINBOAT-531x354.jpg 531w, https:\/\/freshairadventure.com\/wp-content\/uploads\/2019\/05\/VINCEINBOAT-180x120.jpg 180w\" sizes=\"auto, (max-width: 720px) 100vw, 720px\" \/>\t\t\t\t<span class=\"gallery__item__info\">\n\t\t\t\t\t<span class=\"gallery__item__info__content\">\n\t\t\t\t\t\t<span class=\"gallery__item__title\">Vince at work<\/span>\n\t\t\t\t\t\t\t\t\t\t<\/span>\n\t\t\t\t\t<span class=\"gallery__item__shadow\"><\/span>\n\t\t\t\t<\/span>\n\t\t\t<\/a>\n\t\t<\/div>\n\t\t\t\t\t<div class=\"col-sm-4 gallery__item-wrap\" data-filterid=\"\">\n\t\t\t<a href=\"https:\/\/freshairadventure.com\/wp-content\/uploads\/2018\/07\/35540759_10156483707689700_7369301437618061312_n.jpg\" class=\"swipebox gallery__item\" title=\"35540759_10156483707689700_7369301437618061312_n\">\n\t\t\t\t<img loading=\"lazy\" decoding=\"async\" width=\"720\" height=\"480\" src=\"https:\/\/freshairadventure.com\/wp-content\/uploads\/2018\/07\/35540759_10156483707689700_7369301437618061312_n-720x480.jpg\" class=\"attachment-thumb_gallery size-thumb_gallery\" alt=\"\" srcset=\"https:\/\/freshairadventure.com\/wp-content\/uploads\/2018\/07\/35540759_10156483707689700_7369301437618061312_n-720x480.jpg 720w, https:\/\/freshairadventure.com\/wp-content\/uploads\/2018\/07\/35540759_10156483707689700_7369301437618061312_n-531x354.jpg 531w, https:\/\/freshairadventure.com\/wp-content\/uploads\/2018\/07\/35540759_10156483707689700_7369301437618061312_n-180x120.jpg 180w\" sizes=\"auto, (max-width: 720px) 100vw, 720px\" \/>\t\t\t\t<span class=\"gallery__item__info\">\n\t\t\t\t\t<span class=\"gallery__item__info__content\">\n\t\t\t\t\t\t<span class=\"gallery__item__title\">Gina &amp; Sula (Sula in the life-jacket).<\/span>\n\t\t\t\t\t\t\t\t\t\t<\/span>\n\t\t\t\t\t<span class=\"gallery__item__shadow\"><\/span>\n\t\t\t\t<\/span>\n\t\t\t<\/a>\n\t\t<\/div>\n\t\t\t\t\t<div class=\"col-sm-4 gallery__item-wrap\" data-filterid=\"\">\n\t\t\t<a href=\"https:\/\/freshairadventure.com\/wp-content\/uploads\/2019\/05\/VINCENIKO.jpg\" class=\"swipebox gallery__item\" title=\"VINCE&amp;NIKO\">\n\t\t\t\t<img loading=\"lazy\" decoding=\"async\" width=\"720\" height=\"480\" src=\"https:\/\/freshairadventure.com\/wp-content\/uploads\/2019\/05\/VINCENIKO-720x480.jpg\" class=\"attachment-thumb_gallery size-thumb_gallery\" alt=\"\" srcset=\"https:\/\/freshairadventure.com\/wp-content\/uploads\/2019\/05\/VINCENIKO-720x480.jpg 720w, https:\/\/freshairadventure.com\/wp-content\/uploads\/2019\/05\/VINCENIKO-531x354.jpg 531w, https:\/\/freshairadventure.com\/wp-content\/uploads\/2019\/05\/VINCENIKO-180x120.jpg 180w\" sizes=\"auto, (max-width: 720px) 100vw, 720px\" \/>\t\t\t\t<span class=\"gallery__item__info\">\n\t\t\t\t\t<span class=\"gallery__item__info__content\">\n\t\t\t\t\t\t<span class=\"gallery__item__title\">Vince and Doggo<\/span>\n\t\t\t\t\t\t\t\t\t\t<\/span>\n\t\t\t\t\t<span class=\"gallery__item__shadow\"><\/span>\n\t\t\t\t<\/span>\n\t\t\t<\/a>\n\t\t<\/div>\n\t\t\t\t\t<div class=\"col-sm-4 gallery__item-wrap\" data-filterid=\"\">\n\t\t\t<a href=\"https:\/\/freshairadventure.com\/wp-content\/uploads\/2020\/02\/isaac-niko.jpg\" class=\"swipebox gallery__item\" title=\"isaac &amp; niko\">\n\t\t\t\t<img loading=\"lazy\" decoding=\"async\" width=\"427\" height=\"480\" src=\"https:\/\/freshairadventure.com\/wp-content\/uploads\/2020\/02\/isaac-niko-427x480.jpg\" class=\"attachment-thumb_gallery size-thumb_gallery\" alt=\"\" \/>\t\t\t\t<span class=\"gallery__item__info\">\n\t\t\t\t\t<span class=\"gallery__item__info__content\">\n\t\t\t\t\t\t<span class=\"gallery__item__title\">Guide and guide dog<\/span>\n\t\t\t\t\t\t\t\t\t\t<\/span>\n\t\t\t\t\t<span class=\"gallery__item__shadow\"><\/span>\n\t\t\t\t<\/span>\n\t\t\t<\/a>\n\t\t<\/div>\n\t\t\t\t\t<div class=\"col-sm-4 gallery__item-wrap\" data-filterid=\"\">\n\t\t\t<a href=\"https:\/\/freshairadventure.com\/wp-content\/uploads\/2017\/02\/rachel3.jpeg\" class=\"swipebox gallery__item\" title=\"OLYMPUS DIGITAL CAMERA\">\n\t\t\t\t<img loading=\"lazy\" decoding=\"async\" width=\"450\" height=\"480\" src=\"https:\/\/freshairadventure.com\/wp-content\/uploads\/2017\/02\/rachel3-450x480.jpeg\" class=\"attachment-thumb_gallery size-thumb_gallery\" alt=\"\" \/>\t\t\t\t<span class=\"gallery__item__info\">\n\t\t\t\t\t<span class=\"gallery__item__info__content\">\n\t\t\t\t\t\t<span class=\"gallery__item__title\">Rachel en rose<\/span>\n\t\t\t\t\t\t\t\t\t\t<\/span>\n\t\t\t\t\t<span class=\"gallery__item__shadow\"><\/span>\n\t\t\t\t<\/span>\n\t\t\t<\/a>\n\t\t<\/div>\n\t<\/div>\n<\/div>\r\n<h3>\u00a0<\/h3>\r\n<h3>\u00a0<\/h3>\r\n<h3 style=\"text-align: center;\"><span style=\"color: #003366;\"><strong>POSTES OFFERTS<\/strong><\/span><\/h3>\r\n<div class=\"flex flex-col text-sm pb-25\">\r\n<article class=\"text-token-text-primary w-full focus:outline-none [--shadow-height:45px] has-data-writing-block:pointer-events-none has-data-writing-block:-mt-(--shadow-height) has-data-writing-block:pt-(--shadow-height) [&amp;:has([data-writing-block])&gt;*]:pointer-events-auto scroll-mt-[calc(var(--header-height)+min(200px,max(70px,20svh)))]\" dir=\"auto\" tabindex=\"-1\" data-turn-id=\"request-WEB:faa60028-7d73-4fdf-88c0-b97b0a22693c-12\" data-testid=\"conversation-turn-8\" data-scroll-anchor=\"true\" data-turn=\"assistant\">\r\n<div class=\"text-base my-auto mx-auto pb-10 [--thread-content-margin:--spacing(4)] @w-sm\/main:[--thread-content-margin:--spacing(6)] @w-lg\/main:[--thread-content-margin:--spacing(16)] px-(--thread-content-margin)\">\r\n<div class=\"[--thread-content-max-width:40rem] @w-lg\/main:[--thread-content-max-width:48rem] mx-auto max-w-(--thread-content-max-width) flex-1 group\/turn-messages focus-visible:outline-hidden relative flex w-full min-w-0 flex-col agent-turn\" tabindex=\"-1\">\r\n<div class=\"flex max-w-full flex-col grow\">\r\n<div class=\"min-h-8 text-message relative flex w-full flex-col items-end gap-2 text-start break-words whitespace-normal [.text-message+&amp;]:mt-1\" dir=\"auto\" data-message-author-role=\"assistant\" data-message-id=\"233b8d4e-fdd3-4790-818d-0d86ef8ae9dc\" data-message-model-slug=\"gpt-5-2\">\r\n<div class=\"flex w-full flex-col gap-1 empty:hidden first:pt-[1px]\">\r\n<div class=\"markdown prose dark:prose-invert w-full wrap-break-word light markdown-new-styling\">\u00a0<\/div>\r\n<\/div>\r\n<\/div>\r\n<\/div>\r\n<\/div>\r\n<\/div>\r\n<\/article>\r\n<\/div>\r\n<table style=\"border-collapse: collapse; width: 99.6637%; height: 383px;\">\r\n<tbody>\r\n<tr style=\"height: 383px;\">\r\n<td style=\"width: 50%; height: 383px;\">\r\n<h4 style=\"text-align: center;\" data-start=\"220\" data-end=\"253\"><span style=\"color: #003366;\"><strong data-start=\"220\" data-end=\"251\">Guide principal(e) de kayak<\/strong><\/span><\/h4>\r\n<ul>\r\n<li data-start=\"255\" data-end=\"445\"><strong data-start=\"255\" data-end=\"268\">Salaire :<\/strong> 17,50 $ \u00e0 20,00 $\/heure<\/li>\r\n<li data-start=\"255\" data-end=\"445\"><strong data-start=\"295\" data-end=\"307\">Heures :<\/strong> Environ 35 heures par semaine<\/li>\r\n<li data-start=\"255\" data-end=\"445\"><strong data-start=\"340\" data-end=\"362\">P\u00e9riode d\u2019emploi :<\/strong> De la derni\u00e8re semaine de mai au 31 ao\u00fbt (+ jusqu\u2019\u00e0 deux semaines suppl\u00e9mentaires)<\/li>\r\n<\/ul>\r\n<h4 data-start=\"447\" data-end=\"460\">Exigences<\/h4>\r\n<ul style=\"list-style-type: disc;\">\r\n<li data-start=\"464\" data-end=\"517\">Certification minimale Paddle Canada \u2013 niveau 2<\/li>\r\n<li data-start=\"520\" data-end=\"607\">Certification en premiers soins en r\u00e9gions \u00e9loign\u00e9es (cours d\u2019au moins 40 heures)<\/li>\r\n<li data-start=\"610\" data-end=\"665\">Permis de conduire valide \u2013 classe 5 (permis complet)<\/li>\r\n<li data-start=\"668\" data-end=\"724\">T\u00e9l\u00e9phone fiable pour les appels et les messages texte<\/li>\r\n<li data-start=\"727\" data-end=\"771\">Solide jugement et aptitudes en leadership<\/li>\r\n<li data-start=\"774\" data-end=\"840\">Le bilinguisme ou le multilinguisme constitue un atout important<\/li>\r\n<li data-start=\"843\" data-end=\"900\"><em><strong>\u00c9tudiant(e)s en programme coop\u00e9ratif (CO-OP) bienvenu(e)s<\/strong><\/em><\/li>\r\n<\/ul>\r\n<\/td>\r\n<td style=\"width: 50%; height: 383px;\">\r\n<h4 style=\"text-align: center;\"><span style=\"color: #003366;\"><strong>Guide Junior de kayak<\/strong><\/span><\/h4>\r\n<ul>\r\n<li data-start=\"214\" data-end=\"362\"><strong data-start=\"214\" data-end=\"227\">Salaire :<\/strong> 17,00 $ \u00e0 18,00 $\/heure<\/li>\r\n<li data-start=\"214\" data-end=\"362\"><strong data-start=\"254\" data-end=\"266\">Heures :<\/strong> Environ 35 heures par semaine<\/li>\r\n<li data-start=\"214\" data-end=\"362\"><strong data-start=\"299\" data-end=\"321\">P\u00e9riode d\u2019emploi :<\/strong> De la derni\u00e8re semaine de mai au 31 ao\u00fbt<\/li>\r\n<\/ul>\r\n<h4 data-start=\"364\" data-end=\"377\">Exigences<\/h4>\r\n<ul>\r\n<li data-start=\"381\" data-end=\"434\">Certification minimale Paddle Canada \u2013 niveau 1<\/li>\r\n<li data-start=\"437\" data-end=\"495\">Certification en premiers soins de base et RCR (CPR)<\/li>\r\n<li data-start=\"498\" data-end=\"562\">Int\u00e9r\u00eat marqu\u00e9 pour le travail de plein air et l\u2019apprentissage<\/li>\r\n<li data-start=\"565\" data-end=\"597\">Attitude positive et motivante<\/li>\r\n<li data-start=\"600\" data-end=\"674\">Bon jugement en mati\u00e8re de s\u00e9curit\u00e9 et bonnes aptitudes en communication<\/li>\r\n<li data-start=\"677\" data-end=\"732\">Permis de conduire valide \u2013 classe 5 (permis complet)<\/li>\r\n<li data-start=\"735\" data-end=\"780\">Le bilinguisme constitue un atout important<\/li>\r\n<li data-start=\"783\" data-end=\"840\"><em><strong>\u00c9tudiant(e)s en programme coop\u00e9ratif (CO-OP) bienvenu(e)s<\/strong><\/em><\/li>\r\n<\/ul>\r\n<\/td>\r\n<\/tr>\r\n<\/tbody>\r\n<\/table>\r\n<h3>Note sp\u00e9ciale<\/h3>\r\n<p data-start=\"193\" data-end=\"297\">Nous souhaitons tout particuli\u00e8rement recruter des \u00e9tudiant(e)s inscrit(e)s dans les domaines suivants :<\/p>\r\n<ul>\r\n<li data-start=\"301\" data-end=\"348\">\u00c9tudes de plein air ou \u00e9ducation \u00e0 l\u2019aventure<\/li>\r\n<li data-start=\"351\" data-end=\"411\">Loisirs, r\u00e9cr\u00e9ologie ou gestion des activit\u00e9s de plein air<\/li>\r\n<li data-start=\"414\" data-end=\"438\">Tourisme ou h\u00f4tellerie<\/li>\r\n<li data-start=\"441\" data-end=\"467\">\u00c9tudes environnementales<\/li>\r\n<li data-start=\"470\" data-end=\"496\">\u00c9ducation \/ enseignement<\/li>\r\n<\/ul>\r\n<p data-start=\"498\" data-end=\"802\">Kayak Fundy accorde la priorit\u00e9, lorsque possible, \u00e0 l\u2019embauche d\u2019\u00e9tudiant(e)s en stages coop\u00e9ratifs (CO-OP) ou en stages pratiques. Ces exp\u00e9riences offrent une occasion concr\u00e8te d\u2019acqu\u00e9rir une exp\u00e9rience professionnelle enrichissante en leadership de plein air, en \u00e9ducation, et en tourisme responsable.<\/p>\r\n<h3 data-start=\"804\" data-end=\"841\">Avantages \u2013 attendus et inattendus<\/h3>\r\n<ul>\r\n<li data-start=\"845\" data-end=\"931\">H\u00e9bergement du personnel fourni sans frais (r\u00e8gles de base de la maison applicables)<\/li>\r\n<li data-start=\"934\" data-end=\"952\">Horaire flexible<\/li>\r\n<li data-start=\"955\" data-end=\"991\">Formation professionnelle de guide<\/li>\r\n<li data-start=\"994\" data-end=\"1061\">Politiques de travail inclusives et milieu de travail s\u00e9curitaire<\/li>\r\n<li data-start=\"1064\" data-end=\"1208\">Comme plusieurs de nos visiteurs ont le fran\u00e7ais comme langue maternelle, le bilinguisme est particuli\u00e8rement appr\u00e9ci\u00e9 au sein de notre \u00e9quipe<\/li>\r\n<\/ul>\r\n<h3 data-start=\"1210\" data-end=\"1226\">POUR POSTULER<\/h3>\r\n<p data-start=\"1228\" data-end=\"1248\">Veuillez soumettre :<\/p>\r\n<ul>\r\n<li data-start=\"1252\" data-end=\"1276\">Lettre de pr\u00e9sentation<\/li>\r\n<li data-start=\"1279\" data-end=\"1296\">Curriculum vit\u00e6<\/li>\r\n<li data-start=\"1299\" data-end=\"1377\">Liste des certifications (avec dates d\u2019expiration ou plan de renouvellement)<\/li>\r\n<li data-start=\"1380\" data-end=\"1450\">Au moins deux r\u00e9f\u00e9rences (adresses courriel et num\u00e9ros de t\u00e9l\u00e9phone)<\/li>\r\n<li data-start=\"1453\" data-end=\"1541\">Une courte note expliquant pourquoi vous seriez un bon ajout \u00e0 l\u2019\u00e9quipe de Kayak Fundy<\/li>\r\n<\/ul>\r\n<p>Envoyez votre candidature \u00e0 : <strong data-start=\"1573\" data-end=\"1604\"><a class=\"decorated-link cursor-pointer\" rel=\"noopener\" data-start=\"1575\" data-end=\"1602\">kayak@freshairadventure.com<\/a><\/strong><\/p>","protected":false},"excerpt":{"rendered":"<p>Travaillez avec Kayak Fundy \u00e0 Alma (N.-B.) Passez votre \u00e9t\u00e9 au rythme des plus hautes mar\u00e9es du monde. Kayak Fundy \u2013 FreshAir Adventure recrute du personnel dynamique, professionnel, et bilingue pour la saison 2026 \u00e0 Alma, au Nouveau-Brunswick. Nous offrons plus qu\u2019un simple emploi saisonnier. Nous vous invitons \u00e0 vous joindre \u00e0 une \u00e9quipe de<\/p>\n<div class=\"padding-top text-center\"><a href=\"https:\/\/freshairadventure.com\/fr\/offres-demploi\/\" class=\"atbtn atbtn--medium atbtn--rounded atbtn--transparent\">Read more<i class=\"atbtn__icon atbtn__icon--right fa fa-long-arrow-right\"><\/i><\/a><\/div>\n","protected":false},"author":4,"featured_media":0,"parent":0,"menu_order":0,"comment_status":"closed","ping_status":"closed","template":"","meta":{"_eb_attr":"","_monsterinsights_skip_tracking":false,"_monsterinsights_sitenote_active":false,"_monsterinsights_sitenote_note":"","_monsterinsights_sitenote_category":0,"footnotes":""},"class_list":["post-4823","page","type-page","status-publish","hentry"],"aioseo_notices":[],"_links":{"self":[{"href":"https:\/\/freshairadventure.com\/fr\/wp-json\/wp\/v2\/pages\/4823","targetHints":{"allow":["GET"]}}],"collection":[{"href":"https:\/\/freshairadventure.com\/fr\/wp-json\/wp\/v2\/pages"}],"about":[{"href":"https:\/\/freshairadventure.com\/fr\/wp-json\/wp\/v2\/types\/page"}],"author":[{"embeddable":true,"href":"https:\/\/freshairadventure.com\/fr\/wp-json\/wp\/v2\/users\/4"}],"replies":[{"embeddable":true,"href":"https:\/\/freshairadventure.com\/fr\/wp-json\/wp\/v2\/comments?post=4823"}],"version-history":[{"count":14,"href":"https:\/\/freshairadventure.com\/fr\/wp-json\/wp\/v2\/pages\/4823\/revisions"}],"predecessor-version":[{"id":4988,"href":"https:\/\/freshairadventure.com\/fr\/wp-json\/wp\/v2\/pages\/4823\/revisions\/4988"}],"wp:attachment":[{"href":"https:\/\/freshairadventure.com\/fr\/wp-json\/wp\/v2\/media?parent=4823"}],"curies":[{"name":"wp","href":"https:\/\/api.w.org\/{rel}","templated":true}]}}