{"id":2639,"date":"2017-06-04T17:13:05","date_gmt":"2017-06-04T17:13:05","guid":{"rendered":"https:\/\/freshairadventure.com\/product\/surfski-le-surf-en-kayak\/"},"modified":"2023-01-18T02:19:31","modified_gmt":"2023-01-18T02:19:31","slug":"surfski-le-surf-en-kayak","status":"publish","type":"product","link":"https:\/\/freshairadventure.com\/fr\/tours\/surfski-le-surf-en-kayak\/","title":{"rendered":"Surfski &#8211; Le surf en kayak"},"content":{"rendered":"<p>Si vous aimez le kayak, comme le surf (ou simplement l&rsquo;id\u00e9e de faire du surf) et souhaitez d&rsquo;essayer quelque chose d&rsquo;un peu plus rac\u00e9 que nos sortis de kayak de demi ou pleine journ\u00e9e &#8211; FreshAir Adventure propose maintenant un sorti de surfski de 2 heures et \/ l&rsquo;entrainement (nous vous recommandons de faire les deux si vous n&rsquo;avez jamais utilis\u00e9 un surfski avant)!<\/p>\n<p>Pour ceux qui ne connaissent pas les surfskis: ils ressemblent \u00e0 des kayaks longs (20 pieds), maigres et glamoureux. Le patrimoine de Surfski provient du mouvement de sauvetage des vagues en Australie, et les racines de la course surfski se retrouvent dans les pagayages \u00e0 longue distance. Les coureurs Ocean Surfski prosp\u00e8rent sur les grandes vagues et les coureurs sup\u00e9rieurs peuvent pousser une vitesse jusqu&rsquo;\u00e0 25 km \/ heure.<\/p>\n<p>La pagaie Surfski peut \u00eatre pratiqu\u00e9e sur tout plan d&rsquo;eau et dans toutes les conditions: sur les oc\u00e9ans, les rivi\u00e8res ou les lacs; Dans les hauts vents, pas de vent, de hautes vagues et de vagues et pas de vagues; Sur l&rsquo;eau plate ou fluide et par les rapides.<\/p>\n<p>Enfin, le surfskiing est un sport qui regroupe les trois \u00e9l\u00e9ments de l&rsquo;aventure, de la condition physique et la concurrence dans un m\u00e9lange fantastique. C&rsquo;est sur la fin \u00abextr\u00eame\u00bb des sports de pagaie &#8211; bien que chez FreshAir Adventure, notre \u00abbut extr\u00eame\u00bb soit directement li\u00e9 \u00e0 l&rsquo;amusement et \u00e0 l&rsquo;excitation d&rsquo;essayer quelque chose de nouveau (et de surfer sure les vagues)!<\/p>\n<p>Si vous \u00eates assez confiant dans votre abilit\u00e9 de kayak de merou de le kayak K1 et vous voudrait prendre une fissure \u00e0 l&rsquo;oc\u00e9an gonfler, ou un aventurier courageux avec la vouloir pour essayer de nouvelles choses, la pataugeoire surfski peut \u00eatre pour vous.<\/p>\n<p>Il convient de noter: Ce qui font le Surfski se mouillera, et tous qui sorts sur ses expeditions doit pratiqu\u00e9 tomber de leur kayak puis remonter avant qu&rsquo;ils puissent essayer la baie. Nous vous sugg\u00e8re de porter les collants, les leggings ou le N\u00e9opr\u00e8ne (si vous l&rsquo;avait) pour la chaleur additional.<\/p>\n<div class=\"fh-cal-container\"><script src=\"https:\/\/fareharbor.com\/embeds\/script\/calendar\/freshairadventure\/items\/209376\/?fallback=simple&flow=343407\"><\/script><\/div>\n<a href=\"https:\/\/fareharbor.com\/embeds\/book\/freshairadventure\/items\/209376\/calendar\/?flow=343407\" target=\"_blank\" onclick=\"FH.open({&#039;shortname&#039;:&#039;freshairadventure&#039;,&#039;view&#039;:{&#039;item&#039;:&#039;209376&#039;},&#039;fallback&#039;:&#039;simple&#039;,&#039;flow&#039;:&#039;343407&#039;}); return false;\" class=\"fh-button-2d-blue fh-icon--check-bubble fh-display--block fh-color--white\">R\u00e9servez Votre Tour<\/a>\n","protected":false},"excerpt":{"rendered":"<p>Ce n&rsquo;est pas un kayak; Ce n&rsquo;est pas une planche de surf: c&rsquo;est le meilleur des deux!<\/p>\n","protected":false},"featured_media":2229,"template":"","meta":{"_eb_attr":"","_monsterinsights_skip_tracking":false,"_monsterinsights_sitenote_active":false,"_monsterinsights_sitenote_note":"","_monsterinsights_sitenote_category":0},"product_brand":[],"product_cat":[87],"product_tag":[],"class_list":{"0":"post-2639","1":"product","2":"type-product","3":"status-publish","4":"has-post-thumbnail","6":"product_cat-uncategorized-fr","7":"tour_category-le-kayak","9":"first","10":"instock","11":"taxable","12":"shipping-taxable","13":"purchasable","14":"product-type-tour"},"aioseo_notices":[],"_links":{"self":[{"href":"https:\/\/freshairadventure.com\/fr\/wp-json\/wp\/v2\/product\/2639","targetHints":{"allow":["GET"]}}],"collection":[{"href":"https:\/\/freshairadventure.com\/fr\/wp-json\/wp\/v2\/product"}],"about":[{"href":"https:\/\/freshairadventure.com\/fr\/wp-json\/wp\/v2\/types\/product"}],"wp:featuredmedia":[{"embeddable":true,"href":"https:\/\/freshairadventure.com\/fr\/wp-json\/wp\/v2\/media\/2229"}],"wp:attachment":[{"href":"https:\/\/freshairadventure.com\/fr\/wp-json\/wp\/v2\/media?parent=2639"}],"wp:term":[{"taxonomy":"product_brand","embeddable":true,"href":"https:\/\/freshairadventure.com\/fr\/wp-json\/wp\/v2\/product_brand?post=2639"},{"taxonomy":"product_cat","embeddable":true,"href":"https:\/\/freshairadventure.com\/fr\/wp-json\/wp\/v2\/product_cat?post=2639"},{"taxonomy":"product_tag","embeddable":true,"href":"https:\/\/freshairadventure.com\/fr\/wp-json\/wp\/v2\/product_tag?post=2639"}],"curies":[{"name":"wp","href":"https:\/\/api.w.org\/{rel}","templated":true}]}}