{"id":2755,"date":"2017-03-19T23:45:55","date_gmt":"2017-03-19T23:45:55","guid":{"rendered":"https:\/\/freshairadventure.com\/product\/le-kayak-et-la-promenade\/"},"modified":"2026-02-12T14:38:48","modified_gmt":"2026-02-12T14:38:48","slug":"la-pagaie-en-estuaire-molly-kool","status":"publish","type":"product","link":"https:\/\/freshairadventure.com\/fr\/tours\/la-pagaie-en-estuaire-molly-kool\/","title":{"rendered":"La pagaie en estuaire Molly Kool"},"content":{"rendered":"<h2 data-start=\"537\" data-end=\"686\"><strong data-start=\"580\" data-end=\"686\">Notre sortie la plus calme et familiale \u2013 eaux abrit\u00e9es, rythme d\u00e9tendu et parfaite pour les d\u00e9butants<\/strong><\/h2>\n<p data-start=\"688\" data-end=\"778\">La sortie Molly Kool est con\u00e7ue pour le confort, la confiance et la d\u00e9couverte en douceur.<\/p>\n<p data-start=\"780\" data-end=\"1186\">Cette excursion guid\u00e9e en kayak se d\u00e9roule presque enti\u00e8rement dans l\u2019estuaire d\u2019eau sal\u00e9e et le cours d\u2019eau de mar\u00e9e prot\u00e9g\u00e9s d\u2019Alma, o\u00f9 les conditions sont g\u00e9n\u00e9ralement calmes et abrit\u00e9es du vent et des vagues. C\u2019est un excellent choix pour les familles avec de jeunes enfants, les pagayeurs d\u00e9butants et toute personne qui pr\u00e9f\u00e8re une sortie tranquille plut\u00f4t qu\u2019une aventure plus longue en mer ouverte.<\/p>\n<p data-start=\"1188\" data-end=\"1359\">Nous longeons les rives paisibles, observons les oiseaux et la vie marine, et d\u00e9couvrons comment les mar\u00e9es spectaculaires de Fundy fa\u00e7onnent le paysage et la vie c\u00f4ti\u00e8re.<\/p>\n<p data-start=\"1361\" data-end=\"1617\">\u00c0 mi-parcours, nous accostons sur une petite \u00eele en amont pour une pause collation et notre \u00ab causerie des mar\u00e9es \u00bb interactive. L\u2019eau y est peu profonde et calme, et les enfants aiment souvent patauger et explorer le rivage pendant que nous nous reposons.<\/p>\n<p data-start=\"1619\" data-end=\"1922\">Vers la fin de la sortie, nous pouvons pagayer bri\u00e8vement dans le port pour voir de pr\u00e8s les bateaux de p\u00eache locaux. Lors des journ\u00e9es tr\u00e8s calmes seulement, les participants qui le souhaitent peuvent jeter un coup d\u2019\u0153il au-del\u00e0 de la digue vers la baie ouverte. Cette portion est toujours facultative.<\/p>\n<p data-start=\"1924\" data-end=\"2026\">Aucune exp\u00e9rience pr\u00e9alable n\u2019est requise. Il suffit d\u2019arriver pr\u00eat \u00e0 profiter de l\u2019eau et du paysage.<\/p>\n<p><img loading=\"lazy\" decoding=\"async\" class=\"aligncenter wp-image-3405 size-large\" src=\"https:\/\/freshairadventure.com\/wp-content\/uploads\/2019\/02\/EST3-copy-1-1024x768.jpg\" alt=\"\" width=\"748\" height=\"561\" srcset=\"https:\/\/freshairadventure.com\/wp-content\/uploads\/2019\/02\/EST3-copy-1.jpg 1024w, https:\/\/freshairadventure.com\/wp-content\/uploads\/2019\/02\/EST3-copy-1-600x450.jpg 600w, https:\/\/freshairadventure.com\/wp-content\/uploads\/2019\/02\/EST3-copy-1-300x225.jpg 300w, https:\/\/freshairadventure.com\/wp-content\/uploads\/2019\/02\/EST3-copy-1-768x576.jpg 768w, https:\/\/freshairadventure.com\/wp-content\/uploads\/2019\/02\/EST3-copy-1-400x300.jpg 400w\" sizes=\"auto, (max-width: 748px) 100vw, 748px\" \/><\/p>\n<p data-start=\"2189\" data-end=\"2257\">Cette excursion convient particuli\u00e8rement bien aux jeunes pagayeurs.<\/p>\n<p data-start=\"2259\" data-end=\"2481\">Les enfants peuvent participer \u00e0 partir d\u2019environ 3 ans, s\u2019ils sont \u00e0 l\u2019aise pour rester assis dans leur propre si\u00e8ge de kayak. Pour des raisons de s\u00e9curit\u00e9, les enfants ne peuvent pas s\u2019asseoir sur les genoux d\u2019un parent.<\/p>\n<p data-start=\"2483\" data-end=\"2704\">Tous les kayaks sont tandem. Les jeunes pagayent avec un parent ou un tuteur. Lorsque le personnel le permet, nous pouvons jumeler un guide avec les familles ayant un nombre impair d\u2019enfants afin d\u2019offrir plus de soutien.<\/p>\n<p data-start=\"2706\" data-end=\"2856\">Le rivage de l\u2019\u00eele est rocheux, compos\u00e9 de pierres rondes et lisses. Des chaussures s\u00e9curitaires sont fortement recommand\u00e9es pour marcher et explorer.<\/p>\n<p data-start=\"2858\" data-end=\"2975\">Si vous h\u00e9sitez sur le choix de l\u2019excursion la mieux adapt\u00e9e \u00e0 votre famille, nous serons heureux de vous conseiller.<\/p>\n<table style=\"border-collapse: collapse; width: 99.5924%; height: 247px;\">\n<tbody>\n<tr style=\"height: 120px;\">\n<td style=\"width: 33.3333%; height: 120px;\">PORTEZ<\/td>\n<td style=\"width: 66.2591%; height: 120px;\" colspan=\"2\">Des v\u00eatements athl\u00e9tiques confortables, des chaussures aquatiques ou des chaussures, vous pouvez mouiller, veste et l&rsquo;\u00e9cran solaire.<\/td>\n<\/tr>\n<tr style=\"height: 24px;\">\n<td style=\"width: 33.3333%; height: 35px;\">INCLUS<\/td>\n<td style=\"width: 33.0073%; height: 35px;\"><i class=\"fa fa-check icon-tick icon-tick--on\"><\/i>Guide professionnel et encadrement<\/td>\n<td style=\"height: 35px;\"><i class=\"fa fa-check icon-tick icon-tick--on\"><\/i>Kayak tandem et pagaie<\/td>\n<\/tr>\n<tr style=\"height: 23px;\">\n<td style=\"width: 33.3333%; height: 23px;\"><\/td>\n<td style=\"width: 33.0073%; height: 23px;\"><i class=\"fa fa-check icon-tick icon-tick--on\"><\/i>Veste de flottaison individuelle, VFI<\/td>\n<td style=\"height: 23px;\"><i class=\"fa fa-check icon-tick icon-tick--on\"><\/i>Veste imperm\u00e9able de pagaie<\/td>\n<\/tr>\n<tr style=\"height: 23px;\">\n<td style=\"width: 33.3333%; height: 23px;\"><\/td>\n<td style=\"width: 33.0073%; height: 23px;\"><i class=\"fa fa-check icon-tick icon-tick--on\"><\/i>Bouteilles d\u2019eau<\/td>\n<td style=\"height: 23px;\"><i class=\"fa fa-check icon-tick icon-tick--on\"><\/i>Collations maison et boissons<\/td>\n<\/tr>\n<tr style=\"height: 23px;\">\n<td style=\"width: 33.3333%; height: 23px;\"><\/td>\n<td style=\"width: 33.0073%; height: 23px;\"><i class=\"fa fa-check icon-tick icon-tick--on\"><\/i>Sacs \u00e9tanches pour effets personnels<\/td>\n<td style=\"height: 23px;\"><em>Veuillez nous informer \u00e0 l\u2019avance de toute allergie aux noix ou au gluten afin que nous puissions pr\u00e9parer les collations en toute s\u00e9curit\u00e9.<\/em><\/td>\n<\/tr>\n<tr style=\"height: 23px;\">\n<td style=\"width: 33.3333%; height: 23px;\">Non inclus<\/td>\n<td style=\"width: 33.0073%; height: 23px;\"><i class=\"fa fa-times icon-tick icon-tick--off\"><\/i>Gants<\/td>\n<td style=\"height: 23px;\"><i class=\"fa fa-times icon-tick icon-tick--off\"><\/i>Combinaison isothermique ou v\u00eatements sp\u00e9cialis\u00e9s<\/td>\n<\/tr>\n<\/tbody>\n<\/table>\n<h3 data-start=\"2033\" data-end=\"2042\"><strong data-start=\"2033\" data-end=\"2042\">Dur\u00e9e<\/strong><\/h3>\n<p data-start=\"2044\" data-end=\"2157\">Jusqu\u2019\u00e0 2 heures sur l\u2019eau<br data-start=\"2070\" data-end=\"2073\" \/>Environ 3 heures au total, incluant l\u2019\u00e9quipement, l\u2019initiation et la pause sur l\u2019\u00eele<\/p>\n<h3 data-start=\"3411\" data-end=\"3434\"><strong data-start=\"3411\" data-end=\"3434\">Avant votre arriv\u00e9e<\/strong><\/h3>\n<p data-start=\"3436\" data-end=\"3609\"><strong data-start=\"3436\" data-end=\"3449\">Allergies<\/strong><br data-start=\"3449\" data-end=\"3452\" \/>Veuillez nous informer \u00e0 l\u2019avance de toute allergie alimentaire ou besoin particulier afin que nous puissions pr\u00e9parer des collations s\u00e9curitaires pour tous.<\/p>\n<p data-start=\"3611\" data-end=\"3900\"><strong data-start=\"3611\" data-end=\"3635\">Heure de rendez-vous<\/strong><br data-start=\"3635\" data-end=\"3638\" \/>Toutes les sorties Estuaire et River-Walk commencent \u00e0 notre base de kayak \u00e0 Alma. Merci d\u2019arriver 5 \u00e0 10 minutes avant l\u2019heure pr\u00e9vue afin de vous enregistrer et de vous pr\u00e9parer. Comme nos excursions suivent le rythme des mar\u00e9es, les d\u00e9parts se font \u00e0 l\u2019heure.<\/p>\n<div class=\"fh-cal-container\"><script src=\"https:\/\/fareharbor.com\/embeds\/script\/calendar\/freshairadventure\/items\/209364\/?fallback=simple&flow=343407\"><\/script><\/div>\n<a href=\"https:\/\/fareharbor.com\/embeds\/book\/freshairadventure\/items\/209364\/calendar\/?flow=343407\" target=\"_blank\" onclick=\"FH.open({&#039;shortname&#039;:&#039;freshairadventure&#039;,&#039;view&#039;:{&#039;item&#039;:&#039;209364&#039;},&#039;fallback&#039;:&#039;simple&#039;,&#039;flow&#039;:&#039;343407&#039;}); return false;\" class=\"fh-button-2d-blue fh-icon--check-bubble fh-display--block fh-color--white\">R\u00e9servez Votre Tour<br \/>\n<\/a>\n","protected":false},"excerpt":{"rendered":"<p>Kayak guid\u00e9 en eaux calmes dans l\u2019estuaire prot\u00e9g\u00e9 d\u2019Alma, id\u00e9al pour familles et d\u00e9butants, avec pause collation sur une \u00eele et d\u00e9couverte des mar\u00e9es.<\/p>\n","protected":false},"featured_media":2106,"template":"","meta":{"_eb_attr":"","_monsterinsights_skip_tracking":false,"_monsterinsights_sitenote_active":false,"_monsterinsights_sitenote_note":"","_monsterinsights_sitenote_category":0},"product_brand":[],"product_cat":[85],"product_tag":[],"class_list":{"0":"post-2755","1":"product","2":"type-product","3":"status-publish","4":"has-post-thumbnail","6":"product_cat-sorti-de-jour","7":"tour_category-la-randonnee","8":"tour_category-le-kayak","10":"first","11":"instock","12":"taxable","13":"shipping-taxable","14":"purchasable","15":"product-type-tour"},"aioseo_notices":[],"_links":{"self":[{"href":"https:\/\/freshairadventure.com\/fr\/wp-json\/wp\/v2\/product\/2755","targetHints":{"allow":["GET"]}}],"collection":[{"href":"https:\/\/freshairadventure.com\/fr\/wp-json\/wp\/v2\/product"}],"about":[{"href":"https:\/\/freshairadventure.com\/fr\/wp-json\/wp\/v2\/types\/product"}],"wp:featuredmedia":[{"embeddable":true,"href":"https:\/\/freshairadventure.com\/fr\/wp-json\/wp\/v2\/media\/2106"}],"wp:attachment":[{"href":"https:\/\/freshairadventure.com\/fr\/wp-json\/wp\/v2\/media?parent=2755"}],"wp:term":[{"taxonomy":"product_brand","embeddable":true,"href":"https:\/\/freshairadventure.com\/fr\/wp-json\/wp\/v2\/product_brand?post=2755"},{"taxonomy":"product_cat","embeddable":true,"href":"https:\/\/freshairadventure.com\/fr\/wp-json\/wp\/v2\/product_cat?post=2755"},{"taxonomy":"product_tag","embeddable":true,"href":"https:\/\/freshairadventure.com\/fr\/wp-json\/wp\/v2\/product_tag?post=2755"}],"curies":[{"name":"wp","href":"https:\/\/api.w.org\/{rel}","templated":true}]}}