{"id":2762,"date":"2017-03-19T23:40:11","date_gmt":"2017-03-19T23:40:11","guid":{"rendered":"https:\/\/freshairadventure.com\/product\/sorti-de-journee-pleine\/"},"modified":"2026-03-02T21:38:06","modified_gmt":"2026-03-02T21:38:06","slug":"expedition-cotiere-des-draveurs-journee-complete","status":"publish","type":"product","link":"https:\/\/freshairadventure.com\/fr\/tours\/expedition-cotiere-des-draveurs-journee-complete\/","title":{"rendered":"Exp\u00e9dition c\u00f4ti\u00e8re des draveurs \u2013 journ\u00e9e compl\u00e8te"},"content":{"rendered":"<h2 data-start=\"748\" data-end=\"847\"><img loading=\"lazy\" decoding=\"async\" class=\"aligncenter size-large\" src=\"https:\/\/freshairadventure.com\/wp-content\/uploads\/2026\/03\/P814E0566-scaled.jpg\" width=\"2560\" height=\"1204\" \/><\/h2>\n<h2 style=\"text-align: center;\" data-start=\"748\" data-end=\"847\"><em>Une journ\u00e9e guid\u00e9e en kayak de mer au c\u0153ur de la r\u00e9serve de biosph\u00e8re UNESCO de la baie de Fundy<\/em><\/h2>\n<p data-start=\"849\" data-end=\"1337\">Con\u00e7ue pour les pagayeurs actifs et les explorateurs curieux, l\u2019exp\u00e9dition c\u00f4ti\u00e8re des draveurs vous m\u00e8ne plus loin le long du littoral sauvage de Fundy que toutes nos excursions de demi-journ\u00e9e. En partant avec la mar\u00e9e, vous passerez la journ\u00e9e \u00e0 longer la c\u00f4te ouverte du parc national Fundy, sous les falaises de gr\u00e8s rouge, pr\u00e8s des grottes marines et des stacks rocheux, et jusque dans les embouchures tranquilles des rivi\u00e8res o\u00f9 se terminaient autrefois les grandes draves de bois.<\/p>\n<p data-start=\"1339\" data-end=\"1481\">Il s\u2019agit d\u2019une v\u00e9ritable exp\u00e9dition c\u00f4ti\u00e8re d\u2019une journ\u00e9e, guid\u00e9e par les mar\u00e9es et con\u00e7ue pour les pagayeurs qui souhaitent aller plus loin.<\/p>\n<p data-start=\"1483\" data-end=\"1882\">En petits groupes, accompagn\u00e9s de guides professionnels, nous parcourons de r\u00e9elles distances \u2014 souvent de 12 \u00e0 20 kilom\u00e8tres \u2014 en adaptant l\u2019itin\u00e9raire selon la m\u00e9t\u00e9o, les mar\u00e9es et l\u2019\u00e9nergie du groupe. En chemin, nous accostons sur des plages isol\u00e9es, d\u00e9couvrons la g\u00e9ologie et l\u2019\u00e9cologie de la baie de Fundy et vivons le rythme des mar\u00e9es les plus hautes du monde, directement au niveau de l\u2019eau.<\/p>\n<p data-start=\"1884\" data-end=\"2219\">\u00c0 la mi-journ\u00e9e, nous faisons escale sur un rivage tranquille pour savourer un repas chaud, fra\u00eechement pr\u00e9par\u00e9 sur la plage par notre \u00e9quipe, avec des options adapt\u00e9es aux allergies et aux r\u00e9gimes alimentaires. Un moment pour se reposer, se r\u00e9chauffer et profiter d\u2019une portion de c\u00f4te que peu de visiteurs ont la chance de d\u00e9couvrir.<\/p>\n<p data-start=\"2221\" data-end=\"2483\">Parce que cette excursion se d\u00e9roule \u00e0 l\u2019int\u00e9rieur d\u2019une r\u00e9serve de biosph\u00e8re d\u00e9sign\u00e9e par l\u2019UNESCO, nous voyageons avec soin. Nos petits groupes, nos d\u00e9barquements \u00e0 faible impact et nos pratiques sans trace visent \u00e0 prot\u00e9ger les \u00e9cosyst\u00e8mes que nous explorons.<\/p>\n<p data-start=\"2485\" data-end=\"2564\">Les distances varient. Les conditions changent. Aucune journ\u00e9e ne se ressemble.<\/p>\n<h3 data-start=\"2571\" data-end=\"2586\"><strong data-start=\"2574\" data-end=\"2586\">Pour qui<\/strong><\/h3>\n<p data-start=\"2587\" data-end=\"2780\">Id\u00e9al pour les personnes actives, \u00e0 l\u2019aise avec une journ\u00e9e compl\u00e8te sur l\u2019eau et \u00e0 la recherche d\u2019une exp\u00e9rience plus immersive et stimulante. Une certaine exp\u00e9rience en kayak est recommand\u00e9e.<\/p>\n<p><img loading=\"lazy\" decoding=\"async\" class=\"alignnone size-large\" src=\"https:\/\/freshairadventure.com\/wp-content\/uploads\/2026\/03\/squaws-cap-scaled.jpg\" width=\"1920\" height=\"2560\" \/><\/p>\n<h2 data-start=\"2787\" data-end=\"2826\"><strong data-start=\"2790\" data-end=\"2826\">Pourquoi choisir cette excursion<\/strong><\/h2>\n<ul>\n<li data-start=\"2829\" data-end=\"2887\">Kayak de mer d\u2019une journ\u00e9e compl\u00e8te sur la baie de Fundy<\/li>\n<li data-start=\"2890\" data-end=\"2959\">Au c\u0153ur du parc national Fundy et de la r\u00e9serve de biosph\u00e8re UNESCO<\/li>\n<li data-start=\"2962\" data-end=\"3021\">Petits groupes pour une v\u00e9ritable exp\u00e9rience d\u2019exp\u00e9dition<\/li>\n<li data-start=\"3024\" data-end=\"3094\">Falaises, grottes marines, stacks rocheux et embouchures historiques<\/li>\n<li data-start=\"3097\" data-end=\"3125\">Acc\u00e8s \u00e0 des plages isol\u00e9es<\/li>\n<li data-start=\"3128\" data-end=\"3155\">Repas chaud maison inclus<\/li>\n<li data-start=\"3158\" data-end=\"3202\">Guides professionnels ax\u00e9s sur la s\u00e9curit\u00e9<\/li>\n<li data-start=\"3205\" data-end=\"3253\">Con\u00e7ue pour des pagayeurs actifs et aventureux<\/li>\n<\/ul>\n<p data-start=\"3255\" data-end=\"3421\"><em data-start=\"3255\" data-end=\"3421\">Remarque : Les excursions d\u2019une journ\u00e9e n\u00e9cessitent un minimum de 2 participants pour avoir lieu. Les voyageurs individuels peuvent se joindre \u00e0 un groupe existant.<\/em><\/p>\n<table style=\"border-collapse: collapse; width: 100%;\">\n<tbody>\n<tr>\n<td style=\"width: 33.3333%;\">\u00c0 PORTER<\/td>\n<td style=\"width: 66.6666%;\" colspan=\"2\">V\u00eatements sportifs confortables, chaussures pouvant \u00eatre mouill\u00e9es, chapeau et protection solaire.<\/td>\n<\/tr>\n<tr>\n<td style=\"width: 33.3333%;\" rowspan=\"2\">INCLUS<\/td>\n<td style=\"width: 33.3333%;\"><i class=\"fa fa-check icon-tick icon-tick--on\"><\/i> Guide professionnel et encadrement<\/td>\n<td style=\"width: 33.3333%;\"><i class=\"fa fa-check icon-tick icon-tick--on\"><\/i>Kayak de mer et pagaie<\/td>\n<\/tr>\n<tr>\n<td style=\"width: 33.3333%;\"><i class=\"fa fa-check icon-tick icon-tick--on\"><\/i> Eau potable<\/td>\n<td style=\"width: 33.3333%;\">\u00a0<i class=\"fa fa-check icon-tick icon-tick--on\"><\/i>Veste de flottaison individuelle (VFI)<\/td>\n<\/tr>\n<tr>\n<td style=\"width: 33.3333%;\"><\/td>\n<td style=\"width: 33.3333%;\"><i class=\"fa fa-check icon-tick icon-tick--on\"><\/i>Veste imperm\u00e9able de pagaie<\/td>\n<td style=\"width: 33.3333%;\"><i class=\"fa fa-check icon-tick icon-tick--on\"><\/i>Repas chaud et collations<\/td>\n<\/tr>\n<tr>\n<td style=\"width: 33.3333%;\"><\/td>\n<td style=\"width: 33.3333%;\"><i class=\"fa fa-check icon-tick icon-tick--on\"><\/i>Sacs \u00e9tanches pour effets personnels<\/td>\n<td style=\"width: 33.3333%;\"><\/td>\n<\/tr>\n<tr>\n<td style=\"width: 33.3333%;\">NON INCLUS<\/td>\n<td style=\"width: 33.3333%;\"><i class=\"fa fa-times icon-tick icon-tick--off\"><\/i> Gants<\/td>\n<td style=\"width: 33.3333%;\"><i class=\"fa fa-times icon-tick icon-tick--off\"><\/i>Combinaison isothermique (g\u00e9n\u00e9ralement non n\u00e9cessaire en \u00e9t\u00e9)<\/td>\n<\/tr>\n<\/tbody>\n<\/table>\n<h2 data-start=\"3876\" data-end=\"3890\"><strong data-start=\"3879\" data-end=\"3890\">D\u00e9tails<\/strong><\/h2>\n<p style=\"padding-left: 40px;\" data-start=\"3891\" data-end=\"4185\"><strong>Dur\u00e9e<\/strong> : environ 6 \u00e0 7 heures au total<br data-start=\"3928\" data-end=\"3931\" \/><strong>Distance<\/strong> : 12 \u00e0 20 km selon les conditions<br data-start=\"3973\" data-end=\"3976\" \/><strong>Groupe minimum<\/strong> : 2 participants<br data-start=\"4007\" data-end=\"4010\" \/><strong>Prix<\/strong> : 190 $ par personne + TVH<br data-start=\"4041\" data-end=\"4044\" \/><strong>Heures de d\u00e9part<\/strong> : selon les mar\u00e9es, g\u00e9n\u00e9ralement entre 8 h et 12 h<br data-start=\"4111\" data-end=\"4114\" \/><strong>Lieu<\/strong> : Alma (Nouveau-Brunswick) | baie de Fundy | parc national Fundy<\/p>\n<div class=\"fh-cal-container\"><script src=\"https:\/\/fareharbor.com\/embeds\/script\/calendar\/freshairadventure\/items\/209375\/?fallback=simple&flow=343407\"><\/script><\/div>\n<a href=\"https:\/\/fareharbor.com\/embeds\/book\/freshairadventure\/items\/209375&amp;PrimeRservez\/calendar\/?flow=343407%26Prime\" target=\"_blank\" onclick=\"FH.open({&#039;shortname&#039;:&#039;freshairadventure&#039;,&#039;view&#039;:{&#039;item&#039;:&#039;209375&amp;PrimeRservez&#039;},&#039;fallback&#039;:&#039;simple&#039;,&#039;flow&#039;:&#039;343407&amp;Prime&#039;}); return false;\" class=\"fh-button-2d-blue fh-icon--check-bubble fh-display--block fh-color--white\"><\/a>\n","protected":false},"excerpt":{"rendered":"<p>Une exp\u00e9dition guid\u00e9e d\u2019une journ\u00e9e compl\u00e8te en kayak de mer le long du littoral sauvage de Fundy, \u00e0 la d\u00e9couverte de falaises, grottes et plages isol\u00e9es au c\u0153ur de la r\u00e9serve de biosph\u00e8re UNESCO.<\/p>\n","protected":false},"featured_media":4248,"template":"","meta":{"_eb_attr":"","_monsterinsights_skip_tracking":false,"_monsterinsights_sitenote_active":false,"_monsterinsights_sitenote_note":"","_monsterinsights_sitenote_category":0},"product_brand":[],"product_cat":[85],"product_tag":[],"class_list":{"0":"post-2762","1":"product","2":"type-product","3":"status-publish","4":"has-post-thumbnail","6":"product_cat-sorti-de-jour","7":"tour_category-le-kayak","9":"first","10":"instock","11":"taxable","12":"shipping-taxable","13":"purchasable","14":"product-type-tour"},"aioseo_notices":[],"_links":{"self":[{"href":"https:\/\/freshairadventure.com\/fr\/wp-json\/wp\/v2\/product\/2762","targetHints":{"allow":["GET"]}}],"collection":[{"href":"https:\/\/freshairadventure.com\/fr\/wp-json\/wp\/v2\/product"}],"about":[{"href":"https:\/\/freshairadventure.com\/fr\/wp-json\/wp\/v2\/types\/product"}],"wp:featuredmedia":[{"embeddable":true,"href":"https:\/\/freshairadventure.com\/fr\/wp-json\/wp\/v2\/media\/4248"}],"wp:attachment":[{"href":"https:\/\/freshairadventure.com\/fr\/wp-json\/wp\/v2\/media?parent=2762"}],"wp:term":[{"taxonomy":"product_brand","embeddable":true,"href":"https:\/\/freshairadventure.com\/fr\/wp-json\/wp\/v2\/product_brand?post=2762"},{"taxonomy":"product_cat","embeddable":true,"href":"https:\/\/freshairadventure.com\/fr\/wp-json\/wp\/v2\/product_cat?post=2762"},{"taxonomy":"product_tag","embeddable":true,"href":"https:\/\/freshairadventure.com\/fr\/wp-json\/wp\/v2\/product_tag?post=2762"}],"curies":[{"name":"wp","href":"https:\/\/api.w.org\/{rel}","templated":true}]}}