{"id":2771,"date":"2017-02-09T01:10:10","date_gmt":"2017-02-09T01:10:10","guid":{"rendered":"https:\/\/freshairadventure.com\/product\/sorti-de-demi-journee\/"},"modified":"2026-02-12T16:34:41","modified_gmt":"2026-02-12T16:34:41","slug":"excursion-guidee-en-kayak-cotier-matthews-head","status":"publish","type":"product","link":"https:\/\/freshairadventure.com\/fr\/tours\/excursion-guidee-en-kayak-cotier-matthews-head\/","title":{"rendered":"Excursion guid\u00e9e en kayak c\u00f4tier \u2013 Matthew\u2019s Head"},"content":{"rendered":"<h2 data-start=\"503\" data-end=\"603\"><em><strong data-start=\"503\" data-end=\"603\">Une aventure guid\u00e9e en kayak de mer c\u00f4tier de 10 km le long du littoral le plus sauvage de Fundy<\/strong><\/em><\/h2>\n<p data-start=\"605\" data-end=\"1065\">Matthew\u2019s Head, un spectaculaire promontoire de roche rouge \u00e0 la lisi\u00e8re du parc national de Fundy, marque le point de demi-tour de notre excursion c\u00f4ti\u00e8re signature. Depuis notre point de d\u00e9part \u00e0 Alma, nous longeons pr\u00e8s de dix kilom\u00e8tres de rivage accident\u00e9 fa\u00e7onn\u00e9 par les mar\u00e9es les plus hautes du monde, en pagayant au pied des falaises et en passant devant des anses paisibles, sur l\u2019un des tron\u00e7ons de c\u00f4te les plus impressionnants de la baie de Fundy.<\/p>\n<p data-start=\"1067\" data-end=\"1278\">Le rythme est actif et gratifiant, avec du temps pour explorer des plages discr\u00e8tes, d\u00e9couvrir la science et les histoires de la baie, et savourer la satisfaction tranquille de progresser par vos propres moyens.<\/p>\n<p data-start=\"1280\" data-end=\"1464\">\u00c0 mi-parcours, nous accostons sur une rive isol\u00e9e pour notre c\u00e9l\u00e8bre \u00ab Tide Talk \u00bb et une pause bien m\u00e9rit\u00e9e avec collations maison et boissons, avant de poursuivre le long de la c\u00f4te.<\/p>\n<p data-start=\"1466\" data-end=\"1542\">Aucune exp\u00e9rience requise : seulement de la curiosit\u00e9 et l\u2019envie d\u2019aventure.<\/p>\n<h3 data-start=\"2045\" data-end=\"2089\"><strong data-start=\"2045\" data-end=\"2089\">Information importante pour les familles<\/strong><\/h3>\n<p data-start=\"2091\" data-end=\"2192\">Tous les participants pagaient dans des kayaks de mer tandem stables, deux personnes par embarcation.<\/p>\n<p data-start=\"2194\" data-end=\"2479\">Les jeunes sont jumel\u00e9s avec un adulte et, dans la plupart des cas, les adultes doivent fournir la majorit\u00e9 de l\u2019effort de pagaie. Ce parcours c\u00f4tier de 10 km est actif et peut repr\u00e9senter un bon d\u00e9fi physique, particuli\u00e8rement pour les adultes accompagnant de plus jeunes partenaires.<\/p>\n<p data-start=\"2481\" data-end=\"2666\">Les adolescents plus \u00e2g\u00e9s ou exceptionnellement forts peuvent contribuer davantage, mais cette excursion convient mieux aux familles \u00e0 l\u2019aise avec une activit\u00e9 plus longue et \u00e9nergique.<\/p>\n<p data-start=\"2668\" data-end=\"2783\">Si vous h\u00e9sitez quant au choix de la sortie qui vous conviendrait le mieux, nous serons heureux de vous conseiller.<\/p>\n<figure id=\"attachment_4472\" aria-describedby=\"caption-attachment-4472\" style=\"width: 748px\" class=\"wp-caption aligncenter\"><img loading=\"lazy\" decoding=\"async\" class=\"wp-image-4472 size-large\" src=\"https:\/\/freshairadventure.com\/wp-content\/uploads\/2023\/01\/IMG_1262-1024x768.jpeg\" alt=\"\" width=\"748\" height=\"561\" srcset=\"https:\/\/freshairadventure.com\/wp-content\/uploads\/2023\/01\/IMG_1262-1024x768.jpeg 1024w, https:\/\/freshairadventure.com\/wp-content\/uploads\/2023\/01\/IMG_1262-scaled-600x450.jpeg 600w, https:\/\/freshairadventure.com\/wp-content\/uploads\/2023\/01\/IMG_1262-300x225.jpeg 300w, https:\/\/freshairadventure.com\/wp-content\/uploads\/2023\/01\/IMG_1262-768x576.jpeg 768w, https:\/\/freshairadventure.com\/wp-content\/uploads\/2023\/01\/IMG_1262-1536x1152.jpeg 1536w, https:\/\/freshairadventure.com\/wp-content\/uploads\/2023\/01\/IMG_1262-2048x1536.jpeg 2048w, https:\/\/freshairadventure.com\/wp-content\/uploads\/2023\/01\/IMG_1262-400x300.jpeg 400w\" sizes=\"auto, (max-width: 748px) 100vw, 748px\" \/><figcaption id=\"caption-attachment-4472\" class=\"wp-caption-text\">A calm and sunny day to find Matthew&rsquo;s Head \/<br \/>Une journ\u00e9e calme et ensoleill\u00e9e pour retrouver Matthew&rsquo;s Head<\/figcaption><\/figure>\n<p>&nbsp;<\/p>\n<table style=\"border-collapse: collapse; width: 99.5116%; height: 345px;\">\n<tbody>\n<tr style=\"height: 120px;\">\n<td style=\"width: 33.4963%; height: 101px;\">PORTEZ<\/td>\n<td style=\"width: 33.0073%; height: 101px;\" colspan=\"2\">Des v\u00eatements athl\u00e9tiques confortables, des chaussures aquatiques ou des chaussures, vous pouvez mouiller, veste et l&rsquo;\u00e9cran solaire.<\/td>\n<\/tr>\n<tr style=\"height: 24px;\">\n<td style=\"width: 33.4963%; height: 48px;\">INCLUS<\/td>\n<td style=\"width: 33.0073%; height: 48px;\">Guide professionnel et encadrement<\/td>\n<td style=\"height: 48px;\">Kayak de mer tandem et pagaie<\/td>\n<\/tr>\n<tr style=\"height: 23px;\">\n<td style=\"width: 33.4963%; height: 23px;\"><\/td>\n<td style=\"width: 33.0073%; height: 23px;\">Veste de flottaison individuelle, VFI<\/td>\n<td style=\"height: 23px;\">Veste imperm\u00e9able de pagaie<\/td>\n<\/tr>\n<tr style=\"height: 23px;\">\n<td style=\"width: 33.4963%; height: 23px;\"><\/td>\n<td style=\"width: 33.0073%; height: 23px;\">Bouteilles d\u2019eau<\/td>\n<td style=\"height: 23px;\">Collations maison et boissons<\/td>\n<\/tr>\n<tr style=\"height: 95px;\">\n<td style=\"width: 33.4963%; height: 95px;\"><\/td>\n<td style=\"width: 33.0073%; height: 95px;\">\n<p data-start=\"447\" data-end=\"673\">Sacs \u00e9tanches pour effets personnels<\/p>\n<\/td>\n<td style=\"height: 95px;\"><em>Veuillez nous informer \u00e0 l\u2019avance de toute allergie aux noix ou au gluten afin que nous puissions pr\u00e9parer les collations en toute s\u00e9curit\u00e9.<\/em><\/td>\n<\/tr>\n<tr style=\"height: 55px;\">\n<td style=\"width: 33.4963%; height: 55px;\">NOS INCLUS<\/td>\n<td style=\"width: 33.0073%; height: 55px;\">\n<p data-start=\"447\" data-end=\"673\">Gants<\/p>\n<\/td>\n<td style=\"height: 55px;\">Combinaison isothermique ou v\u00eatements sp\u00e9cialis\u00e9s<\/td>\n<\/tr>\n<\/tbody>\n<\/table>\n<h3 data-start=\"1522\" data-end=\"1680\"><strong data-start=\"1522\" data-end=\"1532\">Tarifs<\/strong><\/h3>\n<ul>\n<li data-start=\"1522\" data-end=\"1680\">99 $ par adulte<\/li>\n<li data-start=\"1522\" data-end=\"1680\">90 $ par jeune, 12 \u00e0 16 ans, accompagn\u00e9 d\u2019un parent ou tuteur<\/li>\n<li data-start=\"1522\" data-end=\"1680\">329 $ pour une famille de quatre, deux adultes et deux jeunes<\/li>\n<\/ul>\n<p data-start=\"1682\" data-end=\"1724\">Les prix sont assujettis \u00e0 la TVH de 15 %.<\/p>\n<p><strong data-start=\"1731\" data-end=\"1740\">Dur\u00e9e<\/strong><br data-start=\"1740\" data-end=\"1743\" \/>Environ 3 \u00e0 3,5 heures au total, incluant l\u2019\u00e9quipement et une courte initiation sur la plage, suivis d\u2019environ trois heures d\u2019exploration guid\u00e9e en kayak.<\/p>\n<p><strong data-start=\"1904\" data-end=\"1924\">Heures de d\u00e9part<\/strong><br data-start=\"1924\" data-end=\"1927\" \/>Les heures varient chaque jour selon les mar\u00e9es. Toutes les excursions commencent \u00e0 notre base de kayak \u00e0 Alma.<\/p>\n<div class=\"fh-cal-container\"><script src=\"https:\/\/fareharbor.com\/embeds\/script\/calendar\/freshairadventure\/items\/209253\/?fallback=simple&flow=343407\"><\/script><\/div>\n<a href=\"https:\/\/fareharbor.com\/embeds\/book\/freshairadventure\/items\/209253\/calendar\/?flow=343407\" target=\"_blank\" onclick=\"FH.open({&#039;shortname&#039;:&#039;freshairadventure&#039;,&#039;view&#039;:{&#039;item&#039;:&#039;209253&#039;},&#039;fallback&#039;:&#039;simple&#039;,&#039;flow&#039;:&#039;343407&#039;}); return false;\" class=\"fh-button-2d-blue fh-icon--check-bubble fh-display--block fh-color--white\">R\u00e9servez Votre Tour<br \/>\n<\/a>\n","protected":false},"excerpt":{"rendered":"<p>Explorez les falaises rouges spectaculaires et les grottes marines de la baie de Fundy en kayak guid\u00e9 depuis Alma. Petits groupes, guides certifi\u00e9s, mar\u00e9es impressionnantes.<\/p>\n","protected":false},"featured_media":4250,"template":"","meta":{"_eb_attr":"","_monsterinsights_skip_tracking":false,"_monsterinsights_sitenote_active":false,"_monsterinsights_sitenote_note":"","_monsterinsights_sitenote_category":0},"product_brand":[],"product_cat":[85],"product_tag":[],"class_list":{"0":"post-2771","1":"product","2":"type-product","3":"status-publish","4":"has-post-thumbnail","6":"product_cat-sorti-de-jour","7":"tour_category-le-kayak","9":"first","10":"instock","11":"featured","12":"taxable","13":"shipping-taxable","14":"purchasable","15":"product-type-tour"},"aioseo_notices":[],"_links":{"self":[{"href":"https:\/\/freshairadventure.com\/fr\/wp-json\/wp\/v2\/product\/2771","targetHints":{"allow":["GET"]}}],"collection":[{"href":"https:\/\/freshairadventure.com\/fr\/wp-json\/wp\/v2\/product"}],"about":[{"href":"https:\/\/freshairadventure.com\/fr\/wp-json\/wp\/v2\/types\/product"}],"wp:featuredmedia":[{"embeddable":true,"href":"https:\/\/freshairadventure.com\/fr\/wp-json\/wp\/v2\/media\/4250"}],"wp:attachment":[{"href":"https:\/\/freshairadventure.com\/fr\/wp-json\/wp\/v2\/media?parent=2771"}],"wp:term":[{"taxonomy":"product_brand","embeddable":true,"href":"https:\/\/freshairadventure.com\/fr\/wp-json\/wp\/v2\/product_brand?post=2771"},{"taxonomy":"product_cat","embeddable":true,"href":"https:\/\/freshairadventure.com\/fr\/wp-json\/wp\/v2\/product_cat?post=2771"},{"taxonomy":"product_tag","embeddable":true,"href":"https:\/\/freshairadventure.com\/fr\/wp-json\/wp\/v2\/product_tag?post=2771"}],"curies":[{"name":"wp","href":"https:\/\/api.w.org\/{rel}","templated":true}]}}