{"id":4180,"date":"2020-06-15T19:38:11","date_gmt":"2020-06-15T19:38:11","guid":{"rendered":"https:\/\/freshairadventure.com\/product\/ebb-flow-evening-tour\/"},"modified":"2023-01-18T02:10:08","modified_gmt":"2023-01-18T02:10:08","slug":"pagaie-de-flux-et-reflux","status":"publish","type":"product","link":"https:\/\/freshairadventure.com\/fr\/tours\/pagaie-de-flux-et-reflux\/","title":{"rendered":"pagaie de flux et reflux"},"content":{"rendered":"<p>C&rsquo;est une chaude soir\u00e9e d&rsquo;\u00e9t\u00e9 et la mar\u00e9e monte. Quoi de mieux qu&rsquo;une pagaie lorsque les vents se sont d\u00e9tendus et que la lumi\u00e8re du d\u00e9but de soir\u00e9e est la plus belle?<\/p>\n<p><img loading=\"lazy\" decoding=\"async\" class=\"wp-image-2119 size-full aligncenter\" src=\"https:\/\/freshairadventure.com\/wp-content\/uploads\/2017\/05\/ALMA-AT-DUSK.jpg\" alt=\"\" width=\"600\" height=\"450\" \/><\/p>\n<p>&nbsp;<\/p>\n<p>\u00c9tant donn\u00e9 que les heures de mar\u00e9e varient autour d&rsquo;une heure par jour, la visite nocturne en flux et reflux n&rsquo;est pas toujours disponible. Quand il sera disponible, vous voudrez nous rejoindre! Au d\u00e9part de l&rsquo;estuaire du saumon sup\u00e9rieur avant de vous diriger vers la baie, vous pourrez profiter d&rsquo;une pagaie tranquille de 1,5 \u00e0 2 heures au tournant de la mar\u00e9e. Les eaux de la baie sont g\u00e9n\u00e9ralement les plus calmes au cr\u00e9puscule, et la lumi\u00e8re du d\u00e9but de soir\u00e9e peint la baie dans ses plus belles couleurs.<\/p>\n<p>&nbsp;<\/p>\n<p>&nbsp;<\/p>\n<table style=\"border-collapse: collapse; width: 99.5116%; height: 192px;\">\n<tbody>\n<tr style=\"height: 120px;\">\n<td style=\"width: 33.4963%; height: 120px;\">PORTEZ<\/td>\n<td style=\"width: 33.0073%; height: 120px;\" colspan=\"2\">Des v\u00eatements athl\u00e9tiques confortables, des chaussures aquatiques ou des chaussures, vous pouvez mouiller, veste et l&rsquo;\u00e9cran solaire.<\/td>\n<\/tr>\n<tr style=\"height: 24px;\">\n<td style=\"width: 33.4963%; height: 48px;\" rowspan=\"2\">INCLUS<\/td>\n<td style=\"width: 33.0073%; height: 24px;\"><i class=\"fa fa-check icon-tick icon-tick--on\"><\/i> Gilet de sauvetage \/ PFD<\/td>\n<td style=\"width: 33.2518%; height: 24px;\"><i class=\"fa fa-check icon-tick icon-tick--on\"><\/i> Veste de pluie de pagaie<\/td>\n<\/tr>\n<tr style=\"height: 24px;\">\n<td style=\"width: 33.0073%; height: 24px;\"><i class=\"fa fa-check icon-tick icon-tick--on\"><\/i> Bouteilles d&rsquo;eau<\/td>\n<td style=\"width: 33.2518%; height: 24px;\"><\/td>\n<\/tr>\n<tr style=\"height: 24px;\">\n<td style=\"width: 33.4963%; height: 24px;\">NON INCLUS<\/td>\n<td style=\"width: 33.0073%; height: 24px;\"><i class=\"fa fa-times icon-tick icon-tick--off\"><\/i> Gants<\/td>\n<td style=\"width: 33.2518%; height: 24px;\"><i class=\"fa fa-times icon-tick icon-tick--off\"><\/i> Combinaisons humides (pas besoin)<\/td>\n<\/tr>\n<\/tbody>\n<\/table>\n<p><strong>Co\u00fbt<\/strong>: 69,00 $ par person. Les co\u00fbts ne comprennent pas la TVH.<br \/>\n<strong>Calendrier<\/strong>: il s&rsquo;agit d&rsquo;un forfait de plus de 2 heures qui comprend l&rsquo;\u00e9quipement et une br\u00e8ve introduction \u00e0 la formation sur la terre ferme.<br \/>\n<strong>Heures de r\u00e9union:<\/strong> nos horaires changent quotidiennement (avec les mar\u00e9es). Toutes les visites Ebb &amp; Flow commencent et se terminent \u00e0 notre si\u00e8ge social de paddle \u00e0 Alma.<\/p>\n<p>&nbsp;<\/p>\n<a href=\"https:\/\/fareharbor.com\/embeds\/book\/freshairadventure\/items\/240375\/?full-items=yes&amp;flow=342664\" target=\"_blank\" onclick=\"FH.open({&#039;shortname&#039;:&#039;freshairadventure&#039;,&#039;view&#039;:{&#039;item&#039;:&#039;240375&#039;},&#039;fallback&#039;:&#039;simple&#039;,&#039;fullItems&#039;:&#039;yes&#039;,&#039;flow&#039;:&#039;342664&#039;}); return false;\" class=\"fh-button-2d-blue fh-icon--check-bubble fh-display--block fh-color--white\">Book online now!<\/a>\n","protected":false},"excerpt":{"rendered":"<p>What&rsquo;s better than a paddle when the winds have relaxed and the early-evening light is at its most beautiful?<\/p>\n","protected":false},"featured_media":2119,"template":"","meta":{"_eb_attr":"","_monsterinsights_skip_tracking":false,"_monsterinsights_sitenote_active":false,"_monsterinsights_sitenote_note":"","_monsterinsights_sitenote_category":0},"product_brand":[],"product_cat":[85],"product_tag":[126],"class_list":{"0":"post-4180","1":"product","2":"type-product","3":"status-publish","4":"has-post-thumbnail","6":"product_cat-sorti-de-jour","7":"product_tag-ebb-flow-fr","8":"tour_category-le-kayak","10":"first","11":"instock","12":"taxable","13":"shipping-taxable","14":"purchasable","15":"product-type-tour"},"aioseo_notices":[],"_links":{"self":[{"href":"https:\/\/freshairadventure.com\/fr\/wp-json\/wp\/v2\/product\/4180","targetHints":{"allow":["GET"]}}],"collection":[{"href":"https:\/\/freshairadventure.com\/fr\/wp-json\/wp\/v2\/product"}],"about":[{"href":"https:\/\/freshairadventure.com\/fr\/wp-json\/wp\/v2\/types\/product"}],"wp:featuredmedia":[{"embeddable":true,"href":"https:\/\/freshairadventure.com\/fr\/wp-json\/wp\/v2\/media\/2119"}],"wp:attachment":[{"href":"https:\/\/freshairadventure.com\/fr\/wp-json\/wp\/v2\/media?parent=4180"}],"wp:term":[{"taxonomy":"product_brand","embeddable":true,"href":"https:\/\/freshairadventure.com\/fr\/wp-json\/wp\/v2\/product_brand?post=4180"},{"taxonomy":"product_cat","embeddable":true,"href":"https:\/\/freshairadventure.com\/fr\/wp-json\/wp\/v2\/product_cat?post=4180"},{"taxonomy":"product_tag","embeddable":true,"href":"https:\/\/freshairadventure.com\/fr\/wp-json\/wp\/v2\/product_tag?post=4180"}],"curies":[{"name":"wp","href":"https:\/\/api.w.org\/{rel}","templated":true}]}}